{"id":21280,"date":"2025-07-11T11:53:23","date_gmt":"2025-07-11T11:53:23","guid":{"rendered":"https:\/\/yihui.store\/product\/stringa-di-mano-del-mouse-in-oro-viola-scultura-originale-del-seme-braccialetto-ottagonale-bodhi\/"},"modified":"2025-07-11T11:53:23","modified_gmt":"2025-07-11T11:53:23","slug":"stringa-di-mano-del-mouse-in-oro-viola-scultura-originale-del-seme-braccialetto-ottagonale-bodhi","status":"publish","type":"product","link":"https:\/\/yihui.store\/it\/prodotto\/stringa-di-mano-del-mouse-in-oro-viola-scultura-originale-del-seme-braccialetto-ottagonale-bodhi\/","title":{"rendered":"Stringa di mano del mouse in oro viola, scultura originale del seme, braccialetto ottagonale Bodhi"},"content":{"rendered":"<div id=\"offer-template-0\">Il Mouse Gold Violet otto lati mano stringa porta pi\u00f9 significati auspiciosi nella cultura Feng Shui. Il suo design unico (come la forma a otto lati) migliora l&#8217;effetto di concentrazione energetica, combinando saggezza tradizionale con applicazioni moderne,<br \/>\nLa funzione di attirare ricchezza e raccogliere qi: L&#8217;aspetto del topo d&#8217;oro viola assomiglia a quello del topo sputando tesoro buddista tibetano, simboleggiando l&#8217;accumulo di ricchezza e la frugalit\u00e0, particolarmente adatto per scenari aziendali o di investimento; La struttura ottagonale migliora la stabilit\u00e0 dell&#8217;aura, ed \u00e8 consigliabile posizionarla nella posizione finanziaria del negozio o indossarla sulla mano sinistra per attivare il modello &#8220;cintura di giada intorno alla vita&#8221; per attirare la ricchezza. \u200c<br \/>\nFunzione di respingere il male e proteggersi: il design dell&#8217;occhio del topo a tre occhi rappresenta l&#8217;occhio della saggezza, che pu\u00f2 vedere attraverso le persone piccole e assorbire energia negativa; In combinazione con bordi ottagonali, pu\u00f2 disperdere energia negativa come &#8220;ventilazione incrociata&#8221;. Pu\u00f2 essere appeso o indossato indipendentemente all&#8217;ingresso per formare una barriera protettiva.<br \/>\nEquilibrio dei Cinque Elementi e Compatibilit\u00e0 con i Signi dello Zodiaco: Rat Violet e Gold appartengono all&#8217;elemento Wood Fire (semi di legno combinati con lucentezza rossa viola), mentre Eight Edges appartengono all&#8217;elemento Gold (linee dure), formando un ciclo di &#8220;legno genera fuoco, fuoco supera oro&#8221;, particolarmente adatto a coloro nati nella Tigre, Serpente e Scimmia, migliorando la loro capacit\u00e0 di svolta professionale; Indossarlo pu\u00f2 stabilizzare la fortuna di coloro che sono nati nell&#8217;Anno del Rato.<br \/>\nMiglioramento della salute e della saggezza: Simbolizzando vitalit\u00e0 e illuminazione, il processo di patina a lungo termine (diventando rosso viola) fa eco alla &#8220;sedimentazione del tempo&#8221; e migliora la comprensione del processo decisionale. \u200c<\/div>\n<div style=\"text-align: center;\"><\/div>\n<div style=\"text-align: center;\"><img data-recalc-dims=\"1\" decoding=\"async\" style=\"width: 100.0%;\" src=\"https:\/\/i0.wp.com\/yihui.store\/wp-content\/uploads\/2025\/07\/O1CN015rbQaw1GMyH9QyLZ1_2220051510609-0-cib.jpg?ssl=1\"><\/div>\n<div style=\"text-align: center;\"><img data-recalc-dims=\"1\" decoding=\"async\" style=\"width: 100.0%;\" src=\"https:\/\/i0.wp.com\/yihui.store\/wp-content\/uploads\/2025\/07\/O1CN01mbcFMe1GMyH8ukgrk_2220051510609-0-cib.jpg?ssl=1\"><\/div>\n<div style=\"text-align: center;\"><img data-recalc-dims=\"1\" decoding=\"async\" style=\"width: 100.0%;\" src=\"https:\/\/i0.wp.com\/yihui.store\/wp-content\/uploads\/2025\/07\/O1CN019VdEfR1GMyH8un2Qb_2220051510609-0-cib.jpg?ssl=1\"><\/div>\n<div style=\"text-align: center;\"><img data-recalc-dims=\"1\" decoding=\"async\" style=\"width: 100.0%;\" src=\"https:\/\/i0.wp.com\/yihui.store\/wp-content\/uploads\/2025\/07\/O1CN012fq6Vw1GMyH70dpdv_2220051510609-0-cib.jpg?ssl=1\"><\/div>\n<div style=\"text-align: center;\"><img data-recalc-dims=\"1\" decoding=\"async\" style=\"width: 100.0%;\" src=\"https:\/\/i0.wp.com\/yihui.store\/wp-content\/uploads\/2025\/07\/O1CN01cdmLPc1GMyH9GcCGC_2220051510609-0-cib.jpg?ssl=1\"><\/div>\n<div style=\"text-align: center;\"><img data-recalc-dims=\"1\" decoding=\"async\" style=\"width: 100.0%;\" src=\"https:\/\/i0.wp.com\/yihui.store\/wp-content\/uploads\/2025\/07\/O1CN012jGfcf1GMyH8ayBkI_2220051510609-0-cib.jpg?ssl=1\"><\/div>\n<div style=\"text-align: center;\"><img data-recalc-dims=\"1\" decoding=\"async\" style=\"width: 100.0%;\" src=\"https:\/\/i0.wp.com\/yihui.store\/wp-content\/uploads\/2025\/07\/O1CN01kyUxfR1GMyH8ag0ID_2220051510609-0-cib.jpg?ssl=1\"><\/div>\n<div style=\"text-align: center;\"><img data-recalc-dims=\"1\" decoding=\"async\" style=\"width: 100.0%;\" src=\"https:\/\/i0.wp.com\/yihui.store\/wp-content\/uploads\/2025\/07\/O1CN01rVCt0r1GMyH7Si5vI_2220051510609-0-cib.jpg?ssl=1\"><\/div>\n<div style=\"text-align: center;\"><\/div>\n","protected":false},"excerpt":{"rendered":"<p>Il Mouse Gold Violet otto lati mano stringa porta pi\u00f9 significati auspiciosi nella cultura Feng Shui. Il suo design unico<\/p>\n","protected":false},"featured_media":21369,"comment_status":"open","ping_status":"closed","template":"","meta":[],"product_brand":[],"product_cat":[275],"product_tag":[],"class_list":{"0":"post-21280","1":"product","2":"type-product","3":"status-publish","4":"has-post-thumbnail","6":"product_cat-amulets-charms-it","8":"first","9":"instock","10":"sale","11":"taxable","12":"shipping-taxable","13":"purchasable","14":"product-type-variable"},"_links":{"self":[{"href":"https:\/\/yihui.store\/it\/wp-json\/wp\/v2\/product\/21280","targetHints":{"allow":["GET"]}}],"collection":[{"href":"https:\/\/yihui.store\/it\/wp-json\/wp\/v2\/product"}],"about":[{"href":"https:\/\/yihui.store\/it\/wp-json\/wp\/v2\/types\/product"}],"replies":[{"embeddable":true,"href":"https:\/\/yihui.store\/it\/wp-json\/wp\/v2\/comments?post=21280"}],"version-history":[{"count":0,"href":"https:\/\/yihui.store\/it\/wp-json\/wp\/v2\/product\/21280\/revisions"}],"wp:featuredmedia":[{"embeddable":true,"href":"https:\/\/yihui.store\/it\/wp-json\/wp\/v2\/media\/21369"}],"wp:attachment":[{"href":"https:\/\/yihui.store\/it\/wp-json\/wp\/v2\/media?parent=21280"}],"wp:term":[{"taxonomy":"product_brand","embeddable":true,"href":"https:\/\/yihui.store\/it\/wp-json\/wp\/v2\/product_brand?post=21280"},{"taxonomy":"product_cat","embeddable":true,"href":"https:\/\/yihui.store\/it\/wp-json\/wp\/v2\/product_cat?post=21280"},{"taxonomy":"product_tag","embeddable":true,"href":"https:\/\/yihui.store\/it\/wp-json\/wp\/v2\/product_tag?post=21280"}],"curies":[{"name":"wp","href":"https:\/\/api.w.org\/{rel}","templated":true}]}}