{"id":12380,"date":"2025-07-29T06:28:13","date_gmt":"2025-07-29T06:28:13","guid":{"rendered":"https:\/\/yihui.store\/strategia-di-rimborso-e-restituzione\/"},"modified":"2025-08-14T02:10:21","modified_gmt":"2025-08-14T02:10:21","slug":"strategia-di-rimborso-e-restituzione","status":"publish","type":"page","link":"https:\/\/yihui.store\/it\/strategia-di-rimborso-e-restituzione\/","title":{"rendered":"Strategia di rimborso e restituzione"},"content":{"rendered":"\t\t<div data-elementor-type=\"wp-page\" data-elementor-id=\"12380\" class=\"elementor elementor-12380 elementor-7558\">\n\t\t\t\t<div class=\"wd-negative-gap elementor-element elementor-element-00ad8bc e-flex e-con-boxed e-con e-parent\" data-id=\"00ad8bc\" data-element_type=\"container\" data-e-type=\"container\">\n\t\t\t\t\t<div class=\"e-con-inner\">\n\t\t\t\t<div class=\"elementor-element elementor-element-dbb11a3 elementor-widget elementor-widget-wd_text_block\" data-id=\"dbb11a3\" data-element_type=\"widget\" data-e-type=\"widget\" data-widget_type=\"wd_text_block.default\">\n\t\t\t\t<div class=\"elementor-widget-container\">\n\t\t\t\t\t\t\t<div class=\"wd-text-block reset-last-child text-left\">\n\t\t\t\n\t\t\t<h3>Panoramica<\/h3>\nLa nostra politica di rimborso e restituzione dura 30 giorni. Se sono trascorsi 30 giorni dall'acquisto, non possiamo offrirti un rimborso completo o uno scambio. \n\nPer essere idonei a un ritorno, il tuo articolo deve essere inutilizzato e nello stesso stato in cui l'hai ricevuto. \n<h2>Rimborsi<\/h2>\nUna volta ricevuto e ispezionato il tuo reso, ti invieremo un'email per informarti che abbiamo ricevuto l'articolo restituito. Vi informeremo inoltre dell'approvazione o del rifiuto del rimborso. \n\nSe sei approvato, il rimborso verr\u00e0 elaborato e un credito verr\u00e0 automaticamente applicato alla tua carta di credito o al metodo di pagamento originale, entro una certa quantit\u00e0 di giorni.\n\n<b>Rimborsi in ritardo o mancanti<\/b>\n\nSe non hai ancora ricevuto un rimborso, prima controlla nuovamente il tuo conto bancario.\n\nPoi contatta la tua compagnia di carta di credito, potrebbe richiedere un po 'di tempo prima che il tuo rimborso sia ufficialmente pubblicato.\n\nContatta la tua banca. Spesso ci sono tempi di elaborazione prima che un rimborso venga pubblicato. \n\nSe hai fatto tutto questo e non hai ancora ricevuto il rimborso, contattaci via email.\n\n<b>Articoli in vendita<\/b>\n\nSolo gli articoli a prezzo regolare possono essere rimborsati. Gli articoli in vendita non possono essere rimborsati. \n<h2>Scambi<\/h2>\nSostituiamo gli articoli solo se sono difettosi o danneggiati. Se avete bisogno di scambiarlo per lo stesso articolo, inviateci una email. \n<h2>Regali<\/h2>\nSe l'articolo \u00e8 stato contrassegnato come regalo quando \u00e8 stato acquistato e spedito direttamente a te, riceverai un credito regalo per il valore del tuo ritorno. Una volta ricevuto l'articolo restituito, ti verr\u00e0 inviato un certificato regalo. \n\nSe l'articolo non \u00e8 stato contrassegnato come regalo al momento dell'acquisto, o il donatore del regalo ha spedito l'ordine a se stesso per darti in seguito, invieremo un rimborso al donatore del regalo e scopriranno il tuo ritorno.\n<h2>Spedizione restituzioni<\/h2>\nPer restituire il tuo prodotto, dovresti inviare il tuo prodotto al nostro indirizzo aziendale\n\nSarete responsabili del pagamento delle vostre spese di spedizione per la restituzione del vostro articolo. Le spese di spedizione non sono rimborsabili. Se ricevi un rimborso, il costo della spedizione di ritorno sar\u00e0 detratto dal tuo rimborso.  \n\nA seconda di dove vivi, il tempo necessario per il tuo prodotto scambiato pu\u00f2 variare.\n\nSe stai restituendo articoli pi\u00f9 costosi, puoi considerare l'utilizzo di un servizio di spedizione tracciabile o l'acquisto di un'assicurazione di spedizione. Non garantiamo che riceveremo il vostro articolo restituito. \n<h2>Hai bisogno di aiuto?<\/h2>\nContattaci via email per domande relative ai rimborsi e ai resi.\n\t\t\t\t\t<\/div>\n\t\t\t\t\t\t<\/div>\n\t\t\t\t<\/div>\n\t\t\t\t\t<\/div>\n\t\t\t\t<\/div>\n\t\t\t\t<\/div>\n\t\t","protected":false},"excerpt":{"rendered":"<p>Panoramica La nostra politica di rimborso e restituzione dura 30 giorni. Se sono trascorsi 30 giorni dall&#8217;acquisto, non possiamo offrirti<\/p>\n","protected":false},"author":1,"featured_media":0,"parent":0,"menu_order":0,"comment_status":"closed","ping_status":"closed","template":"elementor_header_footer","meta":{"footnotes":""},"class_list":["post-12380","page","type-page","status-publish","hentry"],"_links":{"self":[{"href":"https:\/\/yihui.store\/it\/wp-json\/wp\/v2\/pages\/12380","targetHints":{"allow":["GET"]}}],"collection":[{"href":"https:\/\/yihui.store\/it\/wp-json\/wp\/v2\/pages"}],"about":[{"href":"https:\/\/yihui.store\/it\/wp-json\/wp\/v2\/types\/page"}],"author":[{"embeddable":true,"href":"https:\/\/yihui.store\/it\/wp-json\/wp\/v2\/users\/1"}],"replies":[{"embeddable":true,"href":"https:\/\/yihui.store\/it\/wp-json\/wp\/v2\/comments?post=12380"}],"version-history":[{"count":1,"href":"https:\/\/yihui.store\/it\/wp-json\/wp\/v2\/pages\/12380\/revisions"}],"predecessor-version":[{"id":12381,"href":"https:\/\/yihui.store\/it\/wp-json\/wp\/v2\/pages\/12380\/revisions\/12381"}],"wp:attachment":[{"href":"https:\/\/yihui.store\/it\/wp-json\/wp\/v2\/media?parent=12380"}],"curies":[{"name":"wp","href":"https:\/\/api.w.org\/{rel}","templated":true}]}}