{"id":12232,"date":"2025-07-29T06:24:42","date_gmt":"2025-07-29T06:24:42","guid":{"rendered":"https:\/\/yihui.store\/methode-de-paiement\/"},"modified":"2025-08-13T08:00:55","modified_gmt":"2025-08-13T08:00:55","slug":"methode-de-paiement","status":"publish","type":"page","link":"https:\/\/yihui.store\/it\/methode-de-paiement\/","title":{"rendered":"Metodo di pagamento"},"content":{"rendered":"\t\t<div data-elementor-type=\"wp-page\" data-elementor-id=\"12232\" class=\"elementor elementor-12232 elementor-7548\">\n\t\t\t\t<div class=\"wd-negative-gap elementor-element elementor-element-00ad8bc e-flex e-con-boxed e-con e-parent\" data-id=\"00ad8bc\" data-element_type=\"container\" data-e-type=\"container\">\n\t\t\t\t\t<div class=\"e-con-inner\">\n\t\t\t\t<div class=\"elementor-element elementor-element-dbb11a3 elementor-widget elementor-widget-wd_text_block\" data-id=\"dbb11a3\" data-element_type=\"widget\" data-e-type=\"widget\" data-widget_type=\"wd_text_block.default\">\n\t\t\t\t<div class=\"elementor-widget-container\">\n\t\t\t\t\t\t\t<div class=\"wd-text-block reset-last-child text-left\">\n\t\t\t\n\t\t\t<h2><\/h2>\n<h2>1 Metodo di pagamento<\/h2>\nForniamo agli utenti pi\u00f9 metodi di pagamento sicuri e convenienti per soddisfare le esigenze di diversi utenti. Puoi scegliere uno o pi\u00f9 dei seguenti metodi di pagamento: Pagamento online: supporta carte di credito, carte di debito e piattaforme di pagamento di terze parti (paypal, stripe) per il pagamento online. Nella pagina di pagamento, \u00e8 sufficiente selezionare il metodo di pagamento corrispondente e seguire le indicazioni per completare l'operazione di pagamento. Bonifico bancario: se preferisci utilizzare il bonifico bancario, forniremo informazioni dettagliate sul conto bancario sulla pagina di regolamento. Si prega di compilare accuratamente le informazioni del destinatario durante il trasferimento e conservare il voucher di trasferimento per un facile riferimento. Altri metodi di pagamento: di tanto in tanto possiamo introdurre altri metodi di pagamento, come valuta virtuale, carte regalo, ecc. Si prega di fare riferimento alla pagina di regolamento per i metodi di pagamento specifici che possono essere utilizzati.      \n<h2>2 Sicurezza dei pagamenti<\/h2>\nAttribuiamo grande importanza alla sicurezza dei pagamenti dei nostri utenti e abbiamo adottato varie misure di sicurezza per garantire la sicurezza dei vostri fondi: Password di pagamento: Per i metodi di pagamento che richiedono l'inserimento di una password, utilizziamo la tecnologia di crittografia per proteggere le informazioni della password, assicurandoci che non vengano trapelate durante la trasmissione e la memorizzazione. Identificazione e prevenzione del rischio: condurremo una valutazione del rischio su ogni transazione e, per le sospette transazioni fraudolente o anormali, condurremo una revisione manuale o prenderemo altre misure necessarie. Garanzia della reputazione degli istituti cooperativi: collaboriamo con pi\u00f9 istituti di pagamento ben noti per garantire la stabilit\u00e0 e l'affidabilit\u00e0 dei servizi di pagamento.  \n<h2>3\u3001Conferma del pagamento e rimborso<\/h2>\nConferma del pagamento: Dopo il pagamento, riceverete una notifica del pagamento. Nel frattempo, \u00e8 possibile controllare lo stato del pagamento sulla pagina degli ordini di questo sito web. Politica di rimborso: se il servizio non viene fornito come convenuto per motivi su questo sito, emetteremo un rimborso in base al tuo metodo di pagamento. Si prega di fare riferimento alla politica di rimborso su questo sito web per il processo di rimborso specifico e l'orario.   \n<h2>4 Precauzioni<\/h2>\nQuando effettuate operazioni di pagamento, assicuratevi che il conto di pagamento utilizzato disponga di fondi sufficienti per evitare errori di pagamento. Si prega di mantenere al sicuro le informazioni sensibili come le password di pagamento e i codici di verifica e non rivelarle ad altri. Se incontri problemi di pagamento, contatta tempestivamente il nostro personale del servizio clienti e saremo felici di risolvere il problema per te. Si prega di leggere attentamente e comprendere questo metodo di pagamento per garantire un processo di pagamento fluido. Se avete domande o suggerimenti, non esitate a contattarci in qualsiasi momento. Grazie per il vostro sostegno e la fiducia!     \n\t\t\t\t\t<\/div>\n\t\t\t\t\t\t<\/div>\n\t\t\t\t<\/div>\n\t\t\t\t\t<\/div>\n\t\t\t\t<\/div>\n\t\t\t\t<\/div>\n\t\t","protected":false},"excerpt":{"rendered":"<p>1 Metodo di pagamento Forniamo agli utenti pi\u00f9 metodi di pagamento sicuri e convenienti per soddisfare le esigenze di diversi<\/p>\n","protected":false},"author":1,"featured_media":0,"parent":0,"menu_order":0,"comment_status":"closed","ping_status":"closed","template":"elementor_header_footer","meta":{"footnotes":""},"class_list":["post-12232","page","type-page","status-publish","hentry"],"_links":{"self":[{"href":"https:\/\/yihui.store\/it\/wp-json\/wp\/v2\/pages\/12232","targetHints":{"allow":["GET"]}}],"collection":[{"href":"https:\/\/yihui.store\/it\/wp-json\/wp\/v2\/pages"}],"about":[{"href":"https:\/\/yihui.store\/it\/wp-json\/wp\/v2\/types\/page"}],"author":[{"embeddable":true,"href":"https:\/\/yihui.store\/it\/wp-json\/wp\/v2\/users\/1"}],"replies":[{"embeddable":true,"href":"https:\/\/yihui.store\/it\/wp-json\/wp\/v2\/comments?post=12232"}],"version-history":[{"count":3,"href":"https:\/\/yihui.store\/it\/wp-json\/wp\/v2\/pages\/12232\/revisions"}],"predecessor-version":[{"id":12235,"href":"https:\/\/yihui.store\/it\/wp-json\/wp\/v2\/pages\/12232\/revisions\/12235"}],"wp:attachment":[{"href":"https:\/\/yihui.store\/it\/wp-json\/wp\/v2\/media?parent=12232"}],"curies":[{"name":"wp","href":"https:\/\/api.w.org\/{rel}","templated":true}]}}