{"id":12119,"date":"2025-07-29T06:29:31","date_gmt":"2025-07-29T06:29:31","guid":{"rendered":"https:\/\/yihui.store\/condizioni-di-servizio\/"},"modified":"2025-08-13T03:14:01","modified_gmt":"2025-08-13T03:14:01","slug":"condizioni-di-servizio","status":"publish","type":"page","link":"https:\/\/yihui.store\/it\/condizioni-di-servizio\/","title":{"rendered":"Condizioni di servizio"},"content":{"rendered":"\t\t<div data-elementor-type=\"wp-page\" data-elementor-id=\"12119\" class=\"elementor elementor-12119 elementor-7563\">\n\t\t\t\t<div class=\"wd-negative-gap elementor-element elementor-element-00ad8bc e-flex e-con-boxed e-con e-parent\" data-id=\"00ad8bc\" data-element_type=\"container\" data-e-type=\"container\">\n\t\t\t\t\t<div class=\"e-con-inner\">\n\t\t\t\t<div class=\"elementor-element elementor-element-dbb11a3 elementor-widget elementor-widget-wd_text_block\" data-id=\"dbb11a3\" data-element_type=\"widget\" data-e-type=\"widget\" data-widget_type=\"wd_text_block.default\">\n\t\t\t\t<div class=\"elementor-widget-container\">\n\t\t\t\t\t\t\t<div class=\"wd-text-block reset-last-child text-left\">\n\t\t\t\n\t\t\t<h2>Condizioni di servizio<\/h2>\n<h2>1, Panoramica<\/h2>\nBenvenuti a visitare e utilizzare i servizi forniti da [<span id=\"domain-display\"><\/span><script>  \n    var domain = window.location.hostname;  \n    var domainDisplayElement = document.getElementById('domain-display');  \n    domainDisplayElement.textContent = domain;  <\/script>]. Si prega di leggere attentamente questi Termini di servizio prima di procedere. Utilizzando questo sito web e i relativi servizi, riconosci e accetti tutti i termini e le condizioni in questi Termini di Servizio. Se non sei d'accordo con questi termini, ti preghiamo di non utilizzare i servizi forniti su questo sito.\n<h2>2 Qualificazione dell'utente<\/h2>\nI servizi forniti su questo sito sono aperti solo a persone adulte con qualifica legale. Gli utenti di et\u00e0 inferiore ai 18 anni devono utilizzare i servizi di questo sito web con l'accompagnamento dei loro tutori. Inoltre, \u00e8 necessario assicurarsi di rispettare le leggi e i regolamenti del vostro paese o regione quando si utilizzano i servizi di questo sito web.  \n<h2>3\u3001Contenuto del servizio<\/h2>\nimpegnato a fornire agli utenti contenuti specifici del servizio. Possiamo aggiornare o modificare il contenuto del servizio in qualsiasi momento senza preavviso agli utenti. Si prega di tenere d'occhio le ultime informazioni su questo sito.  \n<h2>4\u3001Codice di condotta dell'utente<\/h2>\nQuando utilizzi i servizi di questo sito, dovresti rispettare il seguente codice di condotta: Rispettare tutte le leggi e i regolamenti applicabili; Non pubblicare, diffondere o condividere informazioni illegali, oscene, insultante, diffamatorie, attacchi dannosi o altre informazioni dannose; Non violare la propriet\u00e0 intellettuale, la privacy o altri diritti e interessi legittimi di altri; Non impegnarsi in alcuna forma di frode, concorrenza dannosa o altro comportamento che danneggi gli interessi di questo sito o di altri utenti; Non utilizzare i servizi di questo sito per attivit\u00e0 illegali.\n<h2>5 Propriet\u00e0 intellettuale<\/h2>\nTutti i contenuti di questo sito web (inclusi ma non limitati a testi, immagini, audio, video, ecc.) sono protetti da leggi e regolamenti sulla propriet\u00e0 intellettuale. Nessuno \u00e8 autorizzato a copiare, riprodurre, utilizzare o altrimenti violare i diritti di propriet\u00e0 intellettuale di questo sito web. \n<h2>6 Disclaimer di responsabilit\u00e0<\/h2>\nQuesto sito web non \u00e8 responsabile per interruzioni di servizio o perdita di dati causate da fattori di forza maggiore come guasti di rete, manutenzione del sistema, attacchi da virus, ecc. Questo sito web non garantisce l'accuratezza, la completezza o la tempestivit\u00e0 delle informazioni pubblicate dagli utenti, e gli utenti sono responsabili di eventuali rischi derivanti dalla loro affidamento su queste informazioni; Non siamo responsabili di eventuali perdite subite dagli utenti durante l'uso dei nostri servizi web.\n<h2>7. Informativa sulla privacy<\/h2>\nRispettiamo e proteggiamo i diritti sulla privacy degli utenti. Si prega di fare riferimento alla politica sulla privacy di questo sito web per capire come raccogliamo, usiamo e proteggiamo le vostre informazioni personali. \n<h2>8\u3001Modifica e terminazione del servizio<\/h2>\nQuesto sito web ha il diritto di modificare o terminare i servizi in qualsiasi momento senza preavviso agli utenti; Se si violano questi termini di servizio, questo sito web ha il diritto di interrompere immediatamente il servizio e cancellare le informazioni pertinenti.\n<h2>9\u3001Applicazione della legge e risoluzione delle controversie<\/h2>\nL'interpretazione, l'esecuzione e la risoluzione delle controversie di questi termini di servizio sono regolati dalle leggi e dai regolamenti della Repubblica Popolare Cinese. Eventuali controversie derivanti dall\u2019utilizzo dei servizi di questo sito web saranno risolte attraverso una consultazione amichevole tra entrambe le parti; Se i negoziati falliscono, entrambe le parti hanno il diritto di presentare una causa alla corte popolare con giurisdizione. \n<h2>10 Altri<\/h2>\nQuesti termini di servizio entreranno in vigore dalla data di pubblicazione, e eventuali modifiche saranno annunciate su questo sito web; I diritti di interpretazione finale di questi termini di servizio appartengono. Si prega di leggere attentamente e comprendere questi termini di servizio per assicurarsi che i tuoi diritti siano protetti. Se avete domande o suggerimenti durante l'uso dei nostri servizi web, non esitate a contattarci in qualsiasi momento. Grazie per il vostro sostegno e la fiducia!   \n\t\t\t\t\t<\/div>\n\t\t\t\t\t\t<\/div>\n\t\t\t\t<\/div>\n\t\t\t\t\t<\/div>\n\t\t\t\t<\/div>\n\t\t\t\t<\/div>\n\t\t","protected":false},"excerpt":{"rendered":"<p>Condizioni di servizio 1, Panoramica Benvenuti a visitare e utilizzare i servizi forniti da []. Si prega di leggere attentamente<\/p>\n","protected":false},"author":1,"featured_media":0,"parent":0,"menu_order":0,"comment_status":"closed","ping_status":"closed","template":"elementor_header_footer","meta":{"footnotes":""},"class_list":["post-12119","page","type-page","status-publish","hentry"],"_links":{"self":[{"href":"https:\/\/yihui.store\/it\/wp-json\/wp\/v2\/pages\/12119","targetHints":{"allow":["GET"]}}],"collection":[{"href":"https:\/\/yihui.store\/it\/wp-json\/wp\/v2\/pages"}],"about":[{"href":"https:\/\/yihui.store\/it\/wp-json\/wp\/v2\/types\/page"}],"author":[{"embeddable":true,"href":"https:\/\/yihui.store\/it\/wp-json\/wp\/v2\/users\/1"}],"replies":[{"embeddable":true,"href":"https:\/\/yihui.store\/it\/wp-json\/wp\/v2\/comments?post=12119"}],"version-history":[{"count":1,"href":"https:\/\/yihui.store\/it\/wp-json\/wp\/v2\/pages\/12119\/revisions"}],"predecessor-version":[{"id":12120,"href":"https:\/\/yihui.store\/it\/wp-json\/wp\/v2\/pages\/12119\/revisions\/12120"}],"wp:attachment":[{"href":"https:\/\/yihui.store\/it\/wp-json\/wp\/v2\/media?parent=12119"}],"curies":[{"name":"wp","href":"https:\/\/api.w.org\/{rel}","templated":true}]}}