{"id":21698,"date":"2025-07-11T11:47:03","date_gmt":"2025-07-11T11:47:03","guid":{"rendered":"https:\/\/yihui.store\/product\/double-cercle-bodhi-main-corde\/"},"modified":"2025-07-11T11:47:03","modified_gmt":"2025-07-11T11:47:03","slug":"double-cercle-bodhi-main-corde","status":"publish","type":"product","link":"https:\/\/yihui.store\/fr\/produit\/double-cercle-bodhi-main-corde\/","title":{"rendered":"Double cercle Bodhi main corde"},"content":{"rendered":"<div id=\"offer-template-0\"><\/div>\n<p><img data-recalc-dims=\"1\" fetchpriority=\"high\" decoding=\"async\" class=\"alignnone wp-image-5903 size-full\" src=\"https:\/\/i0.wp.com\/yihui.store\/wp-content\/uploads\/2025\/07\/%E6%9C%AA%E6%A0%87%E9%A2%98-15-1.jpg?resize=800%2C1200&#038;ssl=1\" alt=\"\" width=\"800\" height=\"1200\"><\/p>\n<p><img data-recalc-dims=\"1\" decoding=\"async\" class=\"alignnone wp-image-5914 size-full\" src=\"https:\/\/i0.wp.com\/yihui.store\/wp-content\/uploads\/2025\/07\/%E6%9C%AA%E6%A0%87%E9%A2%98-161.jpg?resize=800%2C518&#038;ssl=1\" alt=\"\" width=\"800\" height=\"518\"><\/p>\n<p><img data-recalc-dims=\"1\" decoding=\"async\" class=\"alignnone wp-image-5980 size-full\" src=\"https:\/\/i0.wp.com\/yihui.store\/wp-content\/uploads\/2025\/07\/%E6%9C%AA%E6%A0%87%E9%A2%98-221.jpg?resize=800%2C378&#038;ssl=1\" alt=\"\" width=\"800\" height=\"378\"><\/p>\n<p><img data-recalc-dims=\"1\" loading=\"lazy\" decoding=\"async\" class=\"alignnone wp-image-5892 size-full\" src=\"https:\/\/i0.wp.com\/yihui.store\/wp-content\/uploads\/2025\/07\/%E6%9C%AA%E6%A0%87%E9%A2%98-141.jpg?resize=800%2C920&#038;ssl=1\" alt=\"\" width=\"800\" height=\"920\"><\/p>\n<p><img data-recalc-dims=\"1\" loading=\"lazy\" decoding=\"async\" class=\"alignnone wp-image-5936 size-full\" src=\"https:\/\/i0.wp.com\/yihui.store\/wp-content\/uploads\/2025\/07\/%E6%9C%AA%E6%A0%87%E9%A2%98-171-1.jpg?resize=800%2C947&#038;ssl=1\" alt=\"\" width=\"800\" height=\"947\"><\/p>\n<p><img data-recalc-dims=\"1\" loading=\"lazy\" decoding=\"async\" class=\"alignnone wp-image-5892 size-full\" src=\"https:\/\/i0.wp.com\/yihui.store\/wp-content\/uploads\/2025\/07\/%E6%9C%AA%E6%A0%87%E9%A2%98-141.jpg?resize=800%2C920&#038;ssl=1\" alt=\"\" width=\"800\" height=\"920\"><\/p>\n<p><img data-recalc-dims=\"1\" loading=\"lazy\" decoding=\"async\" class=\"alignnone wp-image-5947 size-full\" src=\"https:\/\/i0.wp.com\/yihui.store\/wp-content\/uploads\/2025\/07\/%E6%9C%AA%E6%A0%87%E9%A2%98-191.jpg?resize=800%2C923&#038;ssl=1\" alt=\"\" width=\"800\" height=\"923\"><\/p>\n<p><img data-recalc-dims=\"1\" loading=\"lazy\" decoding=\"async\" class=\"alignnone wp-image-5958 size-full\" src=\"https:\/\/i0.wp.com\/yihui.store\/wp-content\/uploads\/2025\/07\/%E6%9C%AA%E6%A0%87%E9%A2%98-201.jpg?resize=800%2C1170&#038;ssl=1\" alt=\"\" width=\"800\" height=\"1170\"><\/p>\n<p><img data-recalc-dims=\"1\" loading=\"lazy\" decoding=\"async\" class=\"alignnone wp-image-5969 size-full\" src=\"https:\/\/i0.wp.com\/yihui.store\/wp-content\/uploads\/2025\/07\/%E6%9C%AA%E6%A0%87%E9%A2%98-21-2.jpg?resize=800%2C1200&#038;ssl=1\" alt=\"\" width=\"800\" height=\"1200\"><\/p>\n<p><img data-recalc-dims=\"1\" loading=\"lazy\" decoding=\"async\" class=\"alignnone wp-image-5881 size-full\" src=\"https:\/\/i0.wp.com\/yihui.store\/wp-content\/uploads\/2025\/07\/%E6%9C%AA%E6%A0%87%E9%A2%98-131-1.jpg?resize=800%2C287&#038;ssl=1\" alt=\"\" width=\"800\" height=\"287\"><\/p>\n<p><img data-recalc-dims=\"1\" loading=\"lazy\" decoding=\"async\" class=\"wp-image-5870 size-full\" src=\"https:\/\/i0.wp.com\/yihui.store\/wp-content\/uploads\/2025\/07\/%E6%9C%AA%E6%A0%87%E9%A2%98-131.jpg?resize=800%2C916&#038;ssl=1\" alt=\"Feng Shui\" width=\"800\" height=\"916\"><\/p>\n<p><img data-recalc-dims=\"1\" loading=\"lazy\" decoding=\"async\" class=\"alignnone wp-image-5892 size-full\" src=\"https:\/\/i0.wp.com\/yihui.store\/wp-content\/uploads\/2025\/07\/%E6%9C%AA%E6%A0%87%E9%A2%98-141.jpg?resize=800%2C920&#038;ssl=1\" alt=\"\" width=\"800\" height=\"920\"><\/p>\n<p><img data-recalc-dims=\"1\" loading=\"lazy\" decoding=\"async\" class=\"alignnone wp-image-5991\" src=\"https:\/\/i0.wp.com\/yihui.store\/wp-content\/uploads\/2025\/07\/%E6%9C%AA%E6%A0%87%E9%A2%98-243.jpg?resize=794%2C1191&#038;ssl=1\" alt=\"\" width=\"794\" height=\"1191\"> <img data-recalc-dims=\"1\" loading=\"lazy\" decoding=\"async\" class=\"alignnone wp-image-6013 size-full\" src=\"https:\/\/i0.wp.com\/yihui.store\/wp-content\/uploads\/2025\/07\/%E6%9C%AA%E6%A0%87%E9%A2%98-24-1.jpg?resize=800%2C1200&#038;ssl=1\" alt=\"\" width=\"800\" height=\"1200\"> <img data-recalc-dims=\"1\" loading=\"lazy\" decoding=\"async\" class=\"alignnone wp-image-6024 size-full\" src=\"https:\/\/i0.wp.com\/yihui.store\/wp-content\/uploads\/2025\/07\/%E6%9C%AA%E6%A0%87%E9%A2%98-25-1.jpg?resize=800%2C1200&#038;ssl=1\" alt=\"\" width=\"800\" height=\"1200\"><\/p>\n<p>&nbsp;<\/p>\n<table>\n<thead>\n<tr>\n<td colspan=\"3\">\n<h3><strong>Tableau de processus d&rsquo;exp\u00e9dition<\/strong><\/h3>\n<\/td>\n<\/tr>\n<tr>\n<td><strong>\u00c9tape du processus<\/strong><\/td>\n<td><strong>Op\u00e9rations cl\u00e9s<\/strong><\/td>\n<td><strong>Calendrier\/Description<\/strong><\/td>\n<\/tr>\n<\/thead>\n<tbody>\n<tr>\n<td><strong>1. <\/strong>Placez la commande et le paiement<span class=\"notranslate immersive-translate-target-wrapper\" lang=\"zh-CN\"><br \/>\n<\/span><\/td>\n<td>Remplissez le courriel, le destinataire, le t\u00e9l\u00e9phone, l&rsquo;adresse, le paiement complet<\/td>\n<td>Commande g\u00e9n\u00e9r\u00e9e automatiquement<span class=\"notranslate immersive-translate-target-wrapper\" lang=\"zh-CN\"><br \/>\n<\/span><\/td>\n<\/tr>\n<tr>\n<td><strong>2. <\/strong>C\u00e9r\u00e9monie de b\u00e9n\u00e9diction<span class=\"notranslate immersive-translate-target-wrapper\" lang=\"zh-CN\"><span class=\"notranslate\" data-immersive-translate-translation-element-mark=\"1\"> <\/span><\/span><\/td>\n<td>Le Ma\u00eetre choisit une date auspicieuse dans les 3 jours pour la b\u00e9n\u00e9diction et le chant<\/td>\n<td>Courte vid\u00e9o de b\u00e9n\u00e9diction envoy\u00e9e par email \/ WeChat \/ WhatsApp<span class=\"notranslate immersive-translate-target-wrapper\" lang=\"zh-CN\"><br \/>\n<\/span><\/td>\n<\/tr>\n<tr>\n<td><strong>3. <\/strong>Emballage et exp\u00e9dition <span class=\"notranslate immersive-translate-target-wrapper\" lang=\"zh-CN\"> <span class=\"notranslate\" data-immersive-translate-translation-element-mark=\"1\"> <\/span> <\/span> <\/td>\n<td>Le service \u00e0 la client\u00e8le envoie par courrier international(par exemple. DHL\/FedEx<span class=\"notranslate immersive-translate-target-wrapper\" lang=\"zh-CN\"><br \/>\n<\/span><\/td>\n<td>Num\u00e9ro de suivi envoy\u00e9 par email<\/td>\n<\/tr>\n<tr>\n<td><strong>4. <\/strong>Suivi logistique <span class=\"notranslate immersive-translate-target-wrapper\" lang=\"zh-CN\"><span class=\"notranslate\" data-immersive-translate-translation-element-mark=\"1\"><\/span><\/span>\n<\/td>\n<td>Suivre la progression du paquet avec le num\u00e9ro de suivi <span class=\"notranslate immersive-translate-target-wrapper\" lang=\"zh-CN\"><br \/>\n<\/span><\/td>\n<td>Livraison 7-10 jours, soutien au d\u00e9douanement<\/td>\n<\/tr>\n<tr>\n<td><strong>5. <\/strong>Confirmation de livraison <span class=\"notranslate immersive-translate-target-wrapper\" lang=\"zh-CN\"><span class=\"notranslate\" data-immersive-translate-translation-element-mark=\"1\"><\/span><\/span>\n<\/td>\n<td>Support apr\u00e8s-vente apr\u00e8s livraison<span class=\"notranslate immersive-translate-target-wrapper\" lang=\"zh-CN\"><br \/>\n<\/span><\/td>\n<td>Contactez le service \u00e0 la client\u00e8le pour des probl\u00e8mes<\/td>\n<\/tr>\n<\/tbody>\n<\/table>\n<p><strong>Focus cl\u00e9 pour les clients<\/strong><\/p>\n<p>1\ufe0f\u20e3 Remplir l&rsquo;adresse \u2192 2\ufe0f\u20e3 Attendez la b\u00e9n\u00e9diction \u2192 3\ufe0f\u20e3 Recevoir le num\u00e9ro de suivi \u2192 4\ufe0f\u20e3 Paquet de piste \u2192 5\ufe0f\u20e3 Confirmer la livraison<\/p>\n","protected":false},"excerpt":{"rendered":"<p>&nbsp; Tableau de processus d&rsquo;exp\u00e9dition \u00c9tape du processus Op\u00e9rations cl\u00e9s Calendrier\/Description 1. Placez la commande et le paiement Remplissez le<\/p>\n","protected":false},"featured_media":5951,"comment_status":"open","ping_status":"closed","template":"","meta":[],"product_brand":[],"product_cat":[267],"product_tag":[],"class_list":{"0":"post-21698","1":"product","2":"type-product","3":"status-publish","4":"has-post-thumbnail","6":"product_cat-amulets-charms-fr","8":"first","9":"instock","10":"sale","11":"purchasable","12":"product-type-variable"},"_links":{"self":[{"href":"https:\/\/yihui.store\/fr\/wp-json\/wp\/v2\/product\/21698","targetHints":{"allow":["GET"]}}],"collection":[{"href":"https:\/\/yihui.store\/fr\/wp-json\/wp\/v2\/product"}],"about":[{"href":"https:\/\/yihui.store\/fr\/wp-json\/wp\/v2\/types\/product"}],"replies":[{"embeddable":true,"href":"https:\/\/yihui.store\/fr\/wp-json\/wp\/v2\/comments?post=21698"}],"version-history":[{"count":0,"href":"https:\/\/yihui.store\/fr\/wp-json\/wp\/v2\/product\/21698\/revisions"}],"wp:featuredmedia":[{"embeddable":true,"href":"https:\/\/yihui.store\/fr\/wp-json\/wp\/v2\/media\/5951"}],"wp:attachment":[{"href":"https:\/\/yihui.store\/fr\/wp-json\/wp\/v2\/media?parent=21698"}],"wp:term":[{"taxonomy":"product_brand","embeddable":true,"href":"https:\/\/yihui.store\/fr\/wp-json\/wp\/v2\/product_brand?post=21698"},{"taxonomy":"product_cat","embeddable":true,"href":"https:\/\/yihui.store\/fr\/wp-json\/wp\/v2\/product_cat?post=21698"},{"taxonomy":"product_tag","embeddable":true,"href":"https:\/\/yihui.store\/fr\/wp-json\/wp\/v2\/product_tag?post=21698"}],"curies":[{"name":"wp","href":"https:\/\/api.w.org\/{rel}","templated":true}]}}