{"id":20896,"date":"2025-07-11T11:53:23","date_gmt":"2025-07-11T11:53:23","guid":{"rendered":"https:\/\/yihui.store\/product\/chaine-a-main-de-souris-en-or-violet-graine-originale-sculpture-art-bracelet-octogonal-bodhi\/"},"modified":"2025-07-11T11:53:23","modified_gmt":"2025-07-11T11:53:23","slug":"chaine-a-main-de-souris-en-or-violet-graine-originale-sculpture-art-bracelet-octogonal-bodhi","status":"publish","type":"product","link":"https:\/\/yihui.store\/fr\/produit\/chaine-a-main-de-souris-en-or-violet-graine-originale-sculpture-art-bracelet-octogonal-bodhi\/","title":{"rendered":"Cha\u00eene \u00e0 main de souris en or violet, Graine originale sculpture Art, Bracelet octogonal Bodhi"},"content":{"rendered":"<div id=\"offer-template-0\">La corde \u00e0 main \u00e0 huit c\u00f4t\u00e9s porte de multiples significations auspicieuses dans la culture du Feng Shui. Son design unique (comme la forme \u00e0 huit c\u00f4t\u00e9s) am\u00e9liore l&rsquo;effet de focalisation \u00e9nerg\u00e9tique, combinant la sagesse traditionnelle avec des applications modernes,<br \/>\nLa fonction d&rsquo;attirer la richesse et de recueillir du qi: L&rsquo;apparence de la souris d&rsquo;or violet ressemble \u00e0 celle de la souris crachant le tr\u00e9sor bouddhiste tib\u00e9tain, symbolisant l&rsquo;accumulation de richesse et la frugalit\u00e9, particuli\u00e8rement adapt\u00e9e aux sc\u00e9narios d&rsquo;affaires ou d&rsquo;investissement; La structure octogonale am\u00e9liore la stabilit\u00e9 de l&rsquo;aura, et il est recommand\u00e9 de la placer dans la position financi\u00e8re du magasin ou de la porter sur la main gauche pour activer le motif \u00ab\u00a0ceinture de jade autour de la taille\u00a0\u00bb pour attirer la richesse. \u200c<br \/>\nFonction de repousser le mal et de se prot\u00e9ger: La conception de l&rsquo;\u0153il de souris \u00e0 trois yeux repr\u00e9sente l&rsquo;\u0153il de la sagesse, qui peut voir \u00e0 travers les petites personnes et absorber l&rsquo;\u00e9nergie n\u00e9gative; Associ\u00e9 \u00e0 des bords octogonaux, il peut dissiper l&rsquo;\u00e9nergie n\u00e9gative telle que la \u00ab\u00a0ventilation crois\u00e9e\u00a0\u00bb. Il peut \u00eatre accroch\u00e9 ou port\u00e9 ind\u00e9pendamment \u00e0 l&rsquo;entr\u00e9e pour former une barri\u00e8re de protection.<br \/>\n\u00c9quilibre des Cinq \u00c9l\u00e9ments et Compatibilit\u00e9 avec les Signes du Zodiaque: Rat Violet et Or appartient \u00e0 l&rsquo;\u00e9l\u00e9ment Feu de Bois (graines de bois combin\u00e9es avec lustre rouge violet), tandis que Huit Bords appartiennent \u00e0 l&rsquo;\u00e9l\u00e9ment Or (lignes dures), formant un cycle de \u00ab\u00a0bois g\u00e9n\u00e8re le feu, le feu vainc l&rsquo;or\u00a0\u00bb, particuli\u00e8rement adapt\u00e9 pour ceux n\u00e9s dans le Tigre, le Serpent et le Singe, am\u00e9liorant leur capacit\u00e9 de perc\u00e9e de carri\u00e8re; Le porter peut stabiliser la fortune de ceux n\u00e9s dans l&rsquo;Ann\u00e9e du Rat.<br \/>\nAm\u00e9lioration de la sant\u00e9 et de la sagesse: Symbolisant la vitalit\u00e9 et l&rsquo;illumination, le processus de patine \u00e0 long terme (devenant rouge violet) fait \u00e9cho \u00e0 la \u00ab\u00a0s\u00e9dimentation du temps\u00a0\u00bb et am\u00e9liore la prise de d\u00e9cision. \u200c<\/div>\n<div style=\"text-align: center;\"><\/div>\n<div style=\"text-align: center;\"><img data-recalc-dims=\"1\" decoding=\"async\" style=\"width: 100.0%;\" src=\"https:\/\/i0.wp.com\/yihui.store\/wp-content\/uploads\/2025\/07\/O1CN015rbQaw1GMyH9QyLZ1_2220051510609-0-cib.jpg?ssl=1\"><\/div>\n<div style=\"text-align: center;\"><img data-recalc-dims=\"1\" decoding=\"async\" style=\"width: 100.0%;\" src=\"https:\/\/i0.wp.com\/yihui.store\/wp-content\/uploads\/2025\/07\/O1CN01mbcFMe1GMyH8ukgrk_2220051510609-0-cib.jpg?ssl=1\"><\/div>\n<div style=\"text-align: center;\"><img data-recalc-dims=\"1\" decoding=\"async\" style=\"width: 100.0%;\" src=\"https:\/\/i0.wp.com\/yihui.store\/wp-content\/uploads\/2025\/07\/O1CN019VdEfR1GMyH8un2Qb_2220051510609-0-cib.jpg?ssl=1\"><\/div>\n<div style=\"text-align: center;\"><img data-recalc-dims=\"1\" decoding=\"async\" style=\"width: 100.0%;\" src=\"https:\/\/i0.wp.com\/yihui.store\/wp-content\/uploads\/2025\/07\/O1CN012fq6Vw1GMyH70dpdv_2220051510609-0-cib.jpg?ssl=1\"><\/div>\n<div style=\"text-align: center;\"><img data-recalc-dims=\"1\" decoding=\"async\" style=\"width: 100.0%;\" src=\"https:\/\/i0.wp.com\/yihui.store\/wp-content\/uploads\/2025\/07\/O1CN01cdmLPc1GMyH9GcCGC_2220051510609-0-cib.jpg?ssl=1\"><\/div>\n<div style=\"text-align: center;\"><img data-recalc-dims=\"1\" decoding=\"async\" style=\"width: 100.0%;\" src=\"https:\/\/i0.wp.com\/yihui.store\/wp-content\/uploads\/2025\/07\/O1CN012jGfcf1GMyH8ayBkI_2220051510609-0-cib.jpg?ssl=1\"><\/div>\n<div style=\"text-align: center;\"><img data-recalc-dims=\"1\" decoding=\"async\" style=\"width: 100.0%;\" src=\"https:\/\/i0.wp.com\/yihui.store\/wp-content\/uploads\/2025\/07\/O1CN01kyUxfR1GMyH8ag0ID_2220051510609-0-cib.jpg?ssl=1\"><\/div>\n<div style=\"text-align: center;\"><img data-recalc-dims=\"1\" decoding=\"async\" style=\"width: 100.0%;\" src=\"https:\/\/i0.wp.com\/yihui.store\/wp-content\/uploads\/2025\/07\/O1CN01rVCt0r1GMyH7Si5vI_2220051510609-0-cib.jpg?ssl=1\"><\/div>\n<div style=\"text-align: center;\"><\/div>\n","protected":false},"excerpt":{"rendered":"<p>La corde \u00e0 main \u00e0 huit c\u00f4t\u00e9s porte de multiples significations auspicieuses dans la culture du Feng Shui. Son design<\/p>\n","protected":false},"featured_media":20985,"comment_status":"open","ping_status":"closed","template":"","meta":[],"product_brand":[],"product_cat":[267],"product_tag":[],"class_list":{"0":"post-20896","1":"product","2":"type-product","3":"status-publish","4":"has-post-thumbnail","6":"product_cat-amulets-charms-fr","8":"first","9":"instock","10":"sale","11":"taxable","12":"shipping-taxable","13":"purchasable","14":"product-type-variable"},"_links":{"self":[{"href":"https:\/\/yihui.store\/fr\/wp-json\/wp\/v2\/product\/20896","targetHints":{"allow":["GET"]}}],"collection":[{"href":"https:\/\/yihui.store\/fr\/wp-json\/wp\/v2\/product"}],"about":[{"href":"https:\/\/yihui.store\/fr\/wp-json\/wp\/v2\/types\/product"}],"replies":[{"embeddable":true,"href":"https:\/\/yihui.store\/fr\/wp-json\/wp\/v2\/comments?post=20896"}],"version-history":[{"count":0,"href":"https:\/\/yihui.store\/fr\/wp-json\/wp\/v2\/product\/20896\/revisions"}],"wp:featuredmedia":[{"embeddable":true,"href":"https:\/\/yihui.store\/fr\/wp-json\/wp\/v2\/media\/20985"}],"wp:attachment":[{"href":"https:\/\/yihui.store\/fr\/wp-json\/wp\/v2\/media?parent=20896"}],"wp:term":[{"taxonomy":"product_brand","embeddable":true,"href":"https:\/\/yihui.store\/fr\/wp-json\/wp\/v2\/product_brand?post=20896"},{"taxonomy":"product_cat","embeddable":true,"href":"https:\/\/yihui.store\/fr\/wp-json\/wp\/v2\/product_cat?post=20896"},{"taxonomy":"product_tag","embeddable":true,"href":"https:\/\/yihui.store\/fr\/wp-json\/wp\/v2\/product_tag?post=20896"}],"curies":[{"name":"wp","href":"https:\/\/api.w.org\/{rel}","templated":true}]}}