{"id":20490,"date":"2025-07-11T11:55:32","date_gmt":"2025-07-11T11:55:32","guid":{"rendered":"https:\/\/yihui.store\/product\/ins-style-18k-or-incruste-bague-en-zircon-colore-a-la-mode-et-a-la-mode-ameliorant-la-chance-bijoux\/"},"modified":"2025-07-11T11:55:32","modified_gmt":"2025-07-11T11:55:32","slug":"ins-style-18k-or-incruste-bague-en-zircon-colore-a-la-mode-et-a-la-mode-ameliorant-la-chance-bijoux","status":"publish","type":"product","link":"https:\/\/yihui.store\/fr\/produit\/ins-style-18k-or-incruste-bague-en-zircon-colore-a-la-mode-et-a-la-mode-ameliorant-la-chance-bijoux\/","title":{"rendered":"INS style 18k or incrust\u00e9 bague en zircon color\u00e9, \u00e0 la mode et \u00e0 la mode, am\u00e9liorant la chance bijoux"},"content":{"rendered":"<p>Cette boucle d&rsquo;oreille dor\u00e9e est en m\u00e9tal dor\u00e9 brillant comme base, montrant un temp\u00e9rament noble.<br \/>\nZircon naturel incrust\u00e9 parmi eux, color\u00e9:<br \/>\nLe zircon blanc en forme de gouttelette d&rsquo;eau symbolise la sagesse et la puret\u00e9, ajoutant une touche de fra\u00eecheur.<br \/>\nLe zircon violet rectangulaire repr\u00e9sente la noblesse et le myst\u00e8re, montrant un charme unique.<br \/>\nLes zircons verts ronds et ovales symbolisent la vitalit\u00e9 et l\u2019\u00e9nergie, apportant la beaut\u00e9 \u00e0 la nature.<br \/>\nLe zircon rose en forme ovale symbolise l&rsquo;amour et le bonheur, ajoutant une atmosph\u00e8re romantique.<br \/>\nDesign de forme diversifi\u00e9e, doublant le sens de la mode. Le porter am\u00e9liore non seulement le temp\u00e9rament personnel, mais apporte \u00e9galement bonne chance et \u00e9nergie positive, ce qui en fait un tr\u00e9sor de feng shui de mode rare pour vous. <\/p>\n<p><img data-recalc-dims=\"1\" fetchpriority=\"high\" decoding=\"async\" class=\"alignnone wp-image-3079 size-large\" src=\"https:\/\/i0.wp.com\/yihui.store\/wp-content\/uploads\/2025\/07\/O1CN01pT8Vjz1JaexXNuj9O_993401045-0-cib.jpg?resize=800%2C800&#038;ssl=1\" alt=\"\" width=\"800\" height=\"800\" srcset=\"https:\/\/i0.wp.com\/yihui.store\/wp-content\/uploads\/2025\/07\/O1CN01pT8Vjz1JaexXNuj9O_993401045-0-cib.jpg?resize=800%2C800&amp;ssl=1 800w, https:\/\/i0.wp.com\/yihui.store\/wp-content\/uploads\/2025\/07\/O1CN01pT8Vjz1JaexXNuj9O_993401045-0-cib.jpg?resize=300%2C300&amp;ssl=1 300w, https:\/\/i0.wp.com\/yihui.store\/wp-content\/uploads\/2025\/07\/O1CN01pT8Vjz1JaexXNuj9O_993401045-0-cib.jpg?resize=150%2C150&amp;ssl=1 150w, https:\/\/i0.wp.com\/yihui.store\/wp-content\/uploads\/2025\/07\/O1CN01pT8Vjz1JaexXNuj9O_993401045-0-cib.jpg?resize=768%2C768&amp;ssl=1 768w, https:\/\/i0.wp.com\/yihui.store\/wp-content\/uploads\/2025\/07\/O1CN01pT8Vjz1JaexXNuj9O_993401045-0-cib.jpg?resize=430%2C430&amp;ssl=1 430w, https:\/\/i0.wp.com\/yihui.store\/wp-content\/uploads\/2025\/07\/O1CN01pT8Vjz1JaexXNuj9O_993401045-0-cib.jpg?resize=700%2C700&amp;ssl=1 700w, https:\/\/i0.wp.com\/yihui.store\/wp-content\/uploads\/2025\/07\/O1CN01pT8Vjz1JaexXNuj9O_993401045-0-cib.jpg?resize=180%2C180&amp;ssl=1 180w, https:\/\/i0.wp.com\/yihui.store\/wp-content\/uploads\/2025\/07\/O1CN01pT8Vjz1JaexXNuj9O_993401045-0-cib.jpg?w=960&amp;ssl=1 960w\" sizes=\"(max-width: 800px) 100vw, 800px\" \/>  <img data-recalc-dims=\"1\" decoding=\"async\" class=\"alignnone wp-image-3077 size-large\" src=\"https:\/\/i0.wp.com\/yihui.store\/wp-content\/uploads\/2025\/07\/O1CN01EoXmwX1JaexYVk7Ok_993401045-0-cib.jpg?resize=800%2C800&#038;ssl=1\" alt=\"\" width=\"800\" height=\"800\" srcset=\"https:\/\/i0.wp.com\/yihui.store\/wp-content\/uploads\/2025\/07\/O1CN01EoXmwX1JaexYVk7Ok_993401045-0-cib.jpg?resize=800%2C800&amp;ssl=1 800w, https:\/\/i0.wp.com\/yihui.store\/wp-content\/uploads\/2025\/07\/O1CN01EoXmwX1JaexYVk7Ok_993401045-0-cib.jpg?resize=300%2C300&amp;ssl=1 300w, https:\/\/i0.wp.com\/yihui.store\/wp-content\/uploads\/2025\/07\/O1CN01EoXmwX1JaexYVk7Ok_993401045-0-cib.jpg?resize=150%2C150&amp;ssl=1 150w, https:\/\/i0.wp.com\/yihui.store\/wp-content\/uploads\/2025\/07\/O1CN01EoXmwX1JaexYVk7Ok_993401045-0-cib.jpg?resize=768%2C768&amp;ssl=1 768w, https:\/\/i0.wp.com\/yihui.store\/wp-content\/uploads\/2025\/07\/O1CN01EoXmwX1JaexYVk7Ok_993401045-0-cib.jpg?resize=430%2C430&amp;ssl=1 430w, https:\/\/i0.wp.com\/yihui.store\/wp-content\/uploads\/2025\/07\/O1CN01EoXmwX1JaexYVk7Ok_993401045-0-cib.jpg?resize=700%2C700&amp;ssl=1 700w, https:\/\/i0.wp.com\/yihui.store\/wp-content\/uploads\/2025\/07\/O1CN01EoXmwX1JaexYVk7Ok_993401045-0-cib.jpg?resize=180%2C180&amp;ssl=1 180w, https:\/\/i0.wp.com\/yihui.store\/wp-content\/uploads\/2025\/07\/O1CN01EoXmwX1JaexYVk7Ok_993401045-0-cib.jpg?w=960&amp;ssl=1 960w\" sizes=\"(max-width: 800px) 100vw, 800px\" \/> <img data-recalc-dims=\"1\" decoding=\"async\" class=\"alignnone wp-image-3076 size-large\" src=\"https:\/\/i0.wp.com\/yihui.store\/wp-content\/uploads\/2025\/07\/O1CN01Tf7tHc1JaexXzqw04_993401045-0-cib.jpg?resize=800%2C800&#038;ssl=1\" alt=\"\" width=\"800\" height=\"800\" srcset=\"https:\/\/i0.wp.com\/yihui.store\/wp-content\/uploads\/2025\/07\/O1CN01Tf7tHc1JaexXzqw04_993401045-0-cib.jpg?resize=800%2C800&amp;ssl=1 800w, https:\/\/i0.wp.com\/yihui.store\/wp-content\/uploads\/2025\/07\/O1CN01Tf7tHc1JaexXzqw04_993401045-0-cib.jpg?resize=300%2C300&amp;ssl=1 300w, https:\/\/i0.wp.com\/yihui.store\/wp-content\/uploads\/2025\/07\/O1CN01Tf7tHc1JaexXzqw04_993401045-0-cib.jpg?resize=150%2C150&amp;ssl=1 150w, https:\/\/i0.wp.com\/yihui.store\/wp-content\/uploads\/2025\/07\/O1CN01Tf7tHc1JaexXzqw04_993401045-0-cib.jpg?resize=768%2C768&amp;ssl=1 768w, https:\/\/i0.wp.com\/yihui.store\/wp-content\/uploads\/2025\/07\/O1CN01Tf7tHc1JaexXzqw04_993401045-0-cib.jpg?resize=430%2C430&amp;ssl=1 430w, https:\/\/i0.wp.com\/yihui.store\/wp-content\/uploads\/2025\/07\/O1CN01Tf7tHc1JaexXzqw04_993401045-0-cib.jpg?resize=700%2C700&amp;ssl=1 700w, https:\/\/i0.wp.com\/yihui.store\/wp-content\/uploads\/2025\/07\/O1CN01Tf7tHc1JaexXzqw04_993401045-0-cib.jpg?resize=180%2C180&amp;ssl=1 180w, https:\/\/i0.wp.com\/yihui.store\/wp-content\/uploads\/2025\/07\/O1CN01Tf7tHc1JaexXzqw04_993401045-0-cib.jpg?w=960&amp;ssl=1 960w\" sizes=\"(max-width: 800px) 100vw, 800px\" \/> <img data-recalc-dims=\"1\" loading=\"lazy\" decoding=\"async\" class=\"alignnone wp-image-3075 size-large\" src=\"https:\/\/i0.wp.com\/yihui.store\/wp-content\/uploads\/2025\/07\/O1CN01d2vyGm1JaexWXhcdR_993401045-0-cib.jpg?resize=800%2C800&#038;ssl=1\" alt=\"\" width=\"800\" height=\"800\" srcset=\"https:\/\/i0.wp.com\/yihui.store\/wp-content\/uploads\/2025\/07\/O1CN01d2vyGm1JaexWXhcdR_993401045-0-cib.jpg?resize=800%2C800&amp;ssl=1 800w, https:\/\/i0.wp.com\/yihui.store\/wp-content\/uploads\/2025\/07\/O1CN01d2vyGm1JaexWXhcdR_993401045-0-cib.jpg?resize=300%2C300&amp;ssl=1 300w, https:\/\/i0.wp.com\/yihui.store\/wp-content\/uploads\/2025\/07\/O1CN01d2vyGm1JaexWXhcdR_993401045-0-cib.jpg?resize=150%2C150&amp;ssl=1 150w, https:\/\/i0.wp.com\/yihui.store\/wp-content\/uploads\/2025\/07\/O1CN01d2vyGm1JaexWXhcdR_993401045-0-cib.jpg?resize=768%2C768&amp;ssl=1 768w, https:\/\/i0.wp.com\/yihui.store\/wp-content\/uploads\/2025\/07\/O1CN01d2vyGm1JaexWXhcdR_993401045-0-cib.jpg?resize=430%2C430&amp;ssl=1 430w, https:\/\/i0.wp.com\/yihui.store\/wp-content\/uploads\/2025\/07\/O1CN01d2vyGm1JaexWXhcdR_993401045-0-cib.jpg?resize=700%2C700&amp;ssl=1 700w, https:\/\/i0.wp.com\/yihui.store\/wp-content\/uploads\/2025\/07\/O1CN01d2vyGm1JaexWXhcdR_993401045-0-cib.jpg?resize=180%2C180&amp;ssl=1 180w, https:\/\/i0.wp.com\/yihui.store\/wp-content\/uploads\/2025\/07\/O1CN01d2vyGm1JaexWXhcdR_993401045-0-cib.jpg?w=960&amp;ssl=1 960w\" sizes=\"(max-width: 800px) 100vw, 800px\" \/> <img data-recalc-dims=\"1\" loading=\"lazy\" decoding=\"async\" class=\"alignnone wp-image-3074 size-large\" src=\"https:\/\/i0.wp.com\/yihui.store\/wp-content\/uploads\/2025\/07\/O1CN01xAJ8oI1JaexXgiNkS_993401045-0-cib.jpg?resize=800%2C800&#038;ssl=1\" alt=\"\" width=\"800\" height=\"800\" srcset=\"https:\/\/i0.wp.com\/yihui.store\/wp-content\/uploads\/2025\/07\/O1CN01xAJ8oI1JaexXgiNkS_993401045-0-cib.jpg?resize=800%2C800&amp;ssl=1 800w, https:\/\/i0.wp.com\/yihui.store\/wp-content\/uploads\/2025\/07\/O1CN01xAJ8oI1JaexXgiNkS_993401045-0-cib.jpg?resize=300%2C300&amp;ssl=1 300w, https:\/\/i0.wp.com\/yihui.store\/wp-content\/uploads\/2025\/07\/O1CN01xAJ8oI1JaexXgiNkS_993401045-0-cib.jpg?resize=150%2C150&amp;ssl=1 150w, https:\/\/i0.wp.com\/yihui.store\/wp-content\/uploads\/2025\/07\/O1CN01xAJ8oI1JaexXgiNkS_993401045-0-cib.jpg?resize=768%2C768&amp;ssl=1 768w, https:\/\/i0.wp.com\/yihui.store\/wp-content\/uploads\/2025\/07\/O1CN01xAJ8oI1JaexXgiNkS_993401045-0-cib.jpg?resize=430%2C430&amp;ssl=1 430w, https:\/\/i0.wp.com\/yihui.store\/wp-content\/uploads\/2025\/07\/O1CN01xAJ8oI1JaexXgiNkS_993401045-0-cib.jpg?resize=700%2C700&amp;ssl=1 700w, https:\/\/i0.wp.com\/yihui.store\/wp-content\/uploads\/2025\/07\/O1CN01xAJ8oI1JaexXgiNkS_993401045-0-cib.jpg?resize=180%2C180&amp;ssl=1 180w, https:\/\/i0.wp.com\/yihui.store\/wp-content\/uploads\/2025\/07\/O1CN01xAJ8oI1JaexXgiNkS_993401045-0-cib.jpg?w=960&amp;ssl=1 960w\" sizes=\"(max-width: 800px) 100vw, 800px\" \/><\/p>\n","protected":false},"excerpt":{"rendered":"<p>Cette boucle d&rsquo;oreille dor\u00e9e est en m\u00e9tal dor\u00e9 brillant comme base, montrant un temp\u00e9rament noble. Zircon naturel incrust\u00e9 parmi eux,<\/p>\n","protected":false},"featured_media":5810,"comment_status":"open","ping_status":"closed","template":"","meta":[],"product_brand":[],"product_cat":[267],"product_tag":[171,226,471,470],"class_list":{"0":"post-20490","1":"product","2":"type-product","3":"status-publish","4":"has-post-thumbnail","6":"product_cat-amulets-charms-fr","7":"product_tag-fate-fr","8":"product_tag-fengshui-fr","9":"product_tag-fortune-fr","10":"product_tag-lucky-fr","12":"first","13":"instock","14":"sale","15":"purchasable","16":"product-type-variable","17":"has-default-attributes"},"_links":{"self":[{"href":"https:\/\/yihui.store\/fr\/wp-json\/wp\/v2\/product\/20490","targetHints":{"allow":["GET"]}}],"collection":[{"href":"https:\/\/yihui.store\/fr\/wp-json\/wp\/v2\/product"}],"about":[{"href":"https:\/\/yihui.store\/fr\/wp-json\/wp\/v2\/types\/product"}],"replies":[{"embeddable":true,"href":"https:\/\/yihui.store\/fr\/wp-json\/wp\/v2\/comments?post=20490"}],"version-history":[{"count":0,"href":"https:\/\/yihui.store\/fr\/wp-json\/wp\/v2\/product\/20490\/revisions"}],"wp:featuredmedia":[{"embeddable":true,"href":"https:\/\/yihui.store\/fr\/wp-json\/wp\/v2\/media\/5810"}],"wp:attachment":[{"href":"https:\/\/yihui.store\/fr\/wp-json\/wp\/v2\/media?parent=20490"}],"wp:term":[{"taxonomy":"product_brand","embeddable":true,"href":"https:\/\/yihui.store\/fr\/wp-json\/wp\/v2\/product_brand?post=20490"},{"taxonomy":"product_cat","embeddable":true,"href":"https:\/\/yihui.store\/fr\/wp-json\/wp\/v2\/product_cat?post=20490"},{"taxonomy":"product_tag","embeddable":true,"href":"https:\/\/yihui.store\/fr\/wp-json\/wp\/v2\/product_tag?post=20490"}],"curies":[{"name":"wp","href":"https:\/\/api.w.org\/{rel}","templated":true}]}}