{"id":17910,"date":"2025-07-11T11:51:24","date_gmt":"2025-07-11T11:51:24","guid":{"rendered":"https:\/\/yihui.store\/product\/collier-en-cristal-naturel-pierre-ecrasee-arbre-de-vie-chaine-de-pull-bijoux-amethyste\/"},"modified":"2025-08-27T02:59:44","modified_gmt":"2025-08-27T02:59:44","slug":"collier-en-cristal-naturel-pierre-ecrasee-arbre-de-vie-chaine-de-pull-bijoux-amethyste","status":"publish","type":"product","link":"https:\/\/yihui.store\/fr\/produit\/collier-en-cristal-naturel-pierre-ecrasee-arbre-de-vie-chaine-de-pull-bijoux-amethyste\/","title":{"rendered":"Collier en cristal naturel, pierre \u00e9cras\u00e9e, arbre de vie, cha\u00eene de pull, bijoux am\u00e9thyste"},"content":{"rendered":"<div id=\"offer-template-0\"><\/div>\n<div style=\"width: 790.0px;\"> <img data-recalc-dims=\"1\" decoding=\"async\" style=\"width: 100.0%; height: auto;\" src=\"https:\/\/i0.wp.com\/yihui.store\/wp-content\/uploads\/2025\/07\/O1CN019QY4my1Od14ZoAoHr_2219519101727-0-cib.jpg?ssl=1\" usemap=\"#_sdmap_1\"> <img data-recalc-dims=\"1\" fetchpriority=\"high\" decoding=\"async\" class=\"alignnone wp-image-5830 size-full\" src=\"https:\/\/i0.wp.com\/yihui.store\/wp-content\/uploads\/2025\/07\/%E6%9C%AA%E6%A0%87%E9%A2%98-101.jpg?resize=800%2C468&#038;ssl=1\" alt=\"\" width=\"800\" height=\"468\"> <img data-recalc-dims=\"1\" decoding=\"async\" style=\"width: 100.0%; height: auto;\" src=\"https:\/\/i0.wp.com\/yihui.store\/wp-content\/uploads\/2025\/07\/O1CN01yK90KO1Od14oofPUQ_2219519101727-0-cib.jpg?ssl=1\" usemap=\"#_sdmap_3\"> <img data-recalc-dims=\"1\" decoding=\"async\" style=\"width: 100.0%; height: auto;\" src=\"https:\/\/i0.wp.com\/yihui.store\/wp-content\/uploads\/2025\/07\/O1CN011lSSFb1Od14boULTW_2219519101727-0-cib.jpg?ssl=1\" usemap=\"#_sdmap_4\"> <img data-recalc-dims=\"1\" decoding=\"async\" style=\"width: 100.0%; height: auto;\" src=\"https:\/\/i0.wp.com\/yihui.store\/wp-content\/uploads\/2025\/07\/O1CN01CuXRDq1Od14o0FkCi_2219519101727-0-cib.jpg?ssl=1\" usemap=\"#_sdmap_5\"> <img data-recalc-dims=\"1\" decoding=\"async\" style=\"width: 100.0%; height: auto;\" src=\"https:\/\/i0.wp.com\/yihui.store\/wp-content\/uploads\/2025\/07\/O1CN017Dhqig1Od14o0E05A_2219519101727-0-cib.jpg?ssl=1\" usemap=\"#_sdmap_6\"> <img data-recalc-dims=\"1\" decoding=\"async\" style=\"width: 100.0%; height: auto;\" src=\"https:\/\/i0.wp.com\/yihui.store\/wp-content\/uploads\/2025\/07\/O1CN01m2a94l1Od14pLKWLm_2219519101727-0-cib.jpg?ssl=1\" usemap=\"#_sdmap_7\"> <img data-recalc-dims=\"1\" decoding=\"async\" style=\"width: 100.0%; height: auto;\" src=\"https:\/\/i0.wp.com\/yihui.store\/wp-content\/uploads\/2025\/07\/O1CN01xH7tKK1Od14pvXNGn_2219519101727-0-cib.jpg?ssl=1\" usemap=\"#_sdmap_8\"> <img data-recalc-dims=\"1\" decoding=\"async\" style=\"width: 100.0%; height: auto;\" src=\"https:\/\/i0.wp.com\/yihui.store\/wp-content\/uploads\/2025\/07\/O1CN01VBaxCT1Od14qKX73o_2219519101727-0-cib.jpg?ssl=1\" usemap=\"#_sdmap_9\"><\/div>\n","protected":false},"excerpt":{"rendered":"","protected":false},"featured_media":14455,"comment_status":"open","ping_status":"closed","template":"","meta":[],"product_brand":[],"product_cat":[267],"product_tag":[],"class_list":{"0":"post-17910","1":"product","2":"type-product","3":"status-publish","4":"has-post-thumbnail","6":"product_cat-amulets-charms-fr","8":"first","9":"instock","10":"sale","11":"purchasable","12":"product-type-variable"},"_links":{"self":[{"href":"https:\/\/yihui.store\/fr\/wp-json\/wp\/v2\/product\/17910","targetHints":{"allow":["GET"]}}],"collection":[{"href":"https:\/\/yihui.store\/fr\/wp-json\/wp\/v2\/product"}],"about":[{"href":"https:\/\/yihui.store\/fr\/wp-json\/wp\/v2\/types\/product"}],"replies":[{"embeddable":true,"href":"https:\/\/yihui.store\/fr\/wp-json\/wp\/v2\/comments?post=17910"}],"version-history":[{"count":1,"href":"https:\/\/yihui.store\/fr\/wp-json\/wp\/v2\/product\/17910\/revisions"}],"predecessor-version":[{"id":18000,"href":"https:\/\/yihui.store\/fr\/wp-json\/wp\/v2\/product\/17910\/revisions\/18000"}],"wp:featuredmedia":[{"embeddable":true,"href":"https:\/\/yihui.store\/fr\/wp-json\/wp\/v2\/media\/14455"}],"wp:attachment":[{"href":"https:\/\/yihui.store\/fr\/wp-json\/wp\/v2\/media?parent=17910"}],"wp:term":[{"taxonomy":"product_brand","embeddable":true,"href":"https:\/\/yihui.store\/fr\/wp-json\/wp\/v2\/product_brand?post=17910"},{"taxonomy":"product_cat","embeddable":true,"href":"https:\/\/yihui.store\/fr\/wp-json\/wp\/v2\/product_cat?post=17910"},{"taxonomy":"product_tag","embeddable":true,"href":"https:\/\/yihui.store\/fr\/wp-json\/wp\/v2\/product_tag?post=17910"}],"curies":[{"name":"wp","href":"https:\/\/api.w.org\/{rel}","templated":true}]}}