{"id":17389,"date":"2025-07-11T11:56:38","date_gmt":"2025-07-11T11:56:38","guid":{"rendered":"https:\/\/yihui.store\/product\/richesse-naturelle-attirant-bracelet-de-quartz-rutile-dor-avec-inclusions-en-titane-bracelet-de-chance-de-cristal-de-quartz-rutile-jaune-bresilien-pour-les-couples-hommes-et-femmes\/"},"modified":"2025-07-11T11:56:38","modified_gmt":"2025-07-11T11:56:38","slug":"richesse-naturelle-attirant-bracelet-de-quartz-rutile-dor-avec-inclusions-en-titane-bracelet-de-chance-de-cristal-de-quartz-rutile-jaune-bresilien-pour-les-couples-hommes-et-femmes","status":"publish","type":"product","link":"https:\/\/yihui.store\/fr\/produit\/richesse-naturelle-attirant-bracelet-de-quartz-rutile-dor-avec-inclusions-en-titane-bracelet-de-chance-de-cristal-de-quartz-rutile-jaune-bresilien-pour-les-couples-hommes-et-femmes\/","title":{"rendered":"Richesse naturelle attirant bracelet de quartz rutil\u00e9 d&rsquo;or avec inclusions en titane, bracelet de chance de cristal de quartz rutil\u00e9 jaune br\u00e9silien pour les couples (hommes et femmes)"},"content":{"rendered":"<div id=\"offer-template-0\"><img data-recalc-dims=\"1\" fetchpriority=\"high\" decoding=\"async\" class=\"alignnone wp-image-6922 size-full\" src=\"https:\/\/i0.wp.com\/yihui.store\/wp-content\/uploads\/2025\/07\/19.jpg?resize=800%2C800&#038;ssl=1\" alt=\"\" width=\"800\" height=\"800\" srcset=\"https:\/\/i0.wp.com\/yihui.store\/wp-content\/uploads\/2025\/07\/19.jpg?w=800&amp;ssl=1 800w, https:\/\/i0.wp.com\/yihui.store\/wp-content\/uploads\/2025\/07\/19.jpg?resize=300%2C300&amp;ssl=1 300w, https:\/\/i0.wp.com\/yihui.store\/wp-content\/uploads\/2025\/07\/19.jpg?resize=150%2C150&amp;ssl=1 150w, https:\/\/i0.wp.com\/yihui.store\/wp-content\/uploads\/2025\/07\/19.jpg?resize=768%2C768&amp;ssl=1 768w, https:\/\/i0.wp.com\/yihui.store\/wp-content\/uploads\/2025\/07\/19.jpg?resize=430%2C430&amp;ssl=1 430w, https:\/\/i0.wp.com\/yihui.store\/wp-content\/uploads\/2025\/07\/19.jpg?resize=700%2C700&amp;ssl=1 700w, https:\/\/i0.wp.com\/yihui.store\/wp-content\/uploads\/2025\/07\/19.jpg?resize=180%2C180&amp;ssl=1 180w\" sizes=\"(max-width: 800px) 100vw, 800px\" \/><\/div>\n<p><img data-recalc-dims=\"1\" decoding=\"async\" class=\"alignnone wp-image-6933 size-full\" src=\"https:\/\/i0.wp.com\/yihui.store\/wp-content\/uploads\/2025\/07\/20.jpg?resize=800%2C800&#038;ssl=1\" alt=\"\" width=\"800\" height=\"800\" srcset=\"https:\/\/i0.wp.com\/yihui.store\/wp-content\/uploads\/2025\/07\/20.jpg?w=800&amp;ssl=1 800w, https:\/\/i0.wp.com\/yihui.store\/wp-content\/uploads\/2025\/07\/20.jpg?resize=300%2C300&amp;ssl=1 300w, https:\/\/i0.wp.com\/yihui.store\/wp-content\/uploads\/2025\/07\/20.jpg?resize=150%2C150&amp;ssl=1 150w, https:\/\/i0.wp.com\/yihui.store\/wp-content\/uploads\/2025\/07\/20.jpg?resize=768%2C768&amp;ssl=1 768w, https:\/\/i0.wp.com\/yihui.store\/wp-content\/uploads\/2025\/07\/20.jpg?resize=430%2C430&amp;ssl=1 430w, https:\/\/i0.wp.com\/yihui.store\/wp-content\/uploads\/2025\/07\/20.jpg?resize=700%2C700&amp;ssl=1 700w, https:\/\/i0.wp.com\/yihui.store\/wp-content\/uploads\/2025\/07\/20.jpg?resize=180%2C180&amp;ssl=1 180w\" sizes=\"(max-width: 800px) 100vw, 800px\" \/><img data-recalc-dims=\"1\" decoding=\"async\" class=\"alignnone wp-image-6955 size-full\" src=\"https:\/\/i0.wp.com\/yihui.store\/wp-content\/uploads\/2025\/07\/211.jpg?resize=800%2C410&#038;ssl=1\" alt=\"\" width=\"800\" height=\"410\" srcset=\"https:\/\/i0.wp.com\/yihui.store\/wp-content\/uploads\/2025\/07\/211.jpg?w=800&amp;ssl=1 800w, https:\/\/i0.wp.com\/yihui.store\/wp-content\/uploads\/2025\/07\/211.jpg?resize=400%2C205&amp;ssl=1 400w, https:\/\/i0.wp.com\/yihui.store\/wp-content\/uploads\/2025\/07\/211.jpg?resize=768%2C394&amp;ssl=1 768w, https:\/\/i0.wp.com\/yihui.store\/wp-content\/uploads\/2025\/07\/211.jpg?resize=430%2C220&amp;ssl=1 430w, https:\/\/i0.wp.com\/yihui.store\/wp-content\/uploads\/2025\/07\/211.jpg?resize=700%2C359&amp;ssl=1 700w, https:\/\/i0.wp.com\/yihui.store\/wp-content\/uploads\/2025\/07\/211.jpg?resize=180%2C92&amp;ssl=1 180w\" sizes=\"(max-width: 800px) 100vw, 800px\" \/> <img data-recalc-dims=\"1\" loading=\"lazy\" decoding=\"async\" class=\"alignnone wp-image-6977 size-full\" src=\"https:\/\/i0.wp.com\/yihui.store\/wp-content\/uploads\/2025\/07\/221.jpg?resize=800%2C610&#038;ssl=1\" alt=\"\" width=\"800\" height=\"610\" srcset=\"https:\/\/i0.wp.com\/yihui.store\/wp-content\/uploads\/2025\/07\/221.jpg?w=800&amp;ssl=1 800w, https:\/\/i0.wp.com\/yihui.store\/wp-content\/uploads\/2025\/07\/221.jpg?resize=393%2C300&amp;ssl=1 393w, https:\/\/i0.wp.com\/yihui.store\/wp-content\/uploads\/2025\/07\/221.jpg?resize=768%2C586&amp;ssl=1 768w, https:\/\/i0.wp.com\/yihui.store\/wp-content\/uploads\/2025\/07\/221.jpg?resize=430%2C328&amp;ssl=1 430w, https:\/\/i0.wp.com\/yihui.store\/wp-content\/uploads\/2025\/07\/221.jpg?resize=700%2C534&amp;ssl=1 700w, https:\/\/i0.wp.com\/yihui.store\/wp-content\/uploads\/2025\/07\/221.jpg?resize=180%2C137&amp;ssl=1 180w\" sizes=\"(max-width: 800px) 100vw, 800px\" \/><img data-recalc-dims=\"1\" loading=\"lazy\" decoding=\"async\" class=\"alignnone wp-image-6988 size-full\" src=\"https:\/\/i0.wp.com\/yihui.store\/wp-content\/uploads\/2025\/07\/231.jpg?resize=800%2C677&#038;ssl=1\" alt=\"\" width=\"800\" height=\"677\" srcset=\"https:\/\/i0.wp.com\/yihui.store\/wp-content\/uploads\/2025\/07\/231.jpg?w=800&amp;ssl=1 800w, https:\/\/i0.wp.com\/yihui.store\/wp-content\/uploads\/2025\/07\/231.jpg?resize=355%2C300&amp;ssl=1 355w, https:\/\/i0.wp.com\/yihui.store\/wp-content\/uploads\/2025\/07\/231.jpg?resize=768%2C650&amp;ssl=1 768w, https:\/\/i0.wp.com\/yihui.store\/wp-content\/uploads\/2025\/07\/231.jpg?resize=430%2C364&amp;ssl=1 430w, https:\/\/i0.wp.com\/yihui.store\/wp-content\/uploads\/2025\/07\/231.jpg?resize=700%2C592&amp;ssl=1 700w, https:\/\/i0.wp.com\/yihui.store\/wp-content\/uploads\/2025\/07\/231.jpg?resize=180%2C152&amp;ssl=1 180w\" sizes=\"(max-width: 800px) 100vw, 800px\" \/><\/p>\n<p>Si vous avez des questions<br \/>\nVous pouvez contacter le vendeur dans les 15 jours suivant la r\u00e9ception des marchandises pour les retourner.<br \/>\nMessage via WhatsApp: 13807250767<\/p>\n","protected":false},"excerpt":{"rendered":"<p>Cat\u00e9gorie de produit: Cordon \u00e0 main<br \/>\nType de cristal: Golden Hair Crystal<br \/>\nDiam\u00e8tre de perle unique: 8mm<br \/>\nMat\u00e9riel de pierre secondaire: Pas de pierre secondaire<br \/>\nMat\u00e9riel d&rsquo;accessoire: Pas d&rsquo;accessoires<br \/>\nOrigine: Chine<br \/>\nD\u00e9tails d&#8217;emballage: emballage bo\u00eete cadeau<br \/>\nSignification : attirer la richesse et apporter la prosp\u00e9rit\u00e9<\/p>\n","protected":false},"featured_media":7004,"comment_status":"open","ping_status":"closed","template":"","meta":[],"product_brand":[],"product_cat":[267],"product_tag":[],"class_list":{"0":"post-17389","1":"product","2":"type-product","3":"status-publish","4":"has-post-thumbnail","6":"product_cat-amulets-charms-fr","8":"first","9":"instock","10":"sale","11":"purchasable","12":"product-type-variable","13":"has-default-attributes"},"_links":{"self":[{"href":"https:\/\/yihui.store\/fr\/wp-json\/wp\/v2\/product\/17389","targetHints":{"allow":["GET"]}}],"collection":[{"href":"https:\/\/yihui.store\/fr\/wp-json\/wp\/v2\/product"}],"about":[{"href":"https:\/\/yihui.store\/fr\/wp-json\/wp\/v2\/types\/product"}],"replies":[{"embeddable":true,"href":"https:\/\/yihui.store\/fr\/wp-json\/wp\/v2\/comments?post=17389"}],"version-history":[{"count":0,"href":"https:\/\/yihui.store\/fr\/wp-json\/wp\/v2\/product\/17389\/revisions"}],"wp:featuredmedia":[{"embeddable":true,"href":"https:\/\/yihui.store\/fr\/wp-json\/wp\/v2\/media\/7004"}],"wp:attachment":[{"href":"https:\/\/yihui.store\/fr\/wp-json\/wp\/v2\/media?parent=17389"}],"wp:term":[{"taxonomy":"product_brand","embeddable":true,"href":"https:\/\/yihui.store\/fr\/wp-json\/wp\/v2\/product_brand?post=17389"},{"taxonomy":"product_cat","embeddable":true,"href":"https:\/\/yihui.store\/fr\/wp-json\/wp\/v2\/product_cat?post=17389"},{"taxonomy":"product_tag","embeddable":true,"href":"https:\/\/yihui.store\/fr\/wp-json\/wp\/v2\/product_tag?post=17389"}],"curies":[{"name":"wp","href":"https:\/\/api.w.org\/{rel}","templated":true}]}}