{"id":31712,"date":"2025-07-11T11:29:42","date_gmt":"2025-07-11T11:29:42","guid":{"rendered":"https:\/\/yihui.store\/product\/natural-citrine-bracelet-para-la-riqueza\/"},"modified":"2025-07-11T11:29:42","modified_gmt":"2025-07-11T11:29:42","slug":"natural-citrine-bracelet-para-la-riqueza","status":"publish","type":"product","link":"https:\/\/yihui.store\/es\/producto\/natural-citrine-bracelet-para-la-riqueza\/","title":{"rendered":"Natural Citrine Bracelet (para la riqueza)"},"content":{"rendered":"<div id=\"offer-template-0\">\n<div class=\"KOBWr4M6dz--infoItem--_6d170e8\">\n<div title=\"La marca\" data-spm-anchor-id=\"pc_detail.29232929\/evo365560b447257.202205.i1.bb797dd6nrAsAq\">Riqueza natural de cristal amarillo brazalete de feng shui<\/div>\n<div title=\"La marca\" data-spm-anchor-id=\"pc_detail.29232929\/evo365560b447257.202205.i1.bb797dd6nrAsAq\"><\/div>\n<div class=\"KOBWr4M6dz--infoItemTitle--_1ce349f\" title=\"La marca\" data-spm-anchor-id=\"pc_detail.29232929\/evo365560b447257.202205.i1.bb797dd6nrAsAq\">El material Cristales naturales\/gemestones El Bracelet Length 14 cm, 15 cm, 16 cm, 17 cm Nubes auspiciosas, s\u00edmbolos auspiciosos Inlay material Plata plagada con oro, gemas<\/div>\n<div title=\"La marca\" data-spm-anchor-id=\"pc_detail.29232929\/evo365560b447257.202205.i1.bb797dd6nrAsAq\"><\/div>\n<\/div>\n<div class=\"KOBWr4M6dz--infoItem--_6d170e8\">\n<div title=\"Oro\/K Oro con piedras preciosas\"><img data-recalc-dims=\"1\" fetchpriority=\"high\" decoding=\"async\" class=\"alignnone wp-image-6262\" src=\"https:\/\/i0.wp.com\/yihui.store\/wp-content\/uploads\/2025\/07\/%E6%9C%AA%E6%A0%87%E9%A2%98-311.jpg?resize=800%2C1063&#038;ssl=1\" alt=\"\" width=\"800\" height=\"1063\"><\/div>\n<\/div>\n<div class=\"KOBWr4M6dz--infoItem--_6d170e8\">\n<div title=\"Cristal amarillo natural [6mm] + \u00e1mbar + incienso + antigua plata pura dorado, cristal amarillo natural [8mm] + \u00e1mbar + incienso + antigua plata pura dorado, referencia alrededor de la mano [si necesita ayuda para contactar con el servicio al cliente]\">Que tus esfuerzos finalmente sean recompensados genuinamente<br \/>\nLa riqueza y la belleza llegar\u00e1n seg\u00fan lo programado<br \/>\nEl cristal amarillo es la piedra de la riqueza, simboliza la buena suerte y la riqueza, como un c\u00e1lido sol de primavera, simboliza la calidez y la esperanza.<br \/>\nLlevar la energ\u00eda personal y la atm\u00f3sfera a un lugar vibrante<br \/>\nAgarwood, la madera que atrajo a cientos de a\u00f1os de energ\u00eda espiritual, da a la gente una mente tranquila<br \/>\nLos embalajes de oro mejoran el poder de gu\u00eda de la energ\u00eda de la riqueza<br \/>\nAmber Natural es la piedra de energ\u00eda formada por la planta<br \/>\nAcerca de Agarwood Amber Citrine Gold<br \/>\nFormaci\u00f3n de una l\u00ednea de flujo de energ\u00eda continua<br \/>\nLa energ\u00eda final se puede transmitir al portador a trav\u00e9s del campo magn\u00e9tico de oro.<br \/>\nIncrementa la riqueza y la energ\u00eda para el portador<\/div>\n<div title=\"Cristal amarillo natural [6mm] + \u00e1mbar + incienso + antigua plata pura dorado, cristal amarillo natural [8mm] + \u00e1mbar + incienso + antigua plata pura dorado, referencia alrededor de la mano [si necesita ayuda para contactar con el servicio al cliente]\"><img data-recalc-dims=\"1\" decoding=\"async\" class=\"alignnone wp-image-6308 size-full\" src=\"https:\/\/i0.wp.com\/yihui.store\/wp-content\/uploads\/2025\/07\/%E6%9C%AA%E6%A0%87%E9%A2%98-331-1.jpg?resize=800%2C610&#038;ssl=1\" alt=\"\" width=\"800\" height=\"610\"><\/div>\n<div title=\"Cristal amarillo natural [6mm] + \u00e1mbar + incienso + antigua plata pura dorado, cristal amarillo natural [8mm] + \u00e1mbar + incienso + antigua plata pura dorado, referencia alrededor de la mano [si necesita ayuda para contactar con el servicio al cliente]\"><img data-recalc-dims=\"1\" decoding=\"async\" class=\"alignnone wp-image-6297 size-full\" src=\"https:\/\/i0.wp.com\/yihui.store\/wp-content\/uploads\/2025\/07\/%E6%9C%AA%E6%A0%87%E9%A2%98-341.jpg?resize=800%2C555&#038;ssl=1\" alt=\"\" width=\"800\" height=\"555\"><\/div>\n<div title=\"Cristal amarillo natural [6mm] + \u00e1mbar + incienso + antigua plata pura dorado, cristal amarillo natural [8mm] + \u00e1mbar + incienso + antigua plata pura dorado, referencia alrededor de la mano [si necesita ayuda para contactar con el servicio al cliente]\"><img data-recalc-dims=\"1\" loading=\"lazy\" decoding=\"async\" class=\"alignnone wp-image-6319 size-full\" src=\"https:\/\/i0.wp.com\/yihui.store\/wp-content\/uploads\/2025\/07\/%E6%9C%AA%E6%A0%87%E9%A2%98-351.jpg?resize=800%2C486&#038;ssl=1\" alt=\"\" width=\"800\" height=\"486\"><\/div>\n<div title=\"Cristal amarillo natural [6mm] + \u00e1mbar + incienso + antigua plata pura dorado, cristal amarillo natural [8mm] + \u00e1mbar + incienso + antigua plata pura dorado, referencia alrededor de la mano [si necesita ayuda para contactar con el servicio al cliente]\"><img data-recalc-dims=\"1\" loading=\"lazy\" decoding=\"async\" class=\"alignnone wp-image-6352 size-full\" src=\"https:\/\/i0.wp.com\/yihui.store\/wp-content\/uploads\/2025\/07\/%E6%9C%AA%E6%A0%87%E9%A2%98-3611.jpg?resize=800%2C469&#038;ssl=1\" alt=\"\" width=\"800\" height=\"469\"><\/div>\n<div title=\"Cristal amarillo natural [6mm] + \u00e1mbar + incienso + antigua plata pura dorado, cristal amarillo natural [8mm] + \u00e1mbar + incienso + antigua plata pura dorado, referencia alrededor de la mano [si necesita ayuda para contactar con el servicio al cliente]\"><img data-recalc-dims=\"1\" loading=\"lazy\" decoding=\"async\" class=\"alignnone wp-image-6363 size-full\" src=\"https:\/\/i0.wp.com\/yihui.store\/wp-content\/uploads\/2025\/07\/%E6%9C%AA%E6%A0%87%E9%A2%98-371.jpg?resize=800%2C477&#038;ssl=1\" alt=\"\" width=\"800\" height=\"477\"><\/div>\n<div title=\"Cristal amarillo natural [6mm] + \u00e1mbar + incienso + antigua plata pura dorado, cristal amarillo natural [8mm] + \u00e1mbar + incienso + antigua plata pura dorado, referencia alrededor de la mano [si necesita ayuda para contactar con el servicio al cliente]\"><img data-recalc-dims=\"1\" loading=\"lazy\" decoding=\"async\" class=\"alignnone wp-image-6374 size-full\" src=\"https:\/\/i0.wp.com\/yihui.store\/wp-content\/uploads\/2025\/07\/%E6%9C%AA%E6%A0%87%E9%A2%98-381.jpg?resize=800%2C637&#038;ssl=1\" alt=\"\" width=\"800\" height=\"637\"><\/div>\n<div title=\"Cristal amarillo natural [6mm] + \u00e1mbar + incienso + antigua plata pura dorado, cristal amarillo natural [8mm] + \u00e1mbar + incienso + antigua plata pura dorado, referencia alrededor de la mano [si necesita ayuda para contactar con el servicio al cliente]\"><img data-recalc-dims=\"1\" loading=\"lazy\" decoding=\"async\" class=\"alignnone wp-image-6385 size-full\" src=\"https:\/\/i0.wp.com\/yihui.store\/wp-content\/uploads\/2025\/07\/%E6%9C%AA%E6%A0%87%E9%A2%98-39.jpg?resize=800%2C800&#038;ssl=1\" alt=\"\" width=\"800\" height=\"800\"><\/div>\n<div title=\"Cristal amarillo natural [6mm] + \u00e1mbar + incienso + antigua plata pura dorado, cristal amarillo natural [8mm] + \u00e1mbar + incienso + antigua plata pura dorado, referencia alrededor de la mano [si necesita ayuda para contactar con el servicio al cliente]\"><img data-recalc-dims=\"1\" loading=\"lazy\" decoding=\"async\" class=\"alignnone wp-image-6407 size-full\" src=\"https:\/\/i0.wp.com\/yihui.store\/wp-content\/uploads\/2025\/07\/%E6%9C%AA%E6%A0%87%E9%A2%98-40.jpg?resize=800%2C800&#038;ssl=1\" alt=\"\" width=\"800\" height=\"800\"><\/div>\n<div title=\"Cristal amarillo natural [6mm] + \u00e1mbar + incienso + antigua plata pura dorado, cristal amarillo natural [8mm] + \u00e1mbar + incienso + antigua plata pura dorado, referencia alrededor de la mano [si necesita ayuda para contactar con el servicio al cliente]\"><img data-recalc-dims=\"1\" loading=\"lazy\" decoding=\"async\" class=\"alignnone wp-image-6418 size-full\" src=\"https:\/\/i0.wp.com\/yihui.store\/wp-content\/uploads\/2025\/07\/%E6%9C%AA%E6%A0%87%E9%A2%98-41.jpg?resize=800%2C800&#038;ssl=1\" alt=\"\" width=\"800\" height=\"800\"><\/div>\n<\/div>\n<\/div>\n<div title=\"Cristal amarillo natural [6mm] + \u00e1mbar + incienso + antigua plata pura dorado, cristal amarillo natural [8mm] + \u00e1mbar + incienso + antigua plata pura dorado, referencia alrededor de la mano [si necesita ayuda para contactar con el servicio al cliente]\">El proyecto es para el pago de pre-compra El pa\u00f1uelo debe ser pulido antes del env\u00edo. Mejora el campo magn\u00e9tico de la energ\u00eda contenida en \u00e9l Para aumentar la riqueza y la energ\u00eda del usuario. La entrega puede retrasarse de 1 a 3 d\u00edas. Por favor entienda Si se considera la devoluci\u00f3n, nos comunicaremos a trav\u00e9s de WhatsApp dentro de los 15 d\u00edas h\u00e1biles, contando a partir de la fecha de recepci\u00f3n de los productos, resolveremos el problema a tiempo.<\/div>\n","protected":false},"excerpt":{"rendered":"<p>Riqueza natural de cristal amarillo brazalete de feng shui El material Cristales naturales\/gemestones El Bracelet Length 14 cm, 15 cm,<\/p>\n","protected":false},"featured_media":6441,"comment_status":"open","ping_status":"closed","template":"","meta":[],"product_brand":[],"product_cat":[412],"product_tag":[],"class_list":{"0":"post-31712","1":"product","2":"type-product","3":"status-publish","4":"has-post-thumbnail","6":"product_cat-amulets-charms-es","8":"first","9":"instock","10":"sale","11":"taxable","12":"shipping-taxable","13":"purchasable","14":"product-type-simple"},"_links":{"self":[{"href":"https:\/\/yihui.store\/es\/wp-json\/wp\/v2\/product\/31712","targetHints":{"allow":["GET"]}}],"collection":[{"href":"https:\/\/yihui.store\/es\/wp-json\/wp\/v2\/product"}],"about":[{"href":"https:\/\/yihui.store\/es\/wp-json\/wp\/v2\/types\/product"}],"replies":[{"embeddable":true,"href":"https:\/\/yihui.store\/es\/wp-json\/wp\/v2\/comments?post=31712"}],"version-history":[{"count":0,"href":"https:\/\/yihui.store\/es\/wp-json\/wp\/v2\/product\/31712\/revisions"}],"wp:featuredmedia":[{"embeddable":true,"href":"https:\/\/yihui.store\/es\/wp-json\/wp\/v2\/media\/6441"}],"wp:attachment":[{"href":"https:\/\/yihui.store\/es\/wp-json\/wp\/v2\/media?parent=31712"}],"wp:term":[{"taxonomy":"product_brand","embeddable":true,"href":"https:\/\/yihui.store\/es\/wp-json\/wp\/v2\/product_brand?post=31712"},{"taxonomy":"product_cat","embeddable":true,"href":"https:\/\/yihui.store\/es\/wp-json\/wp\/v2\/product_cat?post=31712"},{"taxonomy":"product_tag","embeddable":true,"href":"https:\/\/yihui.store\/es\/wp-json\/wp\/v2\/product_tag?post=31712"}],"curies":[{"name":"wp","href":"https:\/\/api.w.org\/{rel}","templated":true}]}}