{"id":22243,"date":"2025-07-11T11:47:03","date_gmt":"2025-07-11T11:47:03","guid":{"rendered":"https:\/\/yihui.store\/product\/uerda-de-mano-de-doble-circulo-bodhi\/"},"modified":"2025-07-11T11:47:03","modified_gmt":"2025-07-11T11:47:03","slug":"uerda-de-mano-de-doble-circulo-bodhi","status":"publish","type":"product","link":"https:\/\/yihui.store\/es\/producto\/uerda-de-mano-de-doble-circulo-bodhi\/","title":{"rendered":"uerda de mano de doble c\u00edrculo Bodhi"},"content":{"rendered":"<div id=\"offer-template-0\"><\/div>\n<p><img data-recalc-dims=\"1\" fetchpriority=\"high\" decoding=\"async\" class=\"alignnone wp-image-5903 size-full\" src=\"https:\/\/i0.wp.com\/yihui.store\/wp-content\/uploads\/2025\/07\/%E6%9C%AA%E6%A0%87%E9%A2%98-15-1.jpg?resize=800%2C1200&#038;ssl=1\" alt=\"\" width=\"800\" height=\"1200\"><\/p>\n<p><img data-recalc-dims=\"1\" decoding=\"async\" class=\"alignnone wp-image-5914 size-full\" src=\"https:\/\/i0.wp.com\/yihui.store\/wp-content\/uploads\/2025\/07\/%E6%9C%AA%E6%A0%87%E9%A2%98-161.jpg?resize=800%2C518&#038;ssl=1\" alt=\"\" width=\"800\" height=\"518\"><\/p>\n<p><img data-recalc-dims=\"1\" decoding=\"async\" class=\"alignnone wp-image-5980 size-full\" src=\"https:\/\/i0.wp.com\/yihui.store\/wp-content\/uploads\/2025\/07\/%E6%9C%AA%E6%A0%87%E9%A2%98-221.jpg?resize=800%2C378&#038;ssl=1\" alt=\"\" width=\"800\" height=\"378\"><\/p>\n<p><img data-recalc-dims=\"1\" loading=\"lazy\" decoding=\"async\" class=\"alignnone wp-image-5892 size-full\" src=\"https:\/\/i0.wp.com\/yihui.store\/wp-content\/uploads\/2025\/07\/%E6%9C%AA%E6%A0%87%E9%A2%98-141.jpg?resize=800%2C920&#038;ssl=1\" alt=\"\" width=\"800\" height=\"920\"><\/p>\n<p><img data-recalc-dims=\"1\" loading=\"lazy\" decoding=\"async\" class=\"alignnone wp-image-5936 size-full\" src=\"https:\/\/i0.wp.com\/yihui.store\/wp-content\/uploads\/2025\/07\/%E6%9C%AA%E6%A0%87%E9%A2%98-171-1.jpg?resize=800%2C947&#038;ssl=1\" alt=\"\" width=\"800\" height=\"947\"><\/p>\n<p><img data-recalc-dims=\"1\" loading=\"lazy\" decoding=\"async\" class=\"alignnone wp-image-5892 size-full\" src=\"https:\/\/i0.wp.com\/yihui.store\/wp-content\/uploads\/2025\/07\/%E6%9C%AA%E6%A0%87%E9%A2%98-141.jpg?resize=800%2C920&#038;ssl=1\" alt=\"\" width=\"800\" height=\"920\"><\/p>\n<p><img data-recalc-dims=\"1\" loading=\"lazy\" decoding=\"async\" class=\"alignnone wp-image-5947 size-full\" src=\"https:\/\/i0.wp.com\/yihui.store\/wp-content\/uploads\/2025\/07\/%E6%9C%AA%E6%A0%87%E9%A2%98-191.jpg?resize=800%2C923&#038;ssl=1\" alt=\"\" width=\"800\" height=\"923\"><\/p>\n<p><img data-recalc-dims=\"1\" loading=\"lazy\" decoding=\"async\" class=\"alignnone wp-image-5958 size-full\" src=\"https:\/\/i0.wp.com\/yihui.store\/wp-content\/uploads\/2025\/07\/%E6%9C%AA%E6%A0%87%E9%A2%98-201.jpg?resize=800%2C1170&#038;ssl=1\" alt=\"\" width=\"800\" height=\"1170\"><\/p>\n<p><img data-recalc-dims=\"1\" loading=\"lazy\" decoding=\"async\" class=\"alignnone wp-image-5969 size-full\" src=\"https:\/\/i0.wp.com\/yihui.store\/wp-content\/uploads\/2025\/07\/%E6%9C%AA%E6%A0%87%E9%A2%98-21-2.jpg?resize=800%2C1200&#038;ssl=1\" alt=\"\" width=\"800\" height=\"1200\"><\/p>\n<p><img data-recalc-dims=\"1\" loading=\"lazy\" decoding=\"async\" class=\"alignnone wp-image-5881 size-full\" src=\"https:\/\/i0.wp.com\/yihui.store\/wp-content\/uploads\/2025\/07\/%E6%9C%AA%E6%A0%87%E9%A2%98-131-1.jpg?resize=800%2C287&#038;ssl=1\" alt=\"\" width=\"800\" height=\"287\"><\/p>\n<p><img data-recalc-dims=\"1\" loading=\"lazy\" decoding=\"async\" class=\"wp-image-5870 size-full\" src=\"https:\/\/i0.wp.com\/yihui.store\/wp-content\/uploads\/2025\/07\/%E6%9C%AA%E6%A0%87%E9%A2%98-131.jpg?resize=800%2C916&#038;ssl=1\" alt=\"Feng Shui\" width=\"800\" height=\"916\"><\/p>\n<p><img data-recalc-dims=\"1\" loading=\"lazy\" decoding=\"async\" class=\"alignnone wp-image-5892 size-full\" src=\"https:\/\/i0.wp.com\/yihui.store\/wp-content\/uploads\/2025\/07\/%E6%9C%AA%E6%A0%87%E9%A2%98-141.jpg?resize=800%2C920&#038;ssl=1\" alt=\"\" width=\"800\" height=\"920\"><\/p>\n<p><img data-recalc-dims=\"1\" loading=\"lazy\" decoding=\"async\" class=\"alignnone wp-image-5991\" src=\"https:\/\/i0.wp.com\/yihui.store\/wp-content\/uploads\/2025\/07\/%E6%9C%AA%E6%A0%87%E9%A2%98-243.jpg?resize=794%2C1191&#038;ssl=1\" alt=\"\" width=\"794\" height=\"1191\"> <img data-recalc-dims=\"1\" loading=\"lazy\" decoding=\"async\" class=\"alignnone wp-image-6013 size-full\" src=\"https:\/\/i0.wp.com\/yihui.store\/wp-content\/uploads\/2025\/07\/%E6%9C%AA%E6%A0%87%E9%A2%98-24-1.jpg?resize=800%2C1200&#038;ssl=1\" alt=\"\" width=\"800\" height=\"1200\"> <img data-recalc-dims=\"1\" loading=\"lazy\" decoding=\"async\" class=\"alignnone wp-image-6024 size-full\" src=\"https:\/\/i0.wp.com\/yihui.store\/wp-content\/uploads\/2025\/07\/%E6%9C%AA%E6%A0%87%E9%A2%98-25-1.jpg?resize=800%2C1200&#038;ssl=1\" alt=\"\" width=\"800\" height=\"1200\"><\/p>\n<p>&nbsp;<\/p>\n<table>\n<thead>\n<tr>\n<td colspan=\"3\">\n<h3><strong>Tabla del proceso de env\u00edo<\/strong><\/h3>\n<\/td>\n<\/tr>\n<tr>\n<td><strong>Paso del proceso <\/strong><\/td>\n<td><strong>Operaciones clave <\/strong><\/td>\n<td><strong>L\u00ednea de tiempo\/Descripci\u00f3n <\/strong><\/td>\n<\/tr>\n<\/thead>\n<tbody>\n<tr>\n<td><strong>1. <\/strong>Orden y pago <span class=\"notranslate immersive-translate-target-wrapper\" lang=\"zh-CN\"><br \/>\n<\/span><\/td>\n<td>Complete el correo electr\u00f3nico, el destinatario, el tel\u00e9fono, la direcci\u00f3n, el pago completo<\/td>\n<td>Orden generada autom\u00e1ticamente <span class=\"notranslate immersive-translate-target-wrapper\" lang=\"zh-CN\"><br \/>\n<\/span><\/td>\n<\/tr>\n<tr>\n<td><strong>2. <\/strong>Ceremonia de bendici\u00f3n <span class=\"notranslate immersive-translate-target-wrapper\" lang=\"zh-CN\"><span class=\"notranslate\" data-immersive-translate-translation-element-mark=\"1\"><\/span><\/span>\n<\/td>\n<td>El maestro selecciona una fecha auspiciosa dentro de 3 d\u00edas para bendici\u00f3n y canto<\/td>\n<td>Video corto de bendici\u00f3n enviado por correo electr\u00f3nico \/ WeChat \/ WhatsApp <span class=\"notranslate immersive-translate-target-wrapper\" lang=\"zh-CN\"><br \/>\n<\/span><\/td>\n<\/tr>\n<tr>\n<td><strong>3. <\/strong>Embalaje y amp; Env\u00edo <span class=\"notranslate immersive-translate-target-wrapper\" lang=\"zh-CN\"><span class=\"notranslate\" data-immersive-translate-translation-element-mark=\"1\"><\/span><\/span>\n<\/td>\n<td>Servicio al cliente env\u00eda a trav\u00e9s de mensajer\u00eda internacional (por ejemplo, DHL \/ FedEx) <span class=\"notranslate immersive-translate-target-wrapper\" lang=\"zh-CN\"><br \/>\n<\/span><\/td>\n<td>N\u00famero de seguimiento enviado a correo electr\u00f3nico<\/td>\n<\/tr>\n<tr>\n<td><strong>4. <\/strong>Seguimiento log\u00edstico <span class=\"notranslate immersive-translate-target-wrapper\" lang=\"zh-CN\"><span class=\"notranslate\" data-immersive-translate-translation-element-mark=\"1\"><\/span><\/span>\n<\/td>\n<td>Seguir el progreso del paquete con el n\u00famero de seguimiento <span class=\"notranslate immersive-translate-target-wrapper\" lang=\"zh-CN\"><br \/>\n<\/span><\/td>\n<td>Entrega de 7-10 d\u00edas, apoyo de despacho aduanero<\/td>\n<\/tr>\n<tr>\n<td><strong>5. <\/strong>Confirmaci\u00f3n de entrega <span class=\"notranslate immersive-translate-target-wrapper\" lang=\"zh-CN\"><span class=\"notranslate\" data-immersive-translate-translation-element-mark=\"1\"><\/span><\/span>\n<\/td>\n<td>Apoyo post-venta despu\u00e9s de la entrega <span class=\"notranslate immersive-translate-target-wrapper\" lang=\"zh-CN\"><br \/>\n<\/span><\/td>\n<td>P\u00f3ngase en contacto con el servicio al cliente para cualquier problema <\/td>\n<\/tr>\n<\/tbody>\n<\/table>\n<p><strong>Foco clave para los clientes<\/strong><\/p>\n<p>1\ufe0f\u20e3 Llenar direcci\u00f3n \u2192 2\ufe0f\u20e3 Espera la bendici\u00f3n \u2192 3\ufe0f\u20e3 Recibir n\u00famero de seguimiento \u2192 4\ufe0f\u20e3 Paquete de seguimiento \u2192 5\ufe0f\u20e3 Confirmar la entrega<\/p>\n","protected":false},"excerpt":{"rendered":"<p>&nbsp; Tabla del proceso de env\u00edo Paso del proceso Operaciones clave L\u00ednea de tiempo\/Descripci\u00f3n 1. Orden y pago Complete el<\/p>\n","protected":false},"featured_media":5956,"comment_status":"open","ping_status":"closed","template":"","meta":[],"product_brand":[],"product_cat":[412],"product_tag":[],"class_list":{"0":"post-22243","1":"product","2":"type-product","3":"status-publish","4":"has-post-thumbnail","6":"product_cat-amulets-charms-es","8":"first","9":"instock","10":"sale","11":"purchasable","12":"product-type-variable"},"_links":{"self":[{"href":"https:\/\/yihui.store\/es\/wp-json\/wp\/v2\/product\/22243","targetHints":{"allow":["GET"]}}],"collection":[{"href":"https:\/\/yihui.store\/es\/wp-json\/wp\/v2\/product"}],"about":[{"href":"https:\/\/yihui.store\/es\/wp-json\/wp\/v2\/types\/product"}],"replies":[{"embeddable":true,"href":"https:\/\/yihui.store\/es\/wp-json\/wp\/v2\/comments?post=22243"}],"version-history":[{"count":0,"href":"https:\/\/yihui.store\/es\/wp-json\/wp\/v2\/product\/22243\/revisions"}],"wp:featuredmedia":[{"embeddable":true,"href":"https:\/\/yihui.store\/es\/wp-json\/wp\/v2\/media\/5956"}],"wp:attachment":[{"href":"https:\/\/yihui.store\/es\/wp-json\/wp\/v2\/media?parent=22243"}],"wp:term":[{"taxonomy":"product_brand","embeddable":true,"href":"https:\/\/yihui.store\/es\/wp-json\/wp\/v2\/product_brand?post=22243"},{"taxonomy":"product_cat","embeddable":true,"href":"https:\/\/yihui.store\/es\/wp-json\/wp\/v2\/product_cat?post=22243"},{"taxonomy":"product_tag","embeddable":true,"href":"https:\/\/yihui.store\/es\/wp-json\/wp\/v2\/product_tag?post=22243"}],"curies":[{"name":"wp","href":"https:\/\/api.w.org\/{rel}","templated":true}]}}