{"id":12386,"date":"2025-07-29T06:28:13","date_gmt":"2025-07-29T06:28:13","guid":{"rendered":"https:\/\/yihui.store\/estrategia-de-reembolso-y-devolucion\/"},"modified":"2025-08-14T02:24:47","modified_gmt":"2025-08-14T02:24:47","slug":"estrategia-de-reembolso-y-devolucion","status":"publish","type":"page","link":"https:\/\/yihui.store\/es\/estrategia-de-reembolso-y-devolucion\/","title":{"rendered":"Estrategia de reembolso y devoluci\u00f3n"},"content":{"rendered":"\t\t<div data-elementor-type=\"wp-page\" data-elementor-id=\"12386\" class=\"elementor elementor-12386 elementor-7558\">\n\t\t\t\t<div class=\"wd-negative-gap elementor-element elementor-element-00ad8bc e-flex e-con-boxed e-con e-parent\" data-id=\"00ad8bc\" data-element_type=\"container\" data-e-type=\"container\">\n\t\t\t\t\t<div class=\"e-con-inner\">\n\t\t\t\t<div class=\"elementor-element elementor-element-dbb11a3 elementor-widget elementor-widget-wd_text_block\" data-id=\"dbb11a3\" data-element_type=\"widget\" data-e-type=\"widget\" data-widget_type=\"wd_text_block.default\">\n\t\t\t\t<div class=\"elementor-widget-container\">\n\t\t\t\t\t\t\t<div class=\"wd-text-block reset-last-child text-left\">\n\t\t\t\n\t\t\t<h3>Descripci\u00f3n general<\/h3>\nNuestra pol\u00edtica de reembolso y devoluciones dura 30 d\u00edas. Si han pasado 30 d\u00edas desde su compra, no podemos ofrecerle un reembolso completo o cambio. \n\nPara ser elegible para una devoluci\u00f3n, su art\u00edculo debe estar sin usar y en las mismas condiciones que lo recibi\u00f3. Tambi\u00e9n debe estar en el embalaje original. \n<h2>Reembolsos<\/h2>\nUna vez que su devoluci\u00f3n sea recibida e inspeccionada, le enviaremos un correo electr\u00f3nico para notificarle que hemos recibido su art\u00edculo devuelto. Tambi\u00e9n le notificaremos la aprobaci\u00f3n o rechazo de su reembolso. \n\nSi usted es aprobado, entonces su reembolso ser\u00e1 procesado, y un cr\u00e9dito se aplicar\u00e1 autom\u00e1ticamente a su tarjeta de cr\u00e9dito o m\u00e9todo de pago original, dentro de una cierta cantidad de d\u00edas.\n\n<b>Reembolsos tard\u00edos o ausentes<\/b>\n\nSi a\u00fan no ha recibido un reembolso, primero revise su cuenta bancaria de nuevo.\n\nA continuaci\u00f3n, p\u00f3ngase en contacto con su compa\u00f1\u00eda de tarjeta de cr\u00e9dito, puede tomar alg\u00fan tiempo antes de que su reembolso sea publicado oficialmente.\n\nA continuaci\u00f3n, p\u00f3ngase en contacto con su banco. A menudo hay alg\u00fan tiempo de procesamiento antes de que se publique un reembolso. \n\nSi ha hecho todo esto y todav\u00eda no ha recibido su reembolso, por favor p\u00f3ngase en contacto con nosotros por correo electr\u00f3nico.\n\n<b>Art\u00edculos de venta<\/b>\n\nSolo los art\u00edculos de precio regular pueden ser reembolsados. Los art\u00edculos de venta no pueden ser reembolsados. \n<h2>Intercambio<\/h2>\nSolo reemplazamos art\u00edculos si est\u00e1n defectuosos o da\u00f1ados. Si necesita cambiarlo por el mismo art\u00edculo, env\u00edenos un correo electr\u00f3nico. \n<h2>Regalos<\/h2>\nSi el art\u00edculo fue marcado como regalo cuando fue comprado y enviado directamente a usted, recibir\u00e1 un cr\u00e9dito de regalo por el valor de su devoluci\u00f3n. Una vez que se reciba el art\u00edculo devuelto, se le enviar\u00e1 un certificado de regalo. \n\nSi el art\u00edculo no fue marcado como regalo cuando se compr\u00f3, o el donante del regalo se envi\u00f3 el pedido para darle m\u00e1s tarde, enviaremos un reembolso al donante del regalo y se enterar\u00e1n de su devoluci\u00f3n.\n<h2>Devoluciones de env\u00edo<\/h2>\nPara devolver su producto, debe enviar su producto a nuestra direcci\u00f3n comercial\n\nUsted ser\u00e1 responsable de pagar sus propios gastos de env\u00edo para devolver su art\u00edculo. Los gastos de env\u00edo no son reembolsables. Si recibe un reembolso, el costo del env\u00edo de devoluci\u00f3n se deducir\u00e1 de su reembolso.  \n\nDependiendo de d\u00f3nde viva, el tiempo que puede tardar en que su producto intercambiado llegue a usted puede variar.\n\nSi est\u00e1 devolviendo art\u00edculos m\u00e1s caros, puede considerar usar un servicio de env\u00edo rastreable o comprar un seguro de env\u00edo. No garantizamos que recibiremos su art\u00edculo devuelto. \n<h2>\u00bfNecesitas ayuda?<\/h2>\nP\u00f3ngase en contacto con nosotros por correo electr\u00f3nico para preguntas relacionadas con reembolsos y devoluciones.\n\t\t\t\t\t<\/div>\n\t\t\t\t\t\t<\/div>\n\t\t\t\t<\/div>\n\t\t\t\t\t<\/div>\n\t\t\t\t<\/div>\n\t\t\t\t<\/div>\n\t\t","protected":false},"excerpt":{"rendered":"<p>Descripci\u00f3n general Nuestra pol\u00edtica de reembolso y devoluciones dura 30 d\u00edas. Si han pasado 30 d\u00edas desde su compra, no<\/p>\n","protected":false},"author":1,"featured_media":0,"parent":0,"menu_order":0,"comment_status":"closed","ping_status":"closed","template":"elementor_header_footer","meta":{"footnotes":""},"class_list":["post-12386","page","type-page","status-publish","hentry"],"_links":{"self":[{"href":"https:\/\/yihui.store\/es\/wp-json\/wp\/v2\/pages\/12386","targetHints":{"allow":["GET"]}}],"collection":[{"href":"https:\/\/yihui.store\/es\/wp-json\/wp\/v2\/pages"}],"about":[{"href":"https:\/\/yihui.store\/es\/wp-json\/wp\/v2\/types\/page"}],"author":[{"embeddable":true,"href":"https:\/\/yihui.store\/es\/wp-json\/wp\/v2\/users\/1"}],"replies":[{"embeddable":true,"href":"https:\/\/yihui.store\/es\/wp-json\/wp\/v2\/comments?post=12386"}],"version-history":[{"count":1,"href":"https:\/\/yihui.store\/es\/wp-json\/wp\/v2\/pages\/12386\/revisions"}],"predecessor-version":[{"id":12387,"href":"https:\/\/yihui.store\/es\/wp-json\/wp\/v2\/pages\/12386\/revisions\/12387"}],"wp:attachment":[{"href":"https:\/\/yihui.store\/es\/wp-json\/wp\/v2\/media?parent=12386"}],"curies":[{"name":"wp","href":"https:\/\/api.w.org\/{rel}","templated":true}]}}