{"id":12368,"date":"2025-07-29T06:27:10","date_gmt":"2025-07-29T06:27:10","guid":{"rendered":"https:\/\/yihui.store\/politica-de-privacidad\/"},"modified":"2025-08-14T01:32:08","modified_gmt":"2025-08-14T01:32:08","slug":"politica-de-privacidad","status":"publish","type":"page","link":"https:\/\/yihui.store\/es\/politica-de-privacidad\/","title":{"rendered":"Pol\u00edtica de privacidad"},"content":{"rendered":"\t\t<div data-elementor-type=\"wp-page\" data-elementor-id=\"12368\" class=\"elementor elementor-12368 elementor-7553\">\n\t\t\t\t<div class=\"wd-negative-gap elementor-element elementor-element-00ad8bc e-flex e-con-boxed e-con e-parent\" data-id=\"00ad8bc\" data-element_type=\"container\" data-e-type=\"container\">\n\t\t\t\t\t<div class=\"e-con-inner\">\n\t\t\t\t<div class=\"elementor-element elementor-element-dbb11a3 elementor-widget elementor-widget-wd_text_block\" data-id=\"dbb11a3\" data-element_type=\"widget\" data-e-type=\"widget\" data-widget_type=\"wd_text_block.default\">\n\t\t\t\t<div class=\"elementor-widget-container\">\n\t\t\t\t\t\t\t<div class=\"wd-text-block reset-last-child text-left\">\n\t\t\t\n\t\t\t<h2>\u00bfQui\u00e9nes somos?<\/h2>\n<style>\n        #domain-display {<br\/>\n            font-size: 18px;<br\/>\n            color: black;<br\/>\n        }<br\/>\n    <\/style>\n<div id=\"domain-display\"><\/div>\n<script>  \n        \/\/ \u83b7\u53d6\u5f53\u524d\u9875\u9762\u7684\u57df\u540d  \n        var domain = window.location.hostname;  \n          \n        \/\/ \u83b7\u53d6\u8981\u663e\u793a\u57df\u540d\u7684HTML\u5143\u7d20  \n        var domainDisplayElement = document.getElementById('domain-display');  \n          \n        \/\/ \u5c06\u57df\u540d\u63d2\u5165\u5230HTML\u5143\u7d20\u4e2d  \n        domainDisplayElement.textContent = 'Recommended text: Our website address is:' + domain;  \n    <\/script>\n<h2>Comentario<\/h2>\nTexto recomendado: Cuando un visitante deja un comentario, recopilamos los datos que se muestran en el formulario de comentario, as\u00ed como la direcci\u00f3n IP del visitante y la cadena del agente de usuario del navegador, para ayudar a comprobar si hay comentarios de spam La cadena an\u00f3nima (tambi\u00e9n conocida como hash) generada a partir de su direcci\u00f3n de correo electr\u00f3nico puede proporcionarse al servicio Gravatar para confirmar si est\u00e1 utilizando el servicio. La pol\u00edtica de privacidad de los servicios de Gravatar es la siguiente:\nDespu\u00e9s de que su comentario sea aprobado, su imagen de perfil se mostrar\u00e1 p\u00fablicamente junto a su comentario.  \n<h2>Medios de comunicaci\u00f3n<\/h2>\nTexto recomendado: Si sube im\u00e1genes a este sitio web, debe evitar subir im\u00e1genes con informaci\u00f3n de ubicaci\u00f3n geogr\u00e1fica incrustada (EXIF GPS). Los visitantes de este sitio web podr\u00e1n descargar y extraer informaci\u00f3n de ubicaci\u00f3n de las im\u00e1genes de este sitio web. \n<h2>Cookies<\/h2>\nTexto recomendado: Si deja un comentario en nuestro sitio web, puede elegir usar cookies para guardar su nombre, direcci\u00f3n de correo electr\u00f3nico y direcci\u00f3n del sitio web. Esto es conveniente al permitirle no tener que rellenar el contenido relevante nuevamente al comentar. Estas cookies se conservar\u00e1n durante un a\u00f1o Si visita nuestra p\u00e1gina de inicio de sesi\u00f3n, crearemos una cookie temporal para confirmar si su navegador acepta cookies. Esta cookie no contiene datos personales y se descartar\u00e1 cuando cierre el navegador Cuando inicie sesi\u00f3n, tambi\u00e9n estableceremos m\u00faltiples cookies para guardar su informaci\u00f3n de inicio de sesi\u00f3n y opciones de pantalla. Las cookies de inicio de sesi\u00f3n se conservar\u00e1n durante dos d\u00edas, mientras que las cookies de opci\u00f3n de pantalla se conservar\u00e1n durante un a\u00f1o. Si eliges \u201cRecuerdame\u201d, tu estado de inicio de sesi\u00f3n se conservar\u00e1 durante dos semanas. Si se desconecta de su cuenta, se eliminar\u00e1n las cookies utilizadas para iniciar sesi\u00f3n Si edita o publica un art\u00edculo, guardaremos una cookie adicional en su navegador. Esta cookie no contiene datos personales y solo registra el ID del art\u00edculo que acaba de editar. Esta cookie se conservar\u00e1 durante un d\u00eda        \n<h2>Contenido incrustado de otros sitios web<\/h2>\nTexto recomendado: Los art\u00edculos de este sitio pueden contener contenido incrustado (como v\u00eddeos, im\u00e1genes, art\u00edculos, etc.). El comportamiento del contenido incrustado de otros sitios no es diferente al acceso directo a estos otros sitios Estos sitios pueden recopilar datos sobre usted, usar cookies, incrustar programas de seguimiento adicionales de terceros y monitorear su interacci\u00f3n con el contenido incrustado, incluyendo el seguimiento de su interacci\u00f3n con el contenido incrustado cuando tiene cuentas en estos sitios y inicia sesi\u00f3n en ellos. \n<h2>Con qui\u00e9n compartimos su informaci\u00f3n<\/h2>\nTexto recomendado: Si solicita un restablecimiento de contrase\u00f1a, su direcci\u00f3n IP se incluir\u00e1 en el correo electr\u00f3nico de restablecimiento de contrase\u00f1a\n<h2>\u00bfCu\u00e1nto tiempo conservamos su informaci\u00f3n?<\/h2>\nTexto recomendado: Si dejas un comentario, el comentario y sus metadatos se guardar\u00e1n indefinidamente. Hacemos esto para poder identificar y aprobar autom\u00e1ticamente cualquier comentario posterior sin agregarlos a la cola de revisi\u00f3n pendiente Para los usuarios registrados de este sitio web, tambi\u00e9n guardaremos la informaci\u00f3n personal proporcionada por el usuario en su perfil personal. Todos los usuarios pueden ver, editar o eliminar su informaci\u00f3n personal en cualquier momento (excepto la imposibilidad de cambiar su nombre de usuario), y los administradores del sitio tambi\u00e9n pueden ver y editar esa informaci\u00f3n.  \n<h2>\u00bfQu\u00e9 derechos tienes sobre tu informaci\u00f3n?<\/h2>\n<strong class=\"privacy policy tutorial\">Texto recomendado:<\/strong>Si tiene una cuenta en este sitio o ha dejado un comentario antes, puede solicitarnos que proporcionemos un archivo de exportaci\u00f3n de sus datos personales que tenemos, incluidos todos los datos que nos proporcione. Tambi\u00e9n puede solicitarnos que borremos todos los datos personales sobre usted. Esto no incluye datos que debemos retener debido a necesidades de gesti\u00f3n, regulaci\u00f3n o seguridad.  \n<h2>D\u00f3nde se enviar\u00e1n tus datos<\/h2>\nTexto recomendado: Los comentarios de los visitantes pueden ser comprobados por el servicio autom\u00e1tico de monitoreo de comentarios de spam\n\t\t\t\t\t<\/div>\n\t\t\t\t\t\t<\/div>\n\t\t\t\t<\/div>\n\t\t\t\t\t<\/div>\n\t\t\t\t<\/div>\n\t\t\t\t<\/div>\n\t\t","protected":false},"excerpt":{"rendered":"<p>\u00bfQui\u00e9nes somos? Comentario Texto recomendado: Cuando un visitante deja un comentario, recopilamos los datos que se muestran en el formulario<\/p>\n","protected":false},"author":1,"featured_media":0,"parent":0,"menu_order":0,"comment_status":"closed","ping_status":"closed","template":"elementor_header_footer","meta":{"footnotes":""},"class_list":["post-12368","page","type-page","status-publish","hentry"],"_links":{"self":[{"href":"https:\/\/yihui.store\/es\/wp-json\/wp\/v2\/pages\/12368","targetHints":{"allow":["GET"]}}],"collection":[{"href":"https:\/\/yihui.store\/es\/wp-json\/wp\/v2\/pages"}],"about":[{"href":"https:\/\/yihui.store\/es\/wp-json\/wp\/v2\/types\/page"}],"author":[{"embeddable":true,"href":"https:\/\/yihui.store\/es\/wp-json\/wp\/v2\/users\/1"}],"replies":[{"embeddable":true,"href":"https:\/\/yihui.store\/es\/wp-json\/wp\/v2\/comments?post=12368"}],"version-history":[{"count":1,"href":"https:\/\/yihui.store\/es\/wp-json\/wp\/v2\/pages\/12368\/revisions"}],"predecessor-version":[{"id":12369,"href":"https:\/\/yihui.store\/es\/wp-json\/wp\/v2\/pages\/12368\/revisions\/12369"}],"wp:attachment":[{"href":"https:\/\/yihui.store\/es\/wp-json\/wp\/v2\/media?parent=12368"}],"curies":[{"name":"wp","href":"https:\/\/api.w.org\/{rel}","templated":true}]}}