{"id":12242,"date":"2025-07-29T06:24:42","date_gmt":"2025-07-29T06:24:42","guid":{"rendered":"https:\/\/yihui.store\/metodo-de-pago\/"},"modified":"2025-08-13T08:23:58","modified_gmt":"2025-08-13T08:23:58","slug":"metodo-de-pago","status":"publish","type":"page","link":"https:\/\/yihui.store\/es\/metodo-de-pago\/","title":{"rendered":"M\u00e9todo de pago"},"content":{"rendered":"\t\t<div data-elementor-type=\"wp-page\" data-elementor-id=\"12242\" class=\"elementor elementor-12242 elementor-7548\">\n\t\t\t\t<div class=\"wd-negative-gap elementor-element elementor-element-00ad8bc e-flex e-con-boxed e-con e-parent\" data-id=\"00ad8bc\" data-element_type=\"container\" data-e-type=\"container\">\n\t\t\t\t\t<div class=\"e-con-inner\">\n\t\t\t\t<div class=\"elementor-element elementor-element-dbb11a3 elementor-widget elementor-widget-wd_text_block\" data-id=\"dbb11a3\" data-element_type=\"widget\" data-e-type=\"widget\" data-widget_type=\"wd_text_block.default\">\n\t\t\t\t<div class=\"elementor-widget-container\">\n\t\t\t\t\t\t\t<div class=\"wd-text-block reset-last-child text-left\">\n\t\t\t\n\t\t\t<h2><\/h2>\n<h2>1) M\u00e9todo de pago<\/h2>\nOfrecemos a los usuarios m\u00faltiples m\u00e9todos de pago seguros y convenientes para satisfacer las necesidades de diferentes usuarios. Puede elegir uno o m\u00e1s de los siguientes m\u00e9todos de pago: Pago en l\u00ednea: soporta tarjetas de cr\u00e9dito, tarjetas de d\u00e9bito y plataformas de pago de terceros (paypal, stripe) para el pago en l\u00ednea. En la p\u00e1gina de liquidaci\u00f3n, solo tiene que seleccionar el m\u00e9todo de pago correspondiente y seguir las instrucciones para completar la operaci\u00f3n de pago. Transferencia bancaria: Si prefiere utilizar transferencia bancaria, proporcionaremos informaci\u00f3n detallada de la cuenta bancaria en la p\u00e1gina de liquidaci\u00f3n. Por favor, rellene con precisi\u00f3n la informaci\u00f3n del destinatario durante la transferencia y guarde el cup\u00f3n de transferencia para una f\u00e1cil referencia. Otros m\u00e9todos de pago: Podemos introducir otros m\u00e9todos de pago de vez en cuando, como moneda virtual, tarjetas de regalo, etc. Por favor, consulte la p\u00e1gina de liquidaci\u00f3n para los m\u00e9todos de pago espec\u00edficos que se pueden utilizar.      \n<h2>2 Seguridad del pago<\/h2>\nAgregamos gran importancia a la seguridad del pago de nuestros usuarios y hemos tomado varias medidas de seguridad para garantizar la seguridad de sus fondos: Contrase\u00f1a de pago: Para los m\u00e9todos de pago que requieren la entrada de contrase\u00f1a, utilizamos tecnolog\u00eda de cifrado para proteger su informaci\u00f3n de contrase\u00f1a, asegurando que no se filtre durante la transmisi\u00f3n y el almacenamiento. Identificaci\u00f3n y prevenci\u00f3n de riesgos: realizaremos una evaluaci\u00f3n de riesgos en cada transacci\u00f3n, y para las transacciones fraudulentas o anormales sospechosas, realizaremos una revisi\u00f3n manual o tomaremos otras medidas necesarias. Garant\u00eda de reputaci\u00f3n de las instituciones cooperativas: cooperamos con m\u00faltiples instituciones de pago conocidas para garantizar la estabilidad y fiabilidad de los servicios de pago.  \n<h2>3\u3001Confirmaci\u00f3n de pago y reembolso<\/h2>\nConfirmaci\u00f3n del pago: Despu\u00e9s del pago exitoso, recibir\u00e1 una notificaci\u00f3n de pago exitoso. Mientras tanto, puede comprobar el estado del pago en la p\u00e1gina de pedido de este sitio web. Pol\u00edtica de reembolso: Si el servicio no se proporciona como acordado debido a razones en este sitio web, emitiremos un reembolso basado en su m\u00e9todo de pago. Por favor, consulte la pol\u00edtica de reembolso en este sitio web para el proceso de reembolso espec\u00edfico y la hora.   \n<h2>4 Precauciones<\/h2>\nAl realizar operaciones de pago, aseg\u00farese de que la cuenta de pago que est\u00e1 utilizando tenga fondos suficientes para evitar fallos de pago. Por favor, mantenga la informaci\u00f3n confidencial como contrase\u00f1as de pago y c\u00f3digos de verificaci\u00f3n seguros y no las divulgue a otros. Si encuentra problemas de pago, p\u00f3ngase en contacto con nuestro personal de servicio al cliente de manera oportuna y estaremos encantados de resolver el problema por usted. Por favor lea y entienda cuidadosamente este m\u00e9todo de pago para garantizar un proceso de pago sin problemas. Si tiene alguna pregunta o sugerencia, no dude en ponerse en contacto con nosotros en cualquier momento. \u00a1Gracias por su apoyo y confianza!     \n\t\t\t\t\t<\/div>\n\t\t\t\t\t\t<\/div>\n\t\t\t\t<\/div>\n\t\t\t\t\t<\/div>\n\t\t\t\t<\/div>\n\t\t\t\t<\/div>\n\t\t","protected":false},"excerpt":{"rendered":"<p>1) M\u00e9todo de pago Ofrecemos a los usuarios m\u00faltiples m\u00e9todos de pago seguros y convenientes para satisfacer las necesidades de<\/p>\n","protected":false},"author":1,"featured_media":0,"parent":0,"menu_order":0,"comment_status":"closed","ping_status":"closed","template":"elementor_header_footer","meta":{"footnotes":""},"class_list":["post-12242","page","type-page","status-publish","hentry"],"_links":{"self":[{"href":"https:\/\/yihui.store\/es\/wp-json\/wp\/v2\/pages\/12242","targetHints":{"allow":["GET"]}}],"collection":[{"href":"https:\/\/yihui.store\/es\/wp-json\/wp\/v2\/pages"}],"about":[{"href":"https:\/\/yihui.store\/es\/wp-json\/wp\/v2\/types\/page"}],"author":[{"embeddable":true,"href":"https:\/\/yihui.store\/es\/wp-json\/wp\/v2\/users\/1"}],"replies":[{"embeddable":true,"href":"https:\/\/yihui.store\/es\/wp-json\/wp\/v2\/comments?post=12242"}],"version-history":[{"count":1,"href":"https:\/\/yihui.store\/es\/wp-json\/wp\/v2\/pages\/12242\/revisions"}],"predecessor-version":[{"id":12243,"href":"https:\/\/yihui.store\/es\/wp-json\/wp\/v2\/pages\/12242\/revisions\/12243"}],"wp:attachment":[{"href":"https:\/\/yihui.store\/es\/wp-json\/wp\/v2\/media?parent=12242"}],"curies":[{"name":"wp","href":"https:\/\/api.w.org\/{rel}","templated":true}]}}