{"id":11129,"date":"2025-03-21T13:56:55","date_gmt":"2025-03-21T13:56:55","guid":{"rendered":"https:\/\/yihui.store\/sobre-nosotros\/"},"modified":"2025-08-12T08:35:08","modified_gmt":"2025-08-12T08:35:08","slug":"sobre-nosotros","status":"publish","type":"page","link":"https:\/\/yihui.store\/es\/sobre-nosotros\/","title":{"rendered":"Sobre nosotros"},"content":{"rendered":"\t\t<div data-elementor-type=\"wp-page\" data-elementor-id=\"11129\" class=\"elementor elementor-11129 elementor-70\">\n\t\t\t\t<div class=\"wd-negative-gap elementor-element elementor-element-58153ac wd-section-stretch-content e-flex e-con-boxed e-con e-parent\" data-id=\"58153ac\" data-element_type=\"container\" data-e-type=\"container\">\n\t\t\t\t\t<div class=\"e-con-inner\">\n\t\t\t\t<div class=\"elementor-element elementor-element-c1b2a19 wd-page-title-el elementor-widget elementor-widget-wd_page_title\" data-id=\"c1b2a19\" data-element_type=\"widget\" data-e-type=\"widget\" data-widget_type=\"wd_page_title.default\">\n\t\t\t\t<div class=\"elementor-widget-container\">\n\t\t\t\t\t\t\t\t\t<div class=\"wd-page-title page-title  page-title-default title-size-small title-design-centered wd-section-stretch color-scheme-dark\" style=\"\">\n\t\t\t\t\t<div class=\"container\">\n\t\t\t\t\t\t\t\t\t\t\t\t\t\t\t\t\t\t\t\t\t<h1 class=\"entry-title title\">\n\t\t\t\t\t\t\t\t\tSobre nosotros\t\t\t\t\t\t\t\t<\/h1>\n\n\t\t\t\t\t\t\t\t\t\t\t\t\t\t\t\n\t\t\t\t\t\t\t\t\t\t\t\t\t\t\t<nav class=\"wd-breadcrumbs\"><a href=\"https:\/\/yihui.store\/es\/\">Home<\/a><span class=\"wd-delimiter\"><\/span><span class=\"wd-last\">P\u00e1gina<\/span><\/nav>\t\t\t\t\t\t\t\t\t\t\t\t\t\t\t\t\t\t<\/div>\n\t\t\t\t<\/div>\n\t\t\t\t\t\t\t<\/div>\n\t\t\t\t<\/div>\n\t\t\t\t\t<\/div>\n\t\t\t\t<\/div>\n\t\t<div class=\"wd-negative-gap elementor-element elementor-element-976f3b7 e-flex e-con-boxed e-con e-parent\" data-id=\"976f3b7\" data-element_type=\"container\" data-e-type=\"container\">\n\t\t\t\t\t<div class=\"e-con-inner\">\n\t\t\t\t<div class=\"elementor-element elementor-element-3e45e1a elementor-widget elementor-widget-wd_image_or_svg\" data-id=\"3e45e1a\" data-element_type=\"widget\" data-e-type=\"widget\" data-widget_type=\"wd_image_or_svg.default\">\n\t\t\t\t<div class=\"elementor-widget-container\">\n\t\t\t\t\t\n\t\t<div class=\"wd-image text-left\">\n\t\t\t\t\t\t\t\t<img fetchpriority=\"high\" decoding=\"async\" width=\"2500\" height=\"2500\" src=\"https:\/\/i0.wp.com\/yihui.store\/wp-content\/uploads\/2025\/06\/%E5%BE%AE%E4%BF%A1%E5%9B%BE%E7%89%87_20250630020439.jpg?fit=2500%2C2500&amp;ssl=1\" class=\"attachment-full size-full\" alt=\"\" \/>\t\t\t\t\t<\/div>\n\n\t\t\t\t\t\t<\/div>\n\t\t\t\t<\/div>\n\t\t\t\t\t<\/div>\n\t\t\t\t<\/div>\n\t\t<div class=\"wd-negative-gap elementor-element elementor-element-86e6c18 e-flex e-con-boxed e-con e-parent\" data-id=\"86e6c18\" data-element_type=\"container\" data-e-type=\"container\">\n\t\t\t\t\t<div class=\"e-con-inner\">\n\t\t<div class=\"elementor-element elementor-element-142f7d7 e-con-full e-flex e-con e-child\" data-id=\"142f7d7\" data-element_type=\"container\" data-e-type=\"container\">\n\t\t\t\t<div class=\"elementor-element elementor-element-fd8f81b wd-width-100 elementor-widget elementor-widget-wd_title\" data-id=\"fd8f81b\" data-element_type=\"widget\" data-e-type=\"widget\" data-widget_type=\"wd_title.default\">\n\t\t\t\t<div class=\"elementor-widget-container\">\n\t\t\t\t\t\t\t<div class=\"title-wrapper wd-set-mb reset-last-child wd-title-color-default wd-title-style-default wd-title-size-default text-left\">\n\n\t\t\t\n\t\t\t<div class=\"liner-continer\">\n\t\t\t\t<h4 class=\"woodmart-title-container title wd-fontsize-l\">El experto pr\u00e1ctico m\u00e1s poderoso en el Libro de los Cambios en China<\/h4> \n\t\t\t\t\t\t\t<\/div>\n\n\t\t\t\t\t<\/div>\n\t\t\t\t\t\t<\/div>\n\t\t\t\t<\/div>\n\t\t\t\t<\/div>\n\t\t<div class=\"elementor-element elementor-element-34640f4 e-con-full e-flex e-con e-child\" data-id=\"34640f4\" data-element_type=\"container\" data-e-type=\"container\">\n\t\t\t\t<div class=\"elementor-element elementor-element-a0be9df elementor-widget elementor-widget-wd_text_block\" data-id=\"a0be9df\" data-element_type=\"widget\" data-e-type=\"widget\" data-widget_type=\"wd_text_block.default\">\n\t\t\t\t<div class=\"elementor-widget-container\">\n\t\t\t\t\t\t\t<div class=\"wd-text-block reset-last-child text-left\">\n\t\t\t\n\t\t\t<p>El profesor Zhao Zhansheng, de nacionalidad Han, naci\u00f3 en la ciudad de Wuxue, provincia de Hubei, en noviembre de 1969.<\/p><p>Hubei Yi Hui Sinology Culture Communication Co., Ltd. y el Instituto de Investigaci\u00f3n China Tianxing Fengshui insisten en combinar la cultura Yi-ology con el conocimiento cient\u00edfico moderno, la experiencia de gesti\u00f3n moderna y la filosof\u00eda de los tiempos antiguos y modernos, y aplicando la esencia de Yi-ology a la sociedad actual.Adherirse a las ideas de desarrollo cient\u00edfico y armonioso, esforzarse por promover el desarrollo de la cultura de la Yi-olog\u00eda, aumentar el aumento de la construcci\u00f3n de la cultura de Yi-olog\u00eda, llevar adelante la excelente tradici\u00f3n de la cultura china y construir un hogar espiritual para la naci\u00f3n china con una cultura y una naci\u00f3n chinas comunes. <\/p>\n\t\t\t\t\t<\/div>\n\t\t\t\t\t\t<\/div>\n\t\t\t\t<\/div>\n\t\t\t\t<\/div>\n\t\t\t\t\t<\/div>\n\t\t\t\t<\/div>\n\t\t<div class=\"wd-negative-gap elementor-element elementor-element-0c7ec7a wd-section-stretch-content e-flex e-con-boxed e-con e-parent\" data-id=\"0c7ec7a\" data-element_type=\"container\" data-e-type=\"container\">\n\t\t\t\t\t<div class=\"e-con-inner\">\n\t\t\t\t<div class=\"elementor-element elementor-element-a5bc5b0 wd-width-100 elementor-widget elementor-widget-wd_images_gallery\" data-id=\"a5bc5b0\" data-element_type=\"widget\" data-e-type=\"widget\" data-widget_type=\"wd_images_gallery.default\">\n\t\t\t\t<div class=\"elementor-widget-container\">\n\t\t\t\t\t\t\t<div class=\"wd-images-gallery wd-carousel-container\" style=\"--wd-align-items:center; --wd-justify-content:center;\">\n\t\t\t\t\t\t\t<div class=\"wd-carousel-inner\">\n\t\t\t\t\t\t<div class=\"wd-carousel wd-grid\" data-scroll_per_page=\"yes\" style=\"--wd-col-lg:5;--wd-col-md:3;--wd-col-sm:1;--wd-gap-lg:20px;--wd-gap-sm:10px;\">\n\t\t\t\t\t\t\t\t\t<div class=\"wd-carousel-wrap\">\n\t\t\t\t\t\t\t\t\t\t\t\t\t\t\t\t\t\t<div class=\"wd-gallery-item wd-carousel-item\">\n\t\t\t\t\t\t\n\t\t\t\t\t\t<img decoding=\"async\" width=\"1280\" height=\"720\" src=\"https:\/\/i0.wp.com\/yihui.store\/wp-content\/uploads\/2025\/06\/be6ea8.jpg?fit=1280%2C720&amp;ssl=1\" class=\"attachment-full size-full\" alt=\"be6ea8\" srcset=\"https:\/\/i0.wp.com\/yihui.store\/wp-content\/uploads\/2025\/06\/be6ea8.jpg?w=1280&amp;ssl=1 1280w, https:\/\/i0.wp.com\/yihui.store\/wp-content\/uploads\/2025\/06\/be6ea8.jpg?resize=400%2C225&amp;ssl=1 400w, https:\/\/i0.wp.com\/yihui.store\/wp-content\/uploads\/2025\/06\/be6ea8.jpg?resize=768%2C432&amp;ssl=1 768w, https:\/\/i0.wp.com\/yihui.store\/wp-content\/uploads\/2025\/06\/be6ea8.jpg?resize=430%2C242&amp;ssl=1 430w, https:\/\/i0.wp.com\/yihui.store\/wp-content\/uploads\/2025\/06\/be6ea8.jpg?resize=700%2C394&amp;ssl=1 700w, https:\/\/i0.wp.com\/yihui.store\/wp-content\/uploads\/2025\/06\/be6ea8.jpg?resize=180%2C101&amp;ssl=1 180w\" sizes=\"(max-width: 1000px) 100vw, 1000px\" \/>\n\t\t\t\t\t\t\t\t\t\t\t<\/div>\n\t\t\t\t\t\t\t\t\t\t\t\t\t\t\t<div class=\"wd-gallery-item wd-carousel-item\">\n\t\t\t\t\t\t\n\t\t\t\t\t\t<img decoding=\"async\" width=\"900\" height=\"510\" src=\"https:\/\/i0.wp.com\/yihui.store\/wp-content\/uploads\/2025\/06\/e99eb116a4aaf97b2507e1b5330b7d4f.jpg?fit=900%2C510&amp;ssl=1\" class=\"attachment-full size-full\" alt=\"e99eb116a4aaf97b2507e1b5330b7d4f\" srcset=\"https:\/\/i0.wp.com\/yihui.store\/wp-content\/uploads\/2025\/06\/e99eb116a4aaf97b2507e1b5330b7d4f.jpg?w=900&amp;ssl=1 900w, https:\/\/i0.wp.com\/yihui.store\/wp-content\/uploads\/2025\/06\/e99eb116a4aaf97b2507e1b5330b7d4f.jpg?resize=400%2C227&amp;ssl=1 400w, https:\/\/i0.wp.com\/yihui.store\/wp-content\/uploads\/2025\/06\/e99eb116a4aaf97b2507e1b5330b7d4f.jpg?resize=768%2C435&amp;ssl=1 768w, https:\/\/i0.wp.com\/yihui.store\/wp-content\/uploads\/2025\/06\/e99eb116a4aaf97b2507e1b5330b7d4f.jpg?resize=430%2C244&amp;ssl=1 430w, https:\/\/i0.wp.com\/yihui.store\/wp-content\/uploads\/2025\/06\/e99eb116a4aaf97b2507e1b5330b7d4f.jpg?resize=700%2C397&amp;ssl=1 700w, https:\/\/i0.wp.com\/yihui.store\/wp-content\/uploads\/2025\/06\/e99eb116a4aaf97b2507e1b5330b7d4f.jpg?resize=180%2C102&amp;ssl=1 180w\" sizes=\"(max-width: 900px) 100vw, 900px\" \/>\n\t\t\t\t\t\t\t\t\t\t\t<\/div>\n\t\t\t\t\t\t\t\t\t\t\t\t\t\t\t<div class=\"wd-gallery-item wd-carousel-item\">\n\t\t\t\t\t\t\n\t\t\t\t\t\t<img loading=\"lazy\" decoding=\"async\" width=\"1280\" height=\"720\" src=\"https:\/\/i0.wp.com\/yihui.store\/wp-content\/uploads\/2025\/06\/17a65f59e255cf1a96d173b5bc839ffb.jpg?fit=1280%2C720&amp;ssl=1\" class=\"attachment-full size-full\" alt=\"17a65f59e255cf1a96d173b5bc839ffb\" srcset=\"https:\/\/i0.wp.com\/yihui.store\/wp-content\/uploads\/2025\/06\/17a65f59e255cf1a96d173b5bc839ffb.jpg?w=1280&amp;ssl=1 1280w, https:\/\/i0.wp.com\/yihui.store\/wp-content\/uploads\/2025\/06\/17a65f59e255cf1a96d173b5bc839ffb.jpg?resize=400%2C225&amp;ssl=1 400w, https:\/\/i0.wp.com\/yihui.store\/wp-content\/uploads\/2025\/06\/17a65f59e255cf1a96d173b5bc839ffb.jpg?resize=768%2C432&amp;ssl=1 768w, https:\/\/i0.wp.com\/yihui.store\/wp-content\/uploads\/2025\/06\/17a65f59e255cf1a96d173b5bc839ffb.jpg?resize=430%2C242&amp;ssl=1 430w, https:\/\/i0.wp.com\/yihui.store\/wp-content\/uploads\/2025\/06\/17a65f59e255cf1a96d173b5bc839ffb.jpg?resize=700%2C394&amp;ssl=1 700w, https:\/\/i0.wp.com\/yihui.store\/wp-content\/uploads\/2025\/06\/17a65f59e255cf1a96d173b5bc839ffb.jpg?resize=180%2C101&amp;ssl=1 180w\" sizes=\"(max-width: 1000px) 100vw, 1000px\" \/>\n\t\t\t\t\t\t\t\t\t\t\t<\/div>\n\t\t\t\t\t\t\t\t\t\t\t\t\t\t\t<div class=\"wd-gallery-item wd-carousel-item\">\n\t\t\t\t\t\t\n\t\t\t\t\t\t<img loading=\"lazy\" decoding=\"async\" width=\"1280\" height=\"720\" src=\"https:\/\/i0.wp.com\/yihui.store\/wp-content\/uploads\/2025\/06\/d4ea3571b33ebafa1f8cc8d1837ffb57.jpg?fit=1280%2C720&amp;ssl=1\" class=\"attachment-full size-full\" alt=\"d4ea3571b33ebafa1f8cc8d1837ffb57\" srcset=\"https:\/\/i0.wp.com\/yihui.store\/wp-content\/uploads\/2025\/06\/d4ea3571b33ebafa1f8cc8d1837ffb57.jpg?w=1280&amp;ssl=1 1280w, https:\/\/i0.wp.com\/yihui.store\/wp-content\/uploads\/2025\/06\/d4ea3571b33ebafa1f8cc8d1837ffb57.jpg?resize=400%2C225&amp;ssl=1 400w, https:\/\/i0.wp.com\/yihui.store\/wp-content\/uploads\/2025\/06\/d4ea3571b33ebafa1f8cc8d1837ffb57.jpg?resize=768%2C432&amp;ssl=1 768w, https:\/\/i0.wp.com\/yihui.store\/wp-content\/uploads\/2025\/06\/d4ea3571b33ebafa1f8cc8d1837ffb57.jpg?resize=430%2C242&amp;ssl=1 430w, https:\/\/i0.wp.com\/yihui.store\/wp-content\/uploads\/2025\/06\/d4ea3571b33ebafa1f8cc8d1837ffb57.jpg?resize=700%2C394&amp;ssl=1 700w, https:\/\/i0.wp.com\/yihui.store\/wp-content\/uploads\/2025\/06\/d4ea3571b33ebafa1f8cc8d1837ffb57.jpg?resize=180%2C101&amp;ssl=1 180w\" sizes=\"(max-width: 1000px) 100vw, 1000px\" \/>\n\t\t\t\t\t\t\t\t\t\t\t<\/div>\n\t\t\t\t\t\t\t\t\t\t\t\t\t\t\t<div class=\"wd-gallery-item wd-carousel-item\">\n\t\t\t\t\t\t\n\t\t\t\t\t\t<img decoding=\"async\" width=\"1280\" height=\"720\" src=\"https:\/\/i0.wp.com\/yihui.store\/wp-content\/uploads\/2025\/06\/be6ea8.jpg?fit=1280%2C720&amp;ssl=1\" class=\"attachment-full size-full\" alt=\"be6ea8\" srcset=\"https:\/\/i0.wp.com\/yihui.store\/wp-content\/uploads\/2025\/06\/be6ea8.jpg?w=1280&amp;ssl=1 1280w, https:\/\/i0.wp.com\/yihui.store\/wp-content\/uploads\/2025\/06\/be6ea8.jpg?resize=400%2C225&amp;ssl=1 400w, https:\/\/i0.wp.com\/yihui.store\/wp-content\/uploads\/2025\/06\/be6ea8.jpg?resize=768%2C432&amp;ssl=1 768w, https:\/\/i0.wp.com\/yihui.store\/wp-content\/uploads\/2025\/06\/be6ea8.jpg?resize=430%2C242&amp;ssl=1 430w, https:\/\/i0.wp.com\/yihui.store\/wp-content\/uploads\/2025\/06\/be6ea8.jpg?resize=700%2C394&amp;ssl=1 700w, https:\/\/i0.wp.com\/yihui.store\/wp-content\/uploads\/2025\/06\/be6ea8.jpg?resize=180%2C101&amp;ssl=1 180w\" sizes=\"(max-width: 1000px) 100vw, 1000px\" \/>\n\t\t\t\t\t\t\t\t\t\t\t<\/div>\n\t\t\t\t\t\t\t\t\t\t\t\t\t\t\t\t<\/div>\n\t\t\t\t\t\t\t\t<\/div>\n\t\t\t\t\t\t\t\t\t\t\t\t\t\t<div class=\"wd-nav-arrows wd-pos-sep wd-hover-1 wd-icon-1\">\n\t\t\t<div class=\"wd-btn-arrow wd-prev wd-disabled\">\n\t\t\t\t<div class=\"wd-arrow-inner\"><\/div>\n\t\t\t<\/div>\n\t\t\t<div class=\"wd-btn-arrow wd-next\">\n\t\t\t\t<div class=\"wd-arrow-inner\"><\/div>\n\t\t\t<\/div>\n\t\t<\/div>\n\t\t\t\t\t\t\n\t\t\t\t<\/div>\n\n\t\t\t\t\t\t\t\t\t\t\t\t\t<\/div>\n\t\t\t\t\t\t<\/div>\n\t\t\t\t<\/div>\n\t\t\t\t\t<\/div>\n\t\t\t\t<\/div>\n\t\t\t\t<\/div>\n\t\t","protected":false},"excerpt":{"rendered":"<p>El experto pr\u00e1ctico m\u00e1s poderoso en el Libro de los Cambios en China El profesor Zhao Zhansheng, de nacionalidad Han,<\/p>\n","protected":false},"author":1,"featured_media":0,"parent":0,"menu_order":0,"comment_status":"closed","ping_status":"closed","template":"","meta":{"footnotes":""},"class_list":["post-11129","page","type-page","status-publish","hentry"],"_links":{"self":[{"href":"https:\/\/yihui.store\/es\/wp-json\/wp\/v2\/pages\/11129","targetHints":{"allow":["GET"]}}],"collection":[{"href":"https:\/\/yihui.store\/es\/wp-json\/wp\/v2\/pages"}],"about":[{"href":"https:\/\/yihui.store\/es\/wp-json\/wp\/v2\/types\/page"}],"author":[{"embeddable":true,"href":"https:\/\/yihui.store\/es\/wp-json\/wp\/v2\/users\/1"}],"replies":[{"embeddable":true,"href":"https:\/\/yihui.store\/es\/wp-json\/wp\/v2\/comments?post=11129"}],"version-history":[{"count":1,"href":"https:\/\/yihui.store\/es\/wp-json\/wp\/v2\/pages\/11129\/revisions"}],"predecessor-version":[{"id":11139,"href":"https:\/\/yihui.store\/es\/wp-json\/wp\/v2\/pages\/11129\/revisions\/11139"}],"wp:attachment":[{"href":"https:\/\/yihui.store\/es\/wp-json\/wp\/v2\/media?parent=11129"}],"curies":[{"name":"wp","href":"https:\/\/api.w.org\/{rel}","templated":true}]}}