{"id":31707,"date":"2025-07-11T11:29:42","date_gmt":"2025-07-11T11:29:42","guid":{"rendered":"https:\/\/yihui.store\/product\/natur-zitrin-armband-fuer-reichtum\/"},"modified":"2025-07-11T11:29:42","modified_gmt":"2025-07-11T11:29:42","slug":"natur-zitrin-armband-fuer-reichtum","status":"publish","type":"product","link":"https:\/\/yihui.store\/de\/produkt\/natur-zitrin-armband-fuer-reichtum\/","title":{"rendered":"Natur Zitrin Armband (f\u00fcr Reichtum)"},"content":{"rendered":"<div id=\"offer-template-0\">\n<div class=\"KOBWr4M6dz--infoItem--_6d170e8\">\n<div title=\"Marken\" data-spm-anchor-id=\"pc_detail.29232929\/evo365560b447257.202205.i1.bb797dd6nrAsAq\">Nat\u00fcrliche Zitrin Reichtum Feng Shui Armband<\/div>\n<div title=\"Marken\" data-spm-anchor-id=\"pc_detail.29232929\/evo365560b447257.202205.i1.bb797dd6nrAsAq\"><\/div>\n<div class=\"KOBWr4M6dz--infoItemTitle--_1ce349f\" title=\"Marken\" data-spm-anchor-id=\"pc_detail.29232929\/evo365560b447257.202205.i1.bb797dd6nrAsAq\">Material<br \/>\nNaturkristalle\/Edelsteine<br \/>\nArmbandl\u00e4nge<br \/>\n14cm, 15cm, 16cm, 17cm<br \/>\nMuster: Gl\u00fcckselige Wolken, gl\u00fcckselige Symbole<br \/>\nInlay Material<br \/>\nSilber vergoldet mit Gold, Edelsteine<\/div>\n<div title=\"Marken\" data-spm-anchor-id=\"pc_detail.29232929\/evo365560b447257.202205.i1.bb797dd6nrAsAq\"><\/div>\n<\/div>\n<div class=\"KOBWr4M6dz--infoItem--_6d170e8\">\n<div title=\"Gold\/K Gold-Einbausteine\"><img data-recalc-dims=\"1\" fetchpriority=\"high\" decoding=\"async\" class=\"alignnone wp-image-6262\" src=\"https:\/\/i0.wp.com\/yihui.store\/wp-content\/uploads\/2025\/07\/%E6%9C%AA%E6%A0%87%E9%A2%98-311.jpg?resize=800%2C1063&#038;ssl=1\" alt=\"\" width=\"800\" height=\"1063\"><\/div>\n<\/div>\n<div class=\"KOBWr4M6dz--infoItem--_6d170e8\">\n<div title=\"Naturgelber Kristall [6mm] + Bernstein + Sinken + Altfranz\u00f6sisch reines Silber vergoldet, Naturgelber Kristall [8mm] + Bernstein + Sinken + Altfranz\u00f6sisch reines Silber vergoldet, Hand-Referenz [Kontaktieren Sie den Kundenservice, wenn Sie Hilfe ben\u00f6tigen]\">M\u00f6gen Ihre Bem\u00fchungen schlie\u00dflich gro\u00dfz\u00fcgig belohnt werden<br \/>\nReichtum und Sch\u00f6nheit kommen wie geplant<br \/>\nGelber Kristall ist der Stein des Reichtums, symbolisiert Gl\u00fcck und Reichtum, wie eine warme Fr\u00fchlingssonne, symbolisiert W\u00e4rme und Hoffnung,<br \/>\nPers\u00f6nliche Energie und Aura in die Karriere zu bringen macht es attraktiver<br \/>\nAgarwood, das Holz, das hundert Jahre spirituelle Energie sammelt, gibt den Menschen eine ruhige Denkweise<br \/>\nGoldverzierungen st\u00e4rken die F\u00fchrungskraft der Reichtumsenergie<br \/>\nNat\u00fcrlicher Bernstein ist der Stein der Energie, gebildet durch pflanzliche Essenz<br \/>\nAgarholz Bernstein Zitringold<br \/>\nBildung einer kontinuierlichen Energiestr\u00f6mungsleitung<br \/>\nDie Endenergie kann \u00fcber das Magnetfeld des Goldes an den Tr\u00e4ger \u00fcbertragen werden<br \/>\nErh\u00f6hen Sie Reichtum und Energie f\u00fcr den Tr\u00e4ger<\/div>\n<div title=\"Naturgelber Kristall [6mm] + Bernstein + Sinken + Altfranz\u00f6sisch reines Silber vergoldet, Naturgelber Kristall [8mm] + Bernstein + Sinken + Altfranz\u00f6sisch reines Silber vergoldet, Hand-Referenz [Kontaktieren Sie den Kundenservice, wenn Sie Hilfe ben\u00f6tigen]\"><img data-recalc-dims=\"1\" decoding=\"async\" class=\"alignnone wp-image-6308 size-full\" src=\"https:\/\/i0.wp.com\/yihui.store\/wp-content\/uploads\/2025\/07\/%E6%9C%AA%E6%A0%87%E9%A2%98-331-1.jpg?resize=800%2C610&#038;ssl=1\" alt=\"\" width=\"800\" height=\"610\"><\/div>\n<div title=\"Naturgelber Kristall [6mm] + Bernstein + Sinken + Altfranz\u00f6sisch reines Silber vergoldet, Naturgelber Kristall [8mm] + Bernstein + Sinken + Altfranz\u00f6sisch reines Silber vergoldet, Hand-Referenz [Kontaktieren Sie den Kundenservice, wenn Sie Hilfe ben\u00f6tigen]\"><img data-recalc-dims=\"1\" decoding=\"async\" class=\"alignnone wp-image-6297 size-full\" src=\"https:\/\/i0.wp.com\/yihui.store\/wp-content\/uploads\/2025\/07\/%E6%9C%AA%E6%A0%87%E9%A2%98-341.jpg?resize=800%2C555&#038;ssl=1\" alt=\"\" width=\"800\" height=\"555\"><\/div>\n<div title=\"Naturgelber Kristall [6mm] + Bernstein + Sinken + Altfranz\u00f6sisch reines Silber vergoldet, Naturgelber Kristall [8mm] + Bernstein + Sinken + Altfranz\u00f6sisch reines Silber vergoldet, Hand-Referenz [Kontaktieren Sie den Kundenservice, wenn Sie Hilfe ben\u00f6tigen]\"><img data-recalc-dims=\"1\" loading=\"lazy\" decoding=\"async\" class=\"alignnone wp-image-6319 size-full\" src=\"https:\/\/i0.wp.com\/yihui.store\/wp-content\/uploads\/2025\/07\/%E6%9C%AA%E6%A0%87%E9%A2%98-351.jpg?resize=800%2C486&#038;ssl=1\" alt=\"\" width=\"800\" height=\"486\"><\/div>\n<div title=\"Naturgelber Kristall [6mm] + Bernstein + Sinken + Altfranz\u00f6sisch reines Silber vergoldet, Naturgelber Kristall [8mm] + Bernstein + Sinken + Altfranz\u00f6sisch reines Silber vergoldet, Hand-Referenz [Kontaktieren Sie den Kundenservice, wenn Sie Hilfe ben\u00f6tigen]\"><img data-recalc-dims=\"1\" loading=\"lazy\" decoding=\"async\" class=\"alignnone wp-image-6352 size-full\" src=\"https:\/\/i0.wp.com\/yihui.store\/wp-content\/uploads\/2025\/07\/%E6%9C%AA%E6%A0%87%E9%A2%98-3611.jpg?resize=800%2C469&#038;ssl=1\" alt=\"\" width=\"800\" height=\"469\"><\/div>\n<div title=\"Naturgelber Kristall [6mm] + Bernstein + Sinken + Altfranz\u00f6sisch reines Silber vergoldet, Naturgelber Kristall [8mm] + Bernstein + Sinken + Altfranz\u00f6sisch reines Silber vergoldet, Hand-Referenz [Kontaktieren Sie den Kundenservice, wenn Sie Hilfe ben\u00f6tigen]\"><img data-recalc-dims=\"1\" loading=\"lazy\" decoding=\"async\" class=\"alignnone wp-image-6363 size-full\" src=\"https:\/\/i0.wp.com\/yihui.store\/wp-content\/uploads\/2025\/07\/%E6%9C%AA%E6%A0%87%E9%A2%98-371.jpg?resize=800%2C477&#038;ssl=1\" alt=\"\" width=\"800\" height=\"477\"><\/div>\n<div title=\"Naturgelber Kristall [6mm] + Bernstein + Sinken + Altfranz\u00f6sisch reines Silber vergoldet, Naturgelber Kristall [8mm] + Bernstein + Sinken + Altfranz\u00f6sisch reines Silber vergoldet, Hand-Referenz [Kontaktieren Sie den Kundenservice, wenn Sie Hilfe ben\u00f6tigen]\"><img data-recalc-dims=\"1\" loading=\"lazy\" decoding=\"async\" class=\"alignnone wp-image-6374 size-full\" src=\"https:\/\/i0.wp.com\/yihui.store\/wp-content\/uploads\/2025\/07\/%E6%9C%AA%E6%A0%87%E9%A2%98-381.jpg?resize=800%2C637&#038;ssl=1\" alt=\"\" width=\"800\" height=\"637\"><\/div>\n<div title=\"Naturgelber Kristall [6mm] + Bernstein + Sinken + Altfranz\u00f6sisch reines Silber vergoldet, Naturgelber Kristall [8mm] + Bernstein + Sinken + Altfranz\u00f6sisch reines Silber vergoldet, Hand-Referenz [Kontaktieren Sie den Kundenservice, wenn Sie Hilfe ben\u00f6tigen]\"><img data-recalc-dims=\"1\" loading=\"lazy\" decoding=\"async\" class=\"alignnone wp-image-6385 size-full\" src=\"https:\/\/i0.wp.com\/yihui.store\/wp-content\/uploads\/2025\/07\/%E6%9C%AA%E6%A0%87%E9%A2%98-39.jpg?resize=800%2C800&#038;ssl=1\" alt=\"\" width=\"800\" height=\"800\"><\/div>\n<div title=\"Naturgelber Kristall [6mm] + Bernstein + Sinken + Altfranz\u00f6sisch reines Silber vergoldet, Naturgelber Kristall [8mm] + Bernstein + Sinken + Altfranz\u00f6sisch reines Silber vergoldet, Hand-Referenz [Kontaktieren Sie den Kundenservice, wenn Sie Hilfe ben\u00f6tigen]\"><img data-recalc-dims=\"1\" loading=\"lazy\" decoding=\"async\" class=\"alignnone wp-image-6407 size-full\" src=\"https:\/\/i0.wp.com\/yihui.store\/wp-content\/uploads\/2025\/07\/%E6%9C%AA%E6%A0%87%E9%A2%98-40.jpg?resize=800%2C800&#038;ssl=1\" alt=\"\" width=\"800\" height=\"800\"><\/div>\n<div title=\"Naturgelber Kristall [6mm] + Bernstein + Sinken + Altfranz\u00f6sisch reines Silber vergoldet, Naturgelber Kristall [8mm] + Bernstein + Sinken + Altfranz\u00f6sisch reines Silber vergoldet, Hand-Referenz [Kontaktieren Sie den Kundenservice, wenn Sie Hilfe ben\u00f6tigen]\"><img data-recalc-dims=\"1\" loading=\"lazy\" decoding=\"async\" class=\"alignnone wp-image-6418 size-full\" src=\"https:\/\/i0.wp.com\/yihui.store\/wp-content\/uploads\/2025\/07\/%E6%9C%AA%E6%A0%87%E9%A2%98-41.jpg?resize=800%2C800&#038;ssl=1\" alt=\"\" width=\"800\" height=\"800\"><\/div>\n<\/div>\n<\/div>\n<div title=\"Naturgelber Kristall [6mm] + Bernstein + Sinken + Altfranz\u00f6sisch reines Silber vergoldet, Naturgelber Kristall [8mm] + Bernstein + Sinken + Altfranz\u00f6sisch reines Silber vergoldet, Hand-Referenz [Kontaktieren Sie den Kundenservice, wenn Sie Hilfe ben\u00f6tigen]\">Der Artikel ist zur Vorbestellung<br \/>\nHandschnur muss vor dem Versand poliert werden<br \/>\nVerbessern Sie das darin enthaltene Energiemagnetfeld<br \/>\nVerwendet, um den Reichtum und die Energie des Tr\u00e4gers zu erh\u00f6hen<br \/>\nLieferung kann um 1-3 Tage verz\u00f6gert werden<br \/>\nBitte verstehen<br \/>\nWenn wir eine R\u00fccksendung in Betracht ziehen, kommunizieren wir \u00fcber WhatsApp innerhalb von 15 Werktagen, berechnet ab dem Tag des Eingangs des Artikels, und wir werden das Problem umgehend beheben.<\/div>\n","protected":false},"excerpt":{"rendered":"<p>Nat\u00fcrliche Zitrin Reichtum Feng Shui Armband Material Naturkristalle\/Edelsteine Armbandl\u00e4nge 14cm, 15cm, 16cm, 17cm Muster: Gl\u00fcckselige Wolken, gl\u00fcckselige Symbole Inlay Material<\/p>\n","protected":false},"featured_media":6437,"comment_status":"open","ping_status":"closed","template":"","meta":[],"product_brand":[],"product_cat":[271],"product_tag":[],"class_list":{"0":"post-31707","1":"product","2":"type-product","3":"status-publish","4":"has-post-thumbnail","6":"product_cat-amulets-charms-de","8":"first","9":"instock","10":"sale","11":"taxable","12":"shipping-taxable","13":"purchasable","14":"product-type-simple"},"_links":{"self":[{"href":"https:\/\/yihui.store\/de\/wp-json\/wp\/v2\/product\/31707","targetHints":{"allow":["GET"]}}],"collection":[{"href":"https:\/\/yihui.store\/de\/wp-json\/wp\/v2\/product"}],"about":[{"href":"https:\/\/yihui.store\/de\/wp-json\/wp\/v2\/types\/product"}],"replies":[{"embeddable":true,"href":"https:\/\/yihui.store\/de\/wp-json\/wp\/v2\/comments?post=31707"}],"version-history":[{"count":0,"href":"https:\/\/yihui.store\/de\/wp-json\/wp\/v2\/product\/31707\/revisions"}],"wp:featuredmedia":[{"embeddable":true,"href":"https:\/\/yihui.store\/de\/wp-json\/wp\/v2\/media\/6437"}],"wp:attachment":[{"href":"https:\/\/yihui.store\/de\/wp-json\/wp\/v2\/media?parent=31707"}],"wp:term":[{"taxonomy":"product_brand","embeddable":true,"href":"https:\/\/yihui.store\/de\/wp-json\/wp\/v2\/product_brand?post=31707"},{"taxonomy":"product_cat","embeddable":true,"href":"https:\/\/yihui.store\/de\/wp-json\/wp\/v2\/product_cat?post=31707"},{"taxonomy":"product_tag","embeddable":true,"href":"https:\/\/yihui.store\/de\/wp-json\/wp\/v2\/product_tag?post=31707"}],"curies":[{"name":"wp","href":"https:\/\/api.w.org\/{rel}","templated":true}]}}