{"id":21807,"date":"2025-07-11T11:47:03","date_gmt":"2025-07-11T11:47:03","guid":{"rendered":"https:\/\/yihui.store\/product\/doppel-kreis-bodhi-hand-saiten\/"},"modified":"2025-07-11T11:47:03","modified_gmt":"2025-07-11T11:47:03","slug":"doppel-kreis-bodhi-hand-saiten","status":"publish","type":"product","link":"https:\/\/yihui.store\/de\/produkt\/doppel-kreis-bodhi-hand-saiten\/","title":{"rendered":"Doppel Kreis Bodhi Hand Saiten"},"content":{"rendered":"<div id=\"offer-template-0\"><\/div>\n<p><img data-recalc-dims=\"1\" fetchpriority=\"high\" decoding=\"async\" class=\"alignnone wp-image-5903 size-full\" src=\"https:\/\/i0.wp.com\/yihui.store\/wp-content\/uploads\/2025\/07\/%E6%9C%AA%E6%A0%87%E9%A2%98-15-1.jpg?resize=800%2C1200&#038;ssl=1\" alt=\"\" width=\"800\" height=\"1200\"><\/p>\n<p><img data-recalc-dims=\"1\" decoding=\"async\" class=\"alignnone wp-image-5914 size-full\" src=\"https:\/\/i0.wp.com\/yihui.store\/wp-content\/uploads\/2025\/07\/%E6%9C%AA%E6%A0%87%E9%A2%98-161.jpg?resize=800%2C518&#038;ssl=1\" alt=\"\" width=\"800\" height=\"518\"><\/p>\n<p><img data-recalc-dims=\"1\" decoding=\"async\" class=\"alignnone wp-image-5980 size-full\" src=\"https:\/\/i0.wp.com\/yihui.store\/wp-content\/uploads\/2025\/07\/%E6%9C%AA%E6%A0%87%E9%A2%98-221.jpg?resize=800%2C378&#038;ssl=1\" alt=\"\" width=\"800\" height=\"378\"><\/p>\n<p><img data-recalc-dims=\"1\" loading=\"lazy\" decoding=\"async\" class=\"alignnone wp-image-5892 size-full\" src=\"https:\/\/i0.wp.com\/yihui.store\/wp-content\/uploads\/2025\/07\/%E6%9C%AA%E6%A0%87%E9%A2%98-141.jpg?resize=800%2C920&#038;ssl=1\" alt=\"\" width=\"800\" height=\"920\"><\/p>\n<p><img data-recalc-dims=\"1\" loading=\"lazy\" decoding=\"async\" class=\"alignnone wp-image-5936 size-full\" src=\"https:\/\/i0.wp.com\/yihui.store\/wp-content\/uploads\/2025\/07\/%E6%9C%AA%E6%A0%87%E9%A2%98-171-1.jpg?resize=800%2C947&#038;ssl=1\" alt=\"\" width=\"800\" height=\"947\"><\/p>\n<p><img data-recalc-dims=\"1\" loading=\"lazy\" decoding=\"async\" class=\"alignnone wp-image-5892 size-full\" src=\"https:\/\/i0.wp.com\/yihui.store\/wp-content\/uploads\/2025\/07\/%E6%9C%AA%E6%A0%87%E9%A2%98-141.jpg?resize=800%2C920&#038;ssl=1\" alt=\"\" width=\"800\" height=\"920\"><\/p>\n<p><img data-recalc-dims=\"1\" loading=\"lazy\" decoding=\"async\" class=\"alignnone wp-image-5947 size-full\" src=\"https:\/\/i0.wp.com\/yihui.store\/wp-content\/uploads\/2025\/07\/%E6%9C%AA%E6%A0%87%E9%A2%98-191.jpg?resize=800%2C923&#038;ssl=1\" alt=\"\" width=\"800\" height=\"923\"><\/p>\n<p><img data-recalc-dims=\"1\" loading=\"lazy\" decoding=\"async\" class=\"alignnone wp-image-5958 size-full\" src=\"https:\/\/i0.wp.com\/yihui.store\/wp-content\/uploads\/2025\/07\/%E6%9C%AA%E6%A0%87%E9%A2%98-201.jpg?resize=800%2C1170&#038;ssl=1\" alt=\"\" width=\"800\" height=\"1170\"><\/p>\n<p><img data-recalc-dims=\"1\" loading=\"lazy\" decoding=\"async\" class=\"alignnone wp-image-5969 size-full\" src=\"https:\/\/i0.wp.com\/yihui.store\/wp-content\/uploads\/2025\/07\/%E6%9C%AA%E6%A0%87%E9%A2%98-21-2.jpg?resize=800%2C1200&#038;ssl=1\" alt=\"\" width=\"800\" height=\"1200\"><\/p>\n<p><img data-recalc-dims=\"1\" loading=\"lazy\" decoding=\"async\" class=\"alignnone wp-image-5881 size-full\" src=\"https:\/\/i0.wp.com\/yihui.store\/wp-content\/uploads\/2025\/07\/%E6%9C%AA%E6%A0%87%E9%A2%98-131-1.jpg?resize=800%2C287&#038;ssl=1\" alt=\"\" width=\"800\" height=\"287\"><\/p>\n<p><img data-recalc-dims=\"1\" loading=\"lazy\" decoding=\"async\" class=\"wp-image-5870 size-full\" src=\"https:\/\/i0.wp.com\/yihui.store\/wp-content\/uploads\/2025\/07\/%E6%9C%AA%E6%A0%87%E9%A2%98-131.jpg?resize=800%2C916&#038;ssl=1\" alt=\"Feng Shui\" width=\"800\" height=\"916\"><\/p>\n<p><img data-recalc-dims=\"1\" loading=\"lazy\" decoding=\"async\" class=\"alignnone wp-image-5892 size-full\" src=\"https:\/\/i0.wp.com\/yihui.store\/wp-content\/uploads\/2025\/07\/%E6%9C%AA%E6%A0%87%E9%A2%98-141.jpg?resize=800%2C920&#038;ssl=1\" alt=\"\" width=\"800\" height=\"920\"><\/p>\n<p><img data-recalc-dims=\"1\" loading=\"lazy\" decoding=\"async\" class=\"alignnone wp-image-5991\" src=\"https:\/\/i0.wp.com\/yihui.store\/wp-content\/uploads\/2025\/07\/%E6%9C%AA%E6%A0%87%E9%A2%98-243.jpg?resize=794%2C1191&#038;ssl=1\" alt=\"\" width=\"794\" height=\"1191\"> <img data-recalc-dims=\"1\" loading=\"lazy\" decoding=\"async\" class=\"alignnone wp-image-6013 size-full\" src=\"https:\/\/i0.wp.com\/yihui.store\/wp-content\/uploads\/2025\/07\/%E6%9C%AA%E6%A0%87%E9%A2%98-24-1.jpg?resize=800%2C1200&#038;ssl=1\" alt=\"\" width=\"800\" height=\"1200\"> <img data-recalc-dims=\"1\" loading=\"lazy\" decoding=\"async\" class=\"alignnone wp-image-6024 size-full\" src=\"https:\/\/i0.wp.com\/yihui.store\/wp-content\/uploads\/2025\/07\/%E6%9C%AA%E6%A0%87%E9%A2%98-25-1.jpg?resize=800%2C1200&#038;ssl=1\" alt=\"\" width=\"800\" height=\"1200\"><\/p>\n<p>&nbsp;<\/p>\n<table>\n<thead>\n<tr>\n<td colspan=\"3\">\n<h3><strong>Versandprozesstabelle<\/strong><\/h3>\n<\/td>\n<\/tr>\n<tr>\n<td><strong>Prozessschritt <\/strong><\/td>\n<td><strong>Schl\u00fcsselbetrieb <\/strong><\/td>\n<td><strong>Zeitlinie\/Beschreibung <\/strong><\/td>\n<\/tr>\n<\/thead>\n<tbody>\n<tr>\n<td><strong>1. <\/strong>Stellen Sie Bestellung &amp; Zahlung <span class=\"notranslate immersive-translate-target-wrapper\" lang=\"zh-CN\"><br \/>\n<\/span><\/td>\n<td>E-Mail, Empf\u00e4nger, Telefon, Adresse, vollst\u00e4ndige Zahlung ausf\u00fcllen<\/td>\n<td>Bestellung automatisch generiert <span class=\"notranslate immersive-translate-target-wrapper\" lang=\"zh-CN\"><br \/>\n<\/span><\/td>\n<\/tr>\n<tr>\n<td><strong>2. <\/strong>Segnungszeremonie <span class=\"notranslate immersive-translate-target-wrapper\" lang=\"zh-CN\"><span class=\"notranslate\" data-immersive-translate-translation-element-mark=\"1\"><\/span><\/span>\n<\/td>\n<td>Meister w\u00e4hlt ein g\u00fcnstiges Datum innerhalb von 3 Tagen f\u00fcr Segen und Singen <\/td>\n<td>Kurzes Video des Segens per E-Mail \/ WeChat \/ WhatsApp gesendet <span class=\"notranslate immersive-translate-target-wrapper\" lang=\"zh-CN\"><br \/>\n<\/span><\/td>\n<\/tr>\n<tr>\n<td><strong>3. <\/strong>Verpackung &amp; Versand <span class=\"notranslate immersive-translate-target-wrapper\" lang=\"zh-CN\"><span class=\"notranslate\" data-immersive-translate-translation-element-mark=\"1\"><\/span><\/span>\n<\/td>\n<td>Kundenservice sendet per internationalen Kurier (Z.B. DHL\/FedEx<span class=\"notranslate immersive-translate-target-wrapper\" lang=\"zh-CN\"><br \/>\n<\/span><\/td>\n<td>Tracking-Nummer an E-Mail gesendet<\/td>\n<\/tr>\n<tr>\n<td><strong>4. <\/strong>Logistikverfolgung <span class=\"notranslate immersive-translate-target-wrapper\" lang=\"zh-CN\"><span class=\"notranslate\" data-immersive-translate-translation-element-mark=\"1\"><\/span><\/span>\n<\/td>\n<td>Verfolgen Sie den Paketfortschritt mit der Tracking-Nummer <span class=\"notranslate immersive-translate-target-wrapper\" lang=\"zh-CN\"><br \/>\n<\/span><\/td>\n<td>7-10 Tage Lieferung, Zollabfertigung Unterst\u00fctzung<\/td>\n<\/tr>\n<tr>\n<td><strong>5. <\/strong>Lieferbest\u00e4tigung <span class=\"notranslate immersive-translate-target-wrapper\" lang=\"zh-CN\"><span class=\"notranslate\" data-immersive-translate-translation-element-mark=\"1\"><\/span><\/span>\n<\/td>\n<td>Support nach der Lieferung <span class=\"notranslate immersive-translate-target-wrapper\" lang=\"zh-CN\"><br \/>\n<\/span><\/td>\n<td>Kontaktieren Sie den Kundenservice bei Fragen<\/td>\n<\/tr>\n<\/tbody>\n<\/table>\n<p><strong>Schl\u00fcsselfokus f\u00fcr Kunden<\/strong><\/p>\n<p>1\ufe0f\u20e3 Adresse ausf\u00fcllen \u2192 2\ufe0f\u20e3 Warten Sie auf Segen \u2192 3\ufe0f\u20e3 Tracking-Nummer erhalten \u2192 4\ufe0f\u20e3 Track-Paket \u2192 5\ufe0f\u20e3 Lieferung best\u00e4tigen<\/p>\n","protected":false},"excerpt":{"rendered":"<p>&nbsp; Versandprozesstabelle Prozessschritt Schl\u00fcsselbetrieb Zeitlinie\/Beschreibung 1. Stellen Sie Bestellung &amp; Zahlung E-Mail, Empf\u00e4nger, Telefon, Adresse, vollst\u00e4ndige Zahlung ausf\u00fcllen Bestellung automatisch<\/p>\n","protected":false},"featured_media":5952,"comment_status":"open","ping_status":"closed","template":"","meta":[],"product_brand":[],"product_cat":[271],"product_tag":[],"class_list":{"0":"post-21807","1":"product","2":"type-product","3":"status-publish","4":"has-post-thumbnail","6":"product_cat-amulets-charms-de","8":"first","9":"instock","10":"sale","11":"purchasable","12":"product-type-variable"},"_links":{"self":[{"href":"https:\/\/yihui.store\/de\/wp-json\/wp\/v2\/product\/21807","targetHints":{"allow":["GET"]}}],"collection":[{"href":"https:\/\/yihui.store\/de\/wp-json\/wp\/v2\/product"}],"about":[{"href":"https:\/\/yihui.store\/de\/wp-json\/wp\/v2\/types\/product"}],"replies":[{"embeddable":true,"href":"https:\/\/yihui.store\/de\/wp-json\/wp\/v2\/comments?post=21807"}],"version-history":[{"count":0,"href":"https:\/\/yihui.store\/de\/wp-json\/wp\/v2\/product\/21807\/revisions"}],"wp:featuredmedia":[{"embeddable":true,"href":"https:\/\/yihui.store\/de\/wp-json\/wp\/v2\/media\/5952"}],"wp:attachment":[{"href":"https:\/\/yihui.store\/de\/wp-json\/wp\/v2\/media?parent=21807"}],"wp:term":[{"taxonomy":"product_brand","embeddable":true,"href":"https:\/\/yihui.store\/de\/wp-json\/wp\/v2\/product_brand?post=21807"},{"taxonomy":"product_cat","embeddable":true,"href":"https:\/\/yihui.store\/de\/wp-json\/wp\/v2\/product_cat?post=21807"},{"taxonomy":"product_tag","embeddable":true,"href":"https:\/\/yihui.store\/de\/wp-json\/wp\/v2\/product_tag?post=21807"}],"curies":[{"name":"wp","href":"https:\/\/api.w.org\/{rel}","templated":true}]}}