{"id":21088,"date":"2025-07-11T11:53:23","date_gmt":"2025-07-11T11:53:23","guid":{"rendered":"https:\/\/yihui.store\/product\/purple-gold-maus-hand-string-original-samen-carving-art-bodhi-achteck-armband\/"},"modified":"2025-07-11T11:53:23","modified_gmt":"2025-07-11T11:53:23","slug":"purple-gold-maus-hand-string-original-samen-carving-art-bodhi-achteck-armband","status":"publish","type":"product","link":"https:\/\/yihui.store\/de\/produkt\/purple-gold-maus-hand-string-original-samen-carving-art-bodhi-achteck-armband\/","title":{"rendered":"Purple Gold Maus Hand String, Original Samen Carving Art, Bodhi Achteck Armband"},"content":{"rendered":"<div id=\"offer-template-0\">Die Purple Gold Mouse Achtseitige Hand String tr\u00e4gt mehrere g\u00fcnstige Bedeutungen in der Feng Shui-Kultur. Sein einzigartiges Design (wie die achtseitige Form) verbessert den Energiefokussierungseffekt und kombiniert traditionelle Weisheit mit modernen Anwendungen,<br \/>\nDie Funktion, Reichtum anzuziehen und Qi zu sammeln: Das Aussehen der purpurgoldenen Maus \u00e4hnelt dem der tibetischen buddhistischen Schatzspuckenmaus, die die Ansammlung von Reichtum und Sparsamkeit symbolisiert, die besonders f\u00fcr Gesch\u00e4fts- oder Investitionsszenarien geeignet ist; Die achteckige Struktur verbessert die Stabilit\u00e4t der Aura, und es wird empfohlen, sie in der finanziellen Position des Ladens zu platzieren oder sie auf der linken Hand zu tragen, um das Muster &#8222;Jadegurt um die Taille&#8220; zu aktivieren, um Reichtum anzuziehen. \u200c<br \/>\nFunktion der Abwehr des B\u00f6sen und des Schutzes: Das dreiogige Mausaug-Design repr\u00e4sentiert das Auge der Weisheit, das durch kleine Menschen sehen und negative Energie aufnehmen kann; In Verbindung mit achteckigen Kanten kann es negative Energie wie &#8222;Kreuzbel\u00fcftung&#8220; ableiten. Es kann unabh\u00e4ngig am Eingang aufgeh\u00e4ngt oder getragen werden, um eine Schutzbarriere zu bilden.<br \/>\nGleichgewicht der f\u00fcnf Elemente und Kompatibilit\u00e4t mit Sternzeichen: Purple und Gold Ratte geh\u00f6rt zum Element Holzfeuer (Holzsamen kombiniert mit purpurrotem Glanz), w\u00e4hrend Acht Kanten zum Element Gold geh\u00f6ren (harte Linien), bilden einen Zyklus von &#8222;Holz erzeugt Feuer, Feuer \u00fcberwindet Gold&#8220;, besonders geeignet f\u00fcr diejenigen, die im Tiger, Schlange und Affe geboren wurden, um ihre Karriere Durchbruch F\u00e4higkeit zu verbessern; Das Tragen kann das Gl\u00fcck derer stabilisieren, die im Jahr der Ratte geboren wurden.<br \/>\nVerbesserung der Gesundheit und Weisheit: Der Prozess der langfristigen Patina (die lila rot wird), der Vitalit\u00e4t und Erleuchtung symbolisiert, widerspiegelt die &#8222;Sedimentierung der Zeit&#8220; und verbessert die Entscheidungseinsicht. \u200c<\/div>\n<div style=\"text-align: center;\"><\/div>\n<div style=\"text-align: center;\"><img data-recalc-dims=\"1\" decoding=\"async\" style=\"width: 100.0%;\" src=\"https:\/\/i0.wp.com\/yihui.store\/wp-content\/uploads\/2025\/07\/O1CN015rbQaw1GMyH9QyLZ1_2220051510609-0-cib.jpg?ssl=1\"><\/div>\n<div style=\"text-align: center;\"><img data-recalc-dims=\"1\" decoding=\"async\" style=\"width: 100.0%;\" src=\"https:\/\/i0.wp.com\/yihui.store\/wp-content\/uploads\/2025\/07\/O1CN01mbcFMe1GMyH8ukgrk_2220051510609-0-cib.jpg?ssl=1\"><\/div>\n<div style=\"text-align: center;\"><img data-recalc-dims=\"1\" decoding=\"async\" style=\"width: 100.0%;\" src=\"https:\/\/i0.wp.com\/yihui.store\/wp-content\/uploads\/2025\/07\/O1CN019VdEfR1GMyH8un2Qb_2220051510609-0-cib.jpg?ssl=1\"><\/div>\n<div style=\"text-align: center;\"><img data-recalc-dims=\"1\" decoding=\"async\" style=\"width: 100.0%;\" src=\"https:\/\/i0.wp.com\/yihui.store\/wp-content\/uploads\/2025\/07\/O1CN012fq6Vw1GMyH70dpdv_2220051510609-0-cib.jpg?ssl=1\"><\/div>\n<div style=\"text-align: center;\"><img data-recalc-dims=\"1\" decoding=\"async\" style=\"width: 100.0%;\" src=\"https:\/\/i0.wp.com\/yihui.store\/wp-content\/uploads\/2025\/07\/O1CN01cdmLPc1GMyH9GcCGC_2220051510609-0-cib.jpg?ssl=1\"><\/div>\n<div style=\"text-align: center;\"><img data-recalc-dims=\"1\" decoding=\"async\" style=\"width: 100.0%;\" src=\"https:\/\/i0.wp.com\/yihui.store\/wp-content\/uploads\/2025\/07\/O1CN012jGfcf1GMyH8ayBkI_2220051510609-0-cib.jpg?ssl=1\"><\/div>\n<div style=\"text-align: center;\"><img data-recalc-dims=\"1\" decoding=\"async\" style=\"width: 100.0%;\" src=\"https:\/\/i0.wp.com\/yihui.store\/wp-content\/uploads\/2025\/07\/O1CN01kyUxfR1GMyH8ag0ID_2220051510609-0-cib.jpg?ssl=1\"><\/div>\n<div style=\"text-align: center;\"><img data-recalc-dims=\"1\" decoding=\"async\" style=\"width: 100.0%;\" src=\"https:\/\/i0.wp.com\/yihui.store\/wp-content\/uploads\/2025\/07\/O1CN01rVCt0r1GMyH7Si5vI_2220051510609-0-cib.jpg?ssl=1\"><\/div>\n<div style=\"text-align: center;\"><\/div>\n","protected":false},"excerpt":{"rendered":"<p>Die Purple Gold Mouse Achtseitige Hand String tr\u00e4gt mehrere g\u00fcnstige Bedeutungen in der Feng Shui-Kultur. Sein einzigartiges Design (wie die<\/p>\n","protected":false},"featured_media":21177,"comment_status":"open","ping_status":"closed","template":"","meta":[],"product_brand":[],"product_cat":[271],"product_tag":[],"class_list":{"0":"post-21088","1":"product","2":"type-product","3":"status-publish","4":"has-post-thumbnail","6":"product_cat-amulets-charms-de","8":"first","9":"instock","10":"sale","11":"taxable","12":"shipping-taxable","13":"purchasable","14":"product-type-variable"},"_links":{"self":[{"href":"https:\/\/yihui.store\/de\/wp-json\/wp\/v2\/product\/21088","targetHints":{"allow":["GET"]}}],"collection":[{"href":"https:\/\/yihui.store\/de\/wp-json\/wp\/v2\/product"}],"about":[{"href":"https:\/\/yihui.store\/de\/wp-json\/wp\/v2\/types\/product"}],"replies":[{"embeddable":true,"href":"https:\/\/yihui.store\/de\/wp-json\/wp\/v2\/comments?post=21088"}],"version-history":[{"count":0,"href":"https:\/\/yihui.store\/de\/wp-json\/wp\/v2\/product\/21088\/revisions"}],"wp:featuredmedia":[{"embeddable":true,"href":"https:\/\/yihui.store\/de\/wp-json\/wp\/v2\/media\/21177"}],"wp:attachment":[{"href":"https:\/\/yihui.store\/de\/wp-json\/wp\/v2\/media?parent=21088"}],"wp:term":[{"taxonomy":"product_brand","embeddable":true,"href":"https:\/\/yihui.store\/de\/wp-json\/wp\/v2\/product_brand?post=21088"},{"taxonomy":"product_cat","embeddable":true,"href":"https:\/\/yihui.store\/de\/wp-json\/wp\/v2\/product_cat?post=21088"},{"taxonomy":"product_tag","embeddable":true,"href":"https:\/\/yihui.store\/de\/wp-json\/wp\/v2\/product_tag?post=21088"}],"curies":[{"name":"wp","href":"https:\/\/api.w.org\/{rel}","templated":true}]}}