{"id":20492,"date":"2025-07-11T11:55:32","date_gmt":"2025-07-11T11:55:32","guid":{"rendered":"https:\/\/yihui.store\/product\/ins-stil-18k-gold-eingelegte-bunte-zirkon-ring-trendy-und-modisch-verbessert-glueck-schmuck\/"},"modified":"2025-07-11T11:55:32","modified_gmt":"2025-07-11T11:55:32","slug":"ins-stil-18k-gold-eingelegte-bunte-zirkon-ring-trendy-und-modisch-verbessert-glueck-schmuck","status":"publish","type":"product","link":"https:\/\/yihui.store\/de\/produkt\/ins-stil-18k-gold-eingelegte-bunte-zirkon-ring-trendy-und-modisch-verbessert-glueck-schmuck\/","title":{"rendered":"INS Stil 18k Gold eingelegte bunte Zirkon Ring, trendy und modisch, verbessert Gl\u00fcck Schmuck"},"content":{"rendered":"<p>Dieser goldene Ohrring besteht aus brillantem goldenen Metall als Basis und zeigt ein edles Temperament.<br \/>\nNat\u00fcrliches Zirkon eingelegt unter ihnen, bunt:<br \/>\nDas wei\u00dfe Zirkon symbolisiert Weisheit und Reinheit und f\u00fcgt einen Hauch von Frische hinzu.<br \/>\nRechteckiges purpures Zirkon steht f\u00fcr Adel und Geheimnis und zeigt einzigartigen Charme.<br \/>\nRunde und ovale gr\u00fcne Zirkone symbolisieren Vitalit\u00e4t und Energie und bringen Sch\u00f6nheit in die Natur.<br \/>\nDas oval geformte rosa Zirkon symbolisiert Liebe und Gl\u00fcck und f\u00fcgt eine romantische Atmosph\u00e4re hinzu.<br \/>\nVielf\u00e4ltiges Formdesign, das den Sinn f\u00fcr Mode verdoppelt. Das Tragen verbessert nicht nur das pers\u00f6nliche Temperament, sondern bringt auch Gl\u00fcck und positive Energie, was es zu einem seltenen Mode-Feng Shui-Schatz f\u00fcr Sie macht. <\/p>\n<p><img data-recalc-dims=\"1\" fetchpriority=\"high\" decoding=\"async\" class=\"alignnone wp-image-3079 size-large\" src=\"https:\/\/i0.wp.com\/yihui.store\/wp-content\/uploads\/2025\/07\/O1CN01pT8Vjz1JaexXNuj9O_993401045-0-cib.jpg?resize=800%2C800&#038;ssl=1\" alt=\"\" width=\"800\" height=\"800\" srcset=\"https:\/\/i0.wp.com\/yihui.store\/wp-content\/uploads\/2025\/07\/O1CN01pT8Vjz1JaexXNuj9O_993401045-0-cib.jpg?resize=800%2C800&amp;ssl=1 800w, https:\/\/i0.wp.com\/yihui.store\/wp-content\/uploads\/2025\/07\/O1CN01pT8Vjz1JaexXNuj9O_993401045-0-cib.jpg?resize=300%2C300&amp;ssl=1 300w, https:\/\/i0.wp.com\/yihui.store\/wp-content\/uploads\/2025\/07\/O1CN01pT8Vjz1JaexXNuj9O_993401045-0-cib.jpg?resize=150%2C150&amp;ssl=1 150w, https:\/\/i0.wp.com\/yihui.store\/wp-content\/uploads\/2025\/07\/O1CN01pT8Vjz1JaexXNuj9O_993401045-0-cib.jpg?resize=768%2C768&amp;ssl=1 768w, https:\/\/i0.wp.com\/yihui.store\/wp-content\/uploads\/2025\/07\/O1CN01pT8Vjz1JaexXNuj9O_993401045-0-cib.jpg?resize=430%2C430&amp;ssl=1 430w, https:\/\/i0.wp.com\/yihui.store\/wp-content\/uploads\/2025\/07\/O1CN01pT8Vjz1JaexXNuj9O_993401045-0-cib.jpg?resize=700%2C700&amp;ssl=1 700w, https:\/\/i0.wp.com\/yihui.store\/wp-content\/uploads\/2025\/07\/O1CN01pT8Vjz1JaexXNuj9O_993401045-0-cib.jpg?resize=180%2C180&amp;ssl=1 180w, https:\/\/i0.wp.com\/yihui.store\/wp-content\/uploads\/2025\/07\/O1CN01pT8Vjz1JaexXNuj9O_993401045-0-cib.jpg?w=960&amp;ssl=1 960w\" sizes=\"(max-width: 800px) 100vw, 800px\" \/>  <img data-recalc-dims=\"1\" decoding=\"async\" class=\"alignnone wp-image-3077 size-large\" src=\"https:\/\/i0.wp.com\/yihui.store\/wp-content\/uploads\/2025\/07\/O1CN01EoXmwX1JaexYVk7Ok_993401045-0-cib.jpg?resize=800%2C800&#038;ssl=1\" alt=\"\" width=\"800\" height=\"800\" srcset=\"https:\/\/i0.wp.com\/yihui.store\/wp-content\/uploads\/2025\/07\/O1CN01EoXmwX1JaexYVk7Ok_993401045-0-cib.jpg?resize=800%2C800&amp;ssl=1 800w, https:\/\/i0.wp.com\/yihui.store\/wp-content\/uploads\/2025\/07\/O1CN01EoXmwX1JaexYVk7Ok_993401045-0-cib.jpg?resize=300%2C300&amp;ssl=1 300w, https:\/\/i0.wp.com\/yihui.store\/wp-content\/uploads\/2025\/07\/O1CN01EoXmwX1JaexYVk7Ok_993401045-0-cib.jpg?resize=150%2C150&amp;ssl=1 150w, https:\/\/i0.wp.com\/yihui.store\/wp-content\/uploads\/2025\/07\/O1CN01EoXmwX1JaexYVk7Ok_993401045-0-cib.jpg?resize=768%2C768&amp;ssl=1 768w, https:\/\/i0.wp.com\/yihui.store\/wp-content\/uploads\/2025\/07\/O1CN01EoXmwX1JaexYVk7Ok_993401045-0-cib.jpg?resize=430%2C430&amp;ssl=1 430w, https:\/\/i0.wp.com\/yihui.store\/wp-content\/uploads\/2025\/07\/O1CN01EoXmwX1JaexYVk7Ok_993401045-0-cib.jpg?resize=700%2C700&amp;ssl=1 700w, https:\/\/i0.wp.com\/yihui.store\/wp-content\/uploads\/2025\/07\/O1CN01EoXmwX1JaexYVk7Ok_993401045-0-cib.jpg?resize=180%2C180&amp;ssl=1 180w, https:\/\/i0.wp.com\/yihui.store\/wp-content\/uploads\/2025\/07\/O1CN01EoXmwX1JaexYVk7Ok_993401045-0-cib.jpg?w=960&amp;ssl=1 960w\" sizes=\"(max-width: 800px) 100vw, 800px\" \/> <img data-recalc-dims=\"1\" decoding=\"async\" class=\"alignnone wp-image-3076 size-large\" src=\"https:\/\/i0.wp.com\/yihui.store\/wp-content\/uploads\/2025\/07\/O1CN01Tf7tHc1JaexXzqw04_993401045-0-cib.jpg?resize=800%2C800&#038;ssl=1\" alt=\"\" width=\"800\" height=\"800\" srcset=\"https:\/\/i0.wp.com\/yihui.store\/wp-content\/uploads\/2025\/07\/O1CN01Tf7tHc1JaexXzqw04_993401045-0-cib.jpg?resize=800%2C800&amp;ssl=1 800w, https:\/\/i0.wp.com\/yihui.store\/wp-content\/uploads\/2025\/07\/O1CN01Tf7tHc1JaexXzqw04_993401045-0-cib.jpg?resize=300%2C300&amp;ssl=1 300w, https:\/\/i0.wp.com\/yihui.store\/wp-content\/uploads\/2025\/07\/O1CN01Tf7tHc1JaexXzqw04_993401045-0-cib.jpg?resize=150%2C150&amp;ssl=1 150w, https:\/\/i0.wp.com\/yihui.store\/wp-content\/uploads\/2025\/07\/O1CN01Tf7tHc1JaexXzqw04_993401045-0-cib.jpg?resize=768%2C768&amp;ssl=1 768w, https:\/\/i0.wp.com\/yihui.store\/wp-content\/uploads\/2025\/07\/O1CN01Tf7tHc1JaexXzqw04_993401045-0-cib.jpg?resize=430%2C430&amp;ssl=1 430w, https:\/\/i0.wp.com\/yihui.store\/wp-content\/uploads\/2025\/07\/O1CN01Tf7tHc1JaexXzqw04_993401045-0-cib.jpg?resize=700%2C700&amp;ssl=1 700w, https:\/\/i0.wp.com\/yihui.store\/wp-content\/uploads\/2025\/07\/O1CN01Tf7tHc1JaexXzqw04_993401045-0-cib.jpg?resize=180%2C180&amp;ssl=1 180w, https:\/\/i0.wp.com\/yihui.store\/wp-content\/uploads\/2025\/07\/O1CN01Tf7tHc1JaexXzqw04_993401045-0-cib.jpg?w=960&amp;ssl=1 960w\" sizes=\"(max-width: 800px) 100vw, 800px\" \/> <img data-recalc-dims=\"1\" loading=\"lazy\" decoding=\"async\" class=\"alignnone wp-image-3075 size-large\" src=\"https:\/\/i0.wp.com\/yihui.store\/wp-content\/uploads\/2025\/07\/O1CN01d2vyGm1JaexWXhcdR_993401045-0-cib.jpg?resize=800%2C800&#038;ssl=1\" alt=\"\" width=\"800\" height=\"800\" srcset=\"https:\/\/i0.wp.com\/yihui.store\/wp-content\/uploads\/2025\/07\/O1CN01d2vyGm1JaexWXhcdR_993401045-0-cib.jpg?resize=800%2C800&amp;ssl=1 800w, https:\/\/i0.wp.com\/yihui.store\/wp-content\/uploads\/2025\/07\/O1CN01d2vyGm1JaexWXhcdR_993401045-0-cib.jpg?resize=300%2C300&amp;ssl=1 300w, https:\/\/i0.wp.com\/yihui.store\/wp-content\/uploads\/2025\/07\/O1CN01d2vyGm1JaexWXhcdR_993401045-0-cib.jpg?resize=150%2C150&amp;ssl=1 150w, https:\/\/i0.wp.com\/yihui.store\/wp-content\/uploads\/2025\/07\/O1CN01d2vyGm1JaexWXhcdR_993401045-0-cib.jpg?resize=768%2C768&amp;ssl=1 768w, https:\/\/i0.wp.com\/yihui.store\/wp-content\/uploads\/2025\/07\/O1CN01d2vyGm1JaexWXhcdR_993401045-0-cib.jpg?resize=430%2C430&amp;ssl=1 430w, https:\/\/i0.wp.com\/yihui.store\/wp-content\/uploads\/2025\/07\/O1CN01d2vyGm1JaexWXhcdR_993401045-0-cib.jpg?resize=700%2C700&amp;ssl=1 700w, https:\/\/i0.wp.com\/yihui.store\/wp-content\/uploads\/2025\/07\/O1CN01d2vyGm1JaexWXhcdR_993401045-0-cib.jpg?resize=180%2C180&amp;ssl=1 180w, https:\/\/i0.wp.com\/yihui.store\/wp-content\/uploads\/2025\/07\/O1CN01d2vyGm1JaexWXhcdR_993401045-0-cib.jpg?w=960&amp;ssl=1 960w\" sizes=\"(max-width: 800px) 100vw, 800px\" \/> <img data-recalc-dims=\"1\" loading=\"lazy\" decoding=\"async\" class=\"alignnone wp-image-3074 size-large\" src=\"https:\/\/i0.wp.com\/yihui.store\/wp-content\/uploads\/2025\/07\/O1CN01xAJ8oI1JaexXgiNkS_993401045-0-cib.jpg?resize=800%2C800&#038;ssl=1\" alt=\"\" width=\"800\" height=\"800\" srcset=\"https:\/\/i0.wp.com\/yihui.store\/wp-content\/uploads\/2025\/07\/O1CN01xAJ8oI1JaexXgiNkS_993401045-0-cib.jpg?resize=800%2C800&amp;ssl=1 800w, https:\/\/i0.wp.com\/yihui.store\/wp-content\/uploads\/2025\/07\/O1CN01xAJ8oI1JaexXgiNkS_993401045-0-cib.jpg?resize=300%2C300&amp;ssl=1 300w, https:\/\/i0.wp.com\/yihui.store\/wp-content\/uploads\/2025\/07\/O1CN01xAJ8oI1JaexXgiNkS_993401045-0-cib.jpg?resize=150%2C150&amp;ssl=1 150w, https:\/\/i0.wp.com\/yihui.store\/wp-content\/uploads\/2025\/07\/O1CN01xAJ8oI1JaexXgiNkS_993401045-0-cib.jpg?resize=768%2C768&amp;ssl=1 768w, https:\/\/i0.wp.com\/yihui.store\/wp-content\/uploads\/2025\/07\/O1CN01xAJ8oI1JaexXgiNkS_993401045-0-cib.jpg?resize=430%2C430&amp;ssl=1 430w, https:\/\/i0.wp.com\/yihui.store\/wp-content\/uploads\/2025\/07\/O1CN01xAJ8oI1JaexXgiNkS_993401045-0-cib.jpg?resize=700%2C700&amp;ssl=1 700w, https:\/\/i0.wp.com\/yihui.store\/wp-content\/uploads\/2025\/07\/O1CN01xAJ8oI1JaexXgiNkS_993401045-0-cib.jpg?resize=180%2C180&amp;ssl=1 180w, https:\/\/i0.wp.com\/yihui.store\/wp-content\/uploads\/2025\/07\/O1CN01xAJ8oI1JaexXgiNkS_993401045-0-cib.jpg?w=960&amp;ssl=1 960w\" sizes=\"(max-width: 800px) 100vw, 800px\" \/><\/p>\n","protected":false},"excerpt":{"rendered":"<p>Dieser goldene Ohrring besteht aus brillantem goldenen Metall als Basis und zeigt ein edles Temperament. Nat\u00fcrliches Zirkon eingelegt unter ihnen,<\/p>\n","protected":false},"featured_media":5812,"comment_status":"open","ping_status":"closed","template":"","meta":[],"product_brand":[],"product_cat":[271],"product_tag":[177,230,473,472],"class_list":{"0":"post-20492","1":"product","2":"type-product","3":"status-publish","4":"has-post-thumbnail","6":"product_cat-amulets-charms-de","7":"product_tag-fate-de","8":"product_tag-fengshui-de","9":"product_tag-fortune-de","10":"product_tag-lucky-de","12":"first","13":"instock","14":"sale","15":"purchasable","16":"product-type-variable","17":"has-default-attributes"},"_links":{"self":[{"href":"https:\/\/yihui.store\/de\/wp-json\/wp\/v2\/product\/20492","targetHints":{"allow":["GET"]}}],"collection":[{"href":"https:\/\/yihui.store\/de\/wp-json\/wp\/v2\/product"}],"about":[{"href":"https:\/\/yihui.store\/de\/wp-json\/wp\/v2\/types\/product"}],"replies":[{"embeddable":true,"href":"https:\/\/yihui.store\/de\/wp-json\/wp\/v2\/comments?post=20492"}],"version-history":[{"count":0,"href":"https:\/\/yihui.store\/de\/wp-json\/wp\/v2\/product\/20492\/revisions"}],"wp:featuredmedia":[{"embeddable":true,"href":"https:\/\/yihui.store\/de\/wp-json\/wp\/v2\/media\/5812"}],"wp:attachment":[{"href":"https:\/\/yihui.store\/de\/wp-json\/wp\/v2\/media?parent=20492"}],"wp:term":[{"taxonomy":"product_brand","embeddable":true,"href":"https:\/\/yihui.store\/de\/wp-json\/wp\/v2\/product_brand?post=20492"},{"taxonomy":"product_cat","embeddable":true,"href":"https:\/\/yihui.store\/de\/wp-json\/wp\/v2\/product_cat?post=20492"},{"taxonomy":"product_tag","embeddable":true,"href":"https:\/\/yihui.store\/de\/wp-json\/wp\/v2\/product_tag?post=20492"}],"curies":[{"name":"wp","href":"https:\/\/api.w.org\/{rel}","templated":true}]}}