{"id":17471,"date":"2025-07-11T11:56:38","date_gmt":"2025-07-11T11:56:38","guid":{"rendered":"https:\/\/yihui.store\/product\/natuerliche-reichtum-attraktive-goldene-rutilierte-quarzarmband-mit-titan-einschluesse-brasilianische-gelbe-rutilierte-quarzkristall-gluecksarmband-fuer-paare-maenner-frauen\/"},"modified":"2025-07-11T11:56:38","modified_gmt":"2025-07-11T11:56:38","slug":"natuerliche-reichtum-attraktive-goldene-rutilierte-quarzarmband-mit-titan-einschluesse-brasilianische-gelbe-rutilierte-quarzkristall-gluecksarmband-fuer-paare-maenner-frauen","status":"publish","type":"product","link":"https:\/\/yihui.store\/de\/produkt\/natuerliche-reichtum-attraktive-goldene-rutilierte-quarzarmband-mit-titan-einschluesse-brasilianische-gelbe-rutilierte-quarzkristall-gluecksarmband-fuer-paare-maenner-frauen\/","title":{"rendered":"Nat\u00fcrliche Reichtum-attraktive goldene rutilierte Quarzarmband mit Titan-Einschl\u00fcsse, brasilianische gelbe rutilierte Quarzkristall Gl\u00fccksarmband f\u00fcr Paare (M\u00e4nner &amp; Frauen)"},"content":{"rendered":"<div id=\"offer-template-0\"><img data-recalc-dims=\"1\" fetchpriority=\"high\" decoding=\"async\" class=\"alignnone wp-image-6922 size-full\" src=\"https:\/\/i0.wp.com\/yihui.store\/wp-content\/uploads\/2025\/07\/19.jpg?resize=800%2C800&#038;ssl=1\" alt=\"\" width=\"800\" height=\"800\" srcset=\"https:\/\/i0.wp.com\/yihui.store\/wp-content\/uploads\/2025\/07\/19.jpg?w=800&amp;ssl=1 800w, https:\/\/i0.wp.com\/yihui.store\/wp-content\/uploads\/2025\/07\/19.jpg?resize=300%2C300&amp;ssl=1 300w, https:\/\/i0.wp.com\/yihui.store\/wp-content\/uploads\/2025\/07\/19.jpg?resize=150%2C150&amp;ssl=1 150w, https:\/\/i0.wp.com\/yihui.store\/wp-content\/uploads\/2025\/07\/19.jpg?resize=768%2C768&amp;ssl=1 768w, https:\/\/i0.wp.com\/yihui.store\/wp-content\/uploads\/2025\/07\/19.jpg?resize=430%2C430&amp;ssl=1 430w, https:\/\/i0.wp.com\/yihui.store\/wp-content\/uploads\/2025\/07\/19.jpg?resize=700%2C700&amp;ssl=1 700w, https:\/\/i0.wp.com\/yihui.store\/wp-content\/uploads\/2025\/07\/19.jpg?resize=180%2C180&amp;ssl=1 180w\" sizes=\"(max-width: 800px) 100vw, 800px\" \/><\/div>\n<p><img data-recalc-dims=\"1\" decoding=\"async\" class=\"alignnone wp-image-6933 size-full\" src=\"https:\/\/i0.wp.com\/yihui.store\/wp-content\/uploads\/2025\/07\/20.jpg?resize=800%2C800&#038;ssl=1\" alt=\"\" width=\"800\" height=\"800\" srcset=\"https:\/\/i0.wp.com\/yihui.store\/wp-content\/uploads\/2025\/07\/20.jpg?w=800&amp;ssl=1 800w, https:\/\/i0.wp.com\/yihui.store\/wp-content\/uploads\/2025\/07\/20.jpg?resize=300%2C300&amp;ssl=1 300w, https:\/\/i0.wp.com\/yihui.store\/wp-content\/uploads\/2025\/07\/20.jpg?resize=150%2C150&amp;ssl=1 150w, https:\/\/i0.wp.com\/yihui.store\/wp-content\/uploads\/2025\/07\/20.jpg?resize=768%2C768&amp;ssl=1 768w, https:\/\/i0.wp.com\/yihui.store\/wp-content\/uploads\/2025\/07\/20.jpg?resize=430%2C430&amp;ssl=1 430w, https:\/\/i0.wp.com\/yihui.store\/wp-content\/uploads\/2025\/07\/20.jpg?resize=700%2C700&amp;ssl=1 700w, https:\/\/i0.wp.com\/yihui.store\/wp-content\/uploads\/2025\/07\/20.jpg?resize=180%2C180&amp;ssl=1 180w\" sizes=\"(max-width: 800px) 100vw, 800px\" \/><img data-recalc-dims=\"1\" decoding=\"async\" class=\"alignnone wp-image-6955 size-full\" src=\"https:\/\/i0.wp.com\/yihui.store\/wp-content\/uploads\/2025\/07\/211.jpg?resize=800%2C410&#038;ssl=1\" alt=\"\" width=\"800\" height=\"410\" srcset=\"https:\/\/i0.wp.com\/yihui.store\/wp-content\/uploads\/2025\/07\/211.jpg?w=800&amp;ssl=1 800w, https:\/\/i0.wp.com\/yihui.store\/wp-content\/uploads\/2025\/07\/211.jpg?resize=400%2C205&amp;ssl=1 400w, https:\/\/i0.wp.com\/yihui.store\/wp-content\/uploads\/2025\/07\/211.jpg?resize=768%2C394&amp;ssl=1 768w, https:\/\/i0.wp.com\/yihui.store\/wp-content\/uploads\/2025\/07\/211.jpg?resize=430%2C220&amp;ssl=1 430w, https:\/\/i0.wp.com\/yihui.store\/wp-content\/uploads\/2025\/07\/211.jpg?resize=700%2C359&amp;ssl=1 700w, https:\/\/i0.wp.com\/yihui.store\/wp-content\/uploads\/2025\/07\/211.jpg?resize=180%2C92&amp;ssl=1 180w\" sizes=\"(max-width: 800px) 100vw, 800px\" \/> <img data-recalc-dims=\"1\" loading=\"lazy\" decoding=\"async\" class=\"alignnone wp-image-6977 size-full\" src=\"https:\/\/i0.wp.com\/yihui.store\/wp-content\/uploads\/2025\/07\/221.jpg?resize=800%2C610&#038;ssl=1\" alt=\"\" width=\"800\" height=\"610\" srcset=\"https:\/\/i0.wp.com\/yihui.store\/wp-content\/uploads\/2025\/07\/221.jpg?w=800&amp;ssl=1 800w, https:\/\/i0.wp.com\/yihui.store\/wp-content\/uploads\/2025\/07\/221.jpg?resize=393%2C300&amp;ssl=1 393w, https:\/\/i0.wp.com\/yihui.store\/wp-content\/uploads\/2025\/07\/221.jpg?resize=768%2C586&amp;ssl=1 768w, https:\/\/i0.wp.com\/yihui.store\/wp-content\/uploads\/2025\/07\/221.jpg?resize=430%2C328&amp;ssl=1 430w, https:\/\/i0.wp.com\/yihui.store\/wp-content\/uploads\/2025\/07\/221.jpg?resize=700%2C534&amp;ssl=1 700w, https:\/\/i0.wp.com\/yihui.store\/wp-content\/uploads\/2025\/07\/221.jpg?resize=180%2C137&amp;ssl=1 180w\" sizes=\"(max-width: 800px) 100vw, 800px\" \/><img data-recalc-dims=\"1\" loading=\"lazy\" decoding=\"async\" class=\"alignnone wp-image-6988 size-full\" src=\"https:\/\/i0.wp.com\/yihui.store\/wp-content\/uploads\/2025\/07\/231.jpg?resize=800%2C677&#038;ssl=1\" alt=\"\" width=\"800\" height=\"677\" srcset=\"https:\/\/i0.wp.com\/yihui.store\/wp-content\/uploads\/2025\/07\/231.jpg?w=800&amp;ssl=1 800w, https:\/\/i0.wp.com\/yihui.store\/wp-content\/uploads\/2025\/07\/231.jpg?resize=355%2C300&amp;ssl=1 355w, https:\/\/i0.wp.com\/yihui.store\/wp-content\/uploads\/2025\/07\/231.jpg?resize=768%2C650&amp;ssl=1 768w, https:\/\/i0.wp.com\/yihui.store\/wp-content\/uploads\/2025\/07\/231.jpg?resize=430%2C364&amp;ssl=1 430w, https:\/\/i0.wp.com\/yihui.store\/wp-content\/uploads\/2025\/07\/231.jpg?resize=700%2C592&amp;ssl=1 700w, https:\/\/i0.wp.com\/yihui.store\/wp-content\/uploads\/2025\/07\/231.jpg?resize=180%2C152&amp;ssl=1 180w\" sizes=\"(max-width: 800px) 100vw, 800px\" \/><\/p>\n<p>Wenn es Fragen gibt<br \/>\nSie k\u00f6nnen den Verk\u00e4ufer innerhalb von 15 Tagen nach Erhalt der Ware kontaktieren, um sie zur\u00fcckzugeben<br \/>\nNachricht \u00fcber WhatsApp: 13807250767<\/p>\n","protected":false},"excerpt":{"rendered":"<p>Produktkategorie: Handschnur<br \/>\nKristalltyp: Golden Hair Crystal<br \/>\nDurchmesser einzelner Perlen: 8mm<br \/>\nSekund\u00e4rsteinmaterial: Kein Sekund\u00e4rstein<br \/>\nZubeh\u00f6rmaterial: Kein Zubeh\u00f6r<br \/>\nHerkunft: China<br \/>\nVerpackung: Geschenkbox Verpackung<br \/>\nBedeutung: Reichtum anziehen und Wohlstand bringen<\/p>\n","protected":false},"featured_media":7005,"comment_status":"open","ping_status":"closed","template":"","meta":[],"product_brand":[],"product_cat":[271],"product_tag":[],"class_list":{"0":"post-17471","1":"product","2":"type-product","3":"status-publish","4":"has-post-thumbnail","6":"product_cat-amulets-charms-de","8":"first","9":"instock","10":"sale","11":"purchasable","12":"product-type-variable","13":"has-default-attributes"},"_links":{"self":[{"href":"https:\/\/yihui.store\/de\/wp-json\/wp\/v2\/product\/17471","targetHints":{"allow":["GET"]}}],"collection":[{"href":"https:\/\/yihui.store\/de\/wp-json\/wp\/v2\/product"}],"about":[{"href":"https:\/\/yihui.store\/de\/wp-json\/wp\/v2\/types\/product"}],"replies":[{"embeddable":true,"href":"https:\/\/yihui.store\/de\/wp-json\/wp\/v2\/comments?post=17471"}],"version-history":[{"count":0,"href":"https:\/\/yihui.store\/de\/wp-json\/wp\/v2\/product\/17471\/revisions"}],"wp:featuredmedia":[{"embeddable":true,"href":"https:\/\/yihui.store\/de\/wp-json\/wp\/v2\/media\/7005"}],"wp:attachment":[{"href":"https:\/\/yihui.store\/de\/wp-json\/wp\/v2\/media?parent=17471"}],"wp:term":[{"taxonomy":"product_brand","embeddable":true,"href":"https:\/\/yihui.store\/de\/wp-json\/wp\/v2\/product_brand?post=17471"},{"taxonomy":"product_cat","embeddable":true,"href":"https:\/\/yihui.store\/de\/wp-json\/wp\/v2\/product_cat?post=17471"},{"taxonomy":"product_tag","embeddable":true,"href":"https:\/\/yihui.store\/de\/wp-json\/wp\/v2\/product_tag?post=17471"}],"curies":[{"name":"wp","href":"https:\/\/api.w.org\/{rel}","templated":true}]}}