{"id":12376,"date":"2025-07-29T06:28:13","date_gmt":"2025-07-29T06:28:13","guid":{"rendered":"https:\/\/yihui.store\/rueckerstattungs-und-rueckerstattungsstrategie\/"},"modified":"2025-08-14T02:01:12","modified_gmt":"2025-08-14T02:01:12","slug":"rueckerstattungs-und-rueckerstattungsstrategie","status":"publish","type":"page","link":"https:\/\/yihui.store\/de\/rueckerstattungs-und-rueckerstattungsstrategie\/","title":{"rendered":"R\u00fcckerstattungs- und R\u00fcckerstattungsstrategie"},"content":{"rendered":"\t\t<div data-elementor-type=\"wp-page\" data-elementor-id=\"12376\" class=\"elementor elementor-12376 elementor-7558\">\n\t\t\t\t<div class=\"wd-negative-gap elementor-element elementor-element-00ad8bc e-flex e-con-boxed e-con e-parent\" data-id=\"00ad8bc\" data-element_type=\"container\" data-e-type=\"container\">\n\t\t\t\t\t<div class=\"e-con-inner\">\n\t\t\t\t<div class=\"elementor-element elementor-element-dbb11a3 elementor-widget elementor-widget-wd_text_block\" data-id=\"dbb11a3\" data-element_type=\"widget\" data-e-type=\"widget\" data-widget_type=\"wd_text_block.default\">\n\t\t\t\t<div class=\"elementor-widget-container\">\n\t\t\t\t\t\t\t<div class=\"wd-text-block reset-last-child text-left\">\n\t\t\t\n\t\t\t<h3>\u00dcbersicht<\/h3>\nUnsere R\u00fcckerstattungs- und R\u00fcckerstattungspolitik dauert 30 Tage. Wenn 30 Tage seit Ihrem Kauf vergangen sind, k\u00f6nnen wir Ihnen keine vollst\u00e4ndige R\u00fcckerstattung oder Umtausch anbieten. \n\nUm eine R\u00fccksendung zu erhalten, muss Ihr Artikel unbenutzt sein und in dem gleichen Zustand sein, in dem Sie es erhalten haben, sowie in der Originalverpackung. \n<h2>Erstattungen<\/h2>\nSobald Ihre R\u00fccksendung erhalten und gepr\u00fcft wurde, senden wir Ihnen eine E-Mail, um Sie dar\u00fcber in Kenntnis zu setzen, dass wir Ihren zur\u00fcckgegebenen Artikel erhalten haben. Wir werden Sie auch \u00fcber die Genehmigung oder Ablehnung Ihrer R\u00fcckerstattung informieren. \n\nWenn Sie genehmigt werden, wird Ihre R\u00fcckerstattung verarbeitet und eine Gutschrift wird automatisch auf Ihre Kreditkarte oder die urspr\u00fcngliche Zahlungsmethode innerhalb einer bestimmten Anzahl von Tagen angewendet.\n\n<b>Versp\u00e4tete oder fehlende R\u00fcckerstattungen<\/b>\n\nWenn Sie noch keine R\u00fcckerstattung erhalten haben, \u00fcberpr\u00fcfen Sie zuerst Ihr Bankkonto erneut.\n\nDann wenden Sie sich an Ihr Kreditkartenunternehmen, es kann einige Zeit dauern, bevor Ihre R\u00fcckerstattung offiziell ver\u00f6ffentlicht wird.\n\nKontaktieren Sie Ihre Bank. Es gibt oft eine gewisse Bearbeitungszeit, bevor eine R\u00fcckerstattung ver\u00f6ffentlicht wird. \n\nWenn Sie all dies getan haben und Ihre R\u00fcckerstattung noch nicht erhalten haben, kontaktieren Sie uns bitte per E-Mail.\n\n<b>Verkaufsartikel<\/b>\n\nNur Artikel zu regelm\u00e4\u00dfigen Preisen k\u00f6nnen erstattet werden. Verkaufsartikel k\u00f6nnen nicht erstattet werden. \n<h2>Austausch<\/h2>\nWir ersetzen nur Artikel, wenn sie defekt oder besch\u00e4digt sind. Wenn Sie es f\u00fcr den gleichen Artikel austauschen m\u00fcssen, senden Sie uns eine E-Mail. \n<h2>Geschenke<\/h2>\nWenn der Artikel beim Kauf als Geschenk gekennzeichnet und direkt an Sie geschickt wurde, erhalten Sie einen Geschenkguthaben f\u00fcr den Wert Ihrer R\u00fccksendung. Sobald der zur\u00fcckgegebene Artikel eingegangen ist, wird Ihnen ein Geschenkgutschein geschickt. \n\nWenn der Artikel beim Kauf nicht als Geschenk gekennzeichnet wurde oder der Geschenkgeber die Bestellung an sich selbst versendet hat, um Ihnen sp\u00e4ter zu geben, senden wir eine R\u00fcckerstattung an den Geschenkgeber und er wird \u00fcber Ihre R\u00fccksendung erfahren.\n<h2>Versand R\u00fccksendungen<\/h2>\nUm Ihr Produkt zur\u00fcckzugeben, sollten Sie Ihr Produkt an unsere Gesch\u00e4ftsadresse schicken\n\nSie sind f\u00fcr die Zahlung Ihrer eigenen Versandkosten f\u00fcr die R\u00fccksendung Ihres Artikels verantwortlich. Versandkosten sind nicht erstattbar. Wenn Sie eine R\u00fcckerstattung erhalten, werden die Kosten f\u00fcr den R\u00fcckversand von Ihrer R\u00fcckerstattung abgezogen.  \n\nJe nachdem, wo Sie wohnen, kann die Zeit, die es dauern kann, bis Ihr ausgetauschte Produkt Sie erreicht.\n\nWenn Sie teurere Artikel zur\u00fccksenden, k\u00f6nnen Sie einen verfolgbaren Versanddienst oder den Kauf einer Versandversicherung in Betracht ziehen. Wir garantieren nicht, dass wir Ihren zur\u00fcckgegebenen Artikel erhalten. \n<h2>Brauchen Sie Hilfe?<\/h2>\nKontaktieren Sie uns per E-Mail f\u00fcr Fragen zu R\u00fcckerstattungen und R\u00fccksendungen.\n\t\t\t\t\t<\/div>\n\t\t\t\t\t\t<\/div>\n\t\t\t\t<\/div>\n\t\t\t\t\t<\/div>\n\t\t\t\t<\/div>\n\t\t\t\t<\/div>\n\t\t","protected":false},"excerpt":{"rendered":"<p>\u00dcbersicht Unsere R\u00fcckerstattungs- und R\u00fcckerstattungspolitik dauert 30 Tage. Wenn 30 Tage seit Ihrem Kauf vergangen sind, k\u00f6nnen wir Ihnen keine<\/p>\n","protected":false},"author":1,"featured_media":0,"parent":0,"menu_order":0,"comment_status":"closed","ping_status":"closed","template":"elementor_header_footer","meta":{"footnotes":""},"class_list":["post-12376","page","type-page","status-publish","hentry"],"_links":{"self":[{"href":"https:\/\/yihui.store\/de\/wp-json\/wp\/v2\/pages\/12376","targetHints":{"allow":["GET"]}}],"collection":[{"href":"https:\/\/yihui.store\/de\/wp-json\/wp\/v2\/pages"}],"about":[{"href":"https:\/\/yihui.store\/de\/wp-json\/wp\/v2\/types\/page"}],"author":[{"embeddable":true,"href":"https:\/\/yihui.store\/de\/wp-json\/wp\/v2\/users\/1"}],"replies":[{"embeddable":true,"href":"https:\/\/yihui.store\/de\/wp-json\/wp\/v2\/comments?post=12376"}],"version-history":[{"count":1,"href":"https:\/\/yihui.store\/de\/wp-json\/wp\/v2\/pages\/12376\/revisions"}],"predecessor-version":[{"id":12377,"href":"https:\/\/yihui.store\/de\/wp-json\/wp\/v2\/pages\/12376\/revisions\/12377"}],"wp:attachment":[{"href":"https:\/\/yihui.store\/de\/wp-json\/wp\/v2\/media?parent=12376"}],"curies":[{"name":"wp","href":"https:\/\/api.w.org\/{rel}","templated":true}]}}