{"id":12360,"date":"2025-07-29T06:27:10","date_gmt":"2025-07-29T06:27:10","guid":{"rendered":"https:\/\/yihui.store\/datenschutzerklaerung\/"},"modified":"2025-08-14T01:11:20","modified_gmt":"2025-08-14T01:11:20","slug":"datenschutzerklaerung","status":"publish","type":"page","link":"https:\/\/yihui.store\/de\/datenschutzerklaerung\/","title":{"rendered":"Datenschutzerkl\u00e4rung"},"content":{"rendered":"\t\t<div data-elementor-type=\"wp-page\" data-elementor-id=\"12360\" class=\"elementor elementor-12360 elementor-7553\">\n\t\t\t\t<div class=\"wd-negative-gap elementor-element elementor-element-00ad8bc e-flex e-con-boxed e-con e-parent\" data-id=\"00ad8bc\" data-element_type=\"container\" data-e-type=\"container\">\n\t\t\t\t\t<div class=\"e-con-inner\">\n\t\t\t\t<div class=\"elementor-element elementor-element-dbb11a3 elementor-widget elementor-widget-wd_text_block\" data-id=\"dbb11a3\" data-element_type=\"widget\" data-e-type=\"widget\" data-widget_type=\"wd_text_block.default\">\n\t\t\t\t<div class=\"elementor-widget-container\">\n\t\t\t\t\t\t\t<div class=\"wd-text-block reset-last-child text-left\">\n\t\t\t\n\t\t\t<h2>Wer sind wir<\/h2>\n<style>\n        #domain-display {<br\/>\n            font-size: 18px;<br\/>\n            color: black;<br\/>\n        }<br\/>\n    <\/style>\n<div id=\"domain-display\"><\/div>\n<script>  \n        \/\/ \u83b7\u53d6\u5f53\u524d\u9875\u9762\u7684\u57df\u540d  \n        var domain = window.location.hostname;  \n          \n        \/\/ \u83b7\u53d6\u8981\u663e\u793a\u57df\u540d\u7684HTML\u5143\u7d20  \n        var domainDisplayElement = document.getElementById('domain-display');  \n          \n        \/\/ \u5c06\u57df\u540d\u63d2\u5165\u5230HTML\u5143\u7d20\u4e2d  \n        domainDisplayElement.textContent = 'Recommended text: Our website address is:' + domain;  \n    <\/script>\n<h2>Kommentar<\/h2>\nEmpfohlener Text: Wenn ein Besucher einen Kommentar hinterl\u00e4sst, sammeln wir die auf dem Kommentarformular angezeigten Daten sowie die IP-Adresse des Besuchers und die User-Agent-Zeichenfolge des Browsers, um Spam-Kommentare zu \u00fcberpr\u00fcfen. Die anonymisierte Zeichenfolge (auch bekannt als Hash), die aus Ihrer E-Mail-Adresse generiert wird, kann dem Gravatar-Dienst zur Best\u00e4tigung bereitgestellt werden, ob Sie den Dienst nutzen. Die Datenschutzrichtlinie der Gravatar-Dienste ist wie folgtDatenschutzrichtlinie\nNachdem Ihr Kommentar genehmigt wurde, wird Ihr Profilbild neben Ihrem Kommentar \u00f6ffentlich angezeigt  \n<h2>Medien<\/h2>\nEmpfohlener Text: Wenn Sie Bilder auf diese Website hochladen, sollten Sie vermeiden, Bilder mit eingebetteten geografischen Standortinformationen (EXIF GPS) hochzuladen. Besucher dieser Website k\u00f6nnen Standortinformationen aus den Bildern dieser Website herunterladen und extrahieren \n<h2>Cookies<\/h2>\nEmpfohlener Text: Wenn Sie einen Kommentar auf unserer Website hinterlassen, k\u00f6nnen Sie Cookies verwenden, um Ihren Namen, Ihre E-Mail-Adresse und Ihre Website-Adresse zu speichern. Dies ist praktisch, indem Sie den relevanten Inhalt beim Kommentieren nicht erneut ausf\u00fcllen m\u00fcssen. Diese Cookies werden f\u00fcr ein Jahr aufbewahrt Wenn Sie unsere Login-Seite besuchen, setzen wir ein tempor\u00e4res Cookie ein, um zu best\u00e4tigen, ob Ihr Browser Cookies akzeptiert. Dieses Cookie enth\u00e4lt keine personenbezogenen Daten und wird beim Schlie\u00dfen des Browsers verwerfen Wenn Sie sich anmelden, setzen wir auch mehrere Cookies, um Ihre Anmeldeinformationen und die Anzeigeoptionen auf dem Bildschirm zu speichern. Die Login-Cookies werden zwei Tage lang aufbewahrt, w\u00e4hrend die Option-Cookies zur Bildschirmausgabe ein Jahr lang aufbewahrt werden. Wenn Sie \u201eMir erinnern\u201c w\u00e4hlen, wird Ihr Login-Status f\u00fcr zwei Wochen beibehalten. Wenn Sie sich aus Ihrem Konto ausloggen, werden die zum Einloggen verwendeten Cookies entfernt Wenn Sie einen Artikel bearbeiten oder ver\u00f6ffentlichen, speichern wir ein zus\u00e4tzliches Cookie in Ihrem Browser. Dieses Cookie enth\u00e4lt keine personenbezogenen Daten und zeichnet nur die ID des gerade bearbeiteten Artikels auf. Dieses Cookie wird f\u00fcr einen Tag aufbewahrt        \n<h2>Eingebettete Inhalte von anderen Websites<\/h2>\nEmpfohlener Text: Artikel auf dieser Website k\u00f6nnen eingebettete Inhalte (wie Videos, Bilder, Artikel usw.) enthalten. Das Verhalten von eingebetteten Inhalten von anderen Websites unterscheidet sich nicht vom direkten Zugriff auf diese anderen Websites Diese Websites k\u00f6nnen Daten \u00fcber Sie sammeln, Cookies verwenden, zus\u00e4tzliche Trackingprogramme von Drittanbietern einbetten und Ihre Interaktion mit eingebetteten Inhalten \u00fcberwachen, einschlie\u00dflich der Verfolgung Ihrer Interaktion mit eingebetteten Inhalten, wenn Sie Konten auf diesen Websites haben und sich bei ihnen anmelden \n<h2>Mit wem teilen wir Ihre Informationen<\/h2>\nEmpfohlener Text: Wenn Sie eine Passwortzur\u00fccksetzung anfordern, wird Ihre IP-Adresse in der Passwortzur\u00fccksetzungs-E-Mail enthalten\n<h2>Wie lange speichern wir Ihre Daten<\/h2>\nEmpfohlener Text: Wenn Sie einen Kommentar hinterlassen, werden der Kommentar und seine Metadaten auf unbestimmte Zeit gespeichert. Wir tun dies, damit wir alle nachfolgenden Kommentare identifizieren und automatisch genehmigen k\u00f6nnen, ohne sie in die ausstehende Bewertungsschlange hinzuzuf\u00fcgen. F\u00fcr registrierte Nutzer dieser Website speichern wir auch die personenbezogenen Daten, die der Nutzer in seinem pers\u00f6nlichen Profil bereitstellt. Alle Benutzer k\u00f6nnen ihre pers\u00f6nlichen Informationen jederzeit anzeigen, bearbeiten oder l\u00f6schen (mit Ausnahme der Unf\u00e4higkeit, ihren Benutzernamen zu \u00e4ndern), und Websiteadministratoren k\u00f6nnen diese Informationen auch anzeigen und bearbeiten.  \n<h2>Welche Rechte haben Sie auf Ihre Informationen<\/h2>\n<strong class=\"privacy policy tutorial\">Empfohlener Text:<\/strong>Wenn Sie ein Konto f\u00fcr diese Website haben oder zuvor einen Kommentar hinterlassen haben, k\u00f6nnen Sie uns bitten, eine Exportdatei Ihrer personenbezogenen Daten bereitzustellen, die wir haben, einschlie\u00dflich aller Daten, die Sie uns zur Verf\u00fcgung stellen. Dies schlie\u00dft keine Daten ein, die wir aufgrund von Verwaltungs-, regulatorischen oder Sicherheitsbedingungen aufbewahren m\u00fcssen.  \n<h2>Wohin werden Ihre Daten gesendet<\/h2>\nEmpfohlener Text: Besucherkommentare k\u00f6nnen durch den automatischen Spam-Kommentar\u00fcberwachungsdienst \u00fcberpr\u00fcft werden\n\t\t\t\t\t<\/div>\n\t\t\t\t\t\t<\/div>\n\t\t\t\t<\/div>\n\t\t\t\t\t<\/div>\n\t\t\t\t<\/div>\n\t\t\t\t<\/div>\n\t\t","protected":false},"excerpt":{"rendered":"<p>Wer sind wir Kommentar Empfohlener Text: Wenn ein Besucher einen Kommentar hinterl\u00e4sst, sammeln wir die auf dem Kommentarformular angezeigten Daten<\/p>\n","protected":false},"author":1,"featured_media":0,"parent":0,"menu_order":0,"comment_status":"closed","ping_status":"closed","template":"elementor_header_footer","meta":{"footnotes":""},"class_list":["post-12360","page","type-page","status-publish","hentry"],"_links":{"self":[{"href":"https:\/\/yihui.store\/de\/wp-json\/wp\/v2\/pages\/12360","targetHints":{"allow":["GET"]}}],"collection":[{"href":"https:\/\/yihui.store\/de\/wp-json\/wp\/v2\/pages"}],"about":[{"href":"https:\/\/yihui.store\/de\/wp-json\/wp\/v2\/types\/page"}],"author":[{"embeddable":true,"href":"https:\/\/yihui.store\/de\/wp-json\/wp\/v2\/users\/1"}],"replies":[{"embeddable":true,"href":"https:\/\/yihui.store\/de\/wp-json\/wp\/v2\/comments?post=12360"}],"version-history":[{"count":1,"href":"https:\/\/yihui.store\/de\/wp-json\/wp\/v2\/pages\/12360\/revisions"}],"predecessor-version":[{"id":12361,"href":"https:\/\/yihui.store\/de\/wp-json\/wp\/v2\/pages\/12360\/revisions\/12361"}],"wp:attachment":[{"href":"https:\/\/yihui.store\/de\/wp-json\/wp\/v2\/media?parent=12360"}],"curies":[{"name":"wp","href":"https:\/\/api.w.org\/{rel}","templated":true}]}}