{"id":12230,"date":"2025-07-29T06:24:42","date_gmt":"2025-07-29T06:24:42","guid":{"rendered":"https:\/\/yihui.store\/methode-de-paiement\/"},"modified":"2025-08-13T08:03:41","modified_gmt":"2025-08-13T08:03:41","slug":"methode-de-paiement","status":"publish","type":"page","link":"https:\/\/yihui.store\/de\/methode-de-paiement\/","title":{"rendered":"Zahlungsmethode"},"content":{"rendered":"\t\t<div data-elementor-type=\"wp-page\" data-elementor-id=\"12230\" class=\"elementor elementor-12230 elementor-7548\">\n\t\t\t\t<div class=\"wd-negative-gap elementor-element elementor-element-00ad8bc e-flex e-con-boxed e-con e-parent\" data-id=\"00ad8bc\" data-element_type=\"container\" data-e-type=\"container\">\n\t\t\t\t\t<div class=\"e-con-inner\">\n\t\t\t\t<div class=\"elementor-element elementor-element-dbb11a3 elementor-widget elementor-widget-wd_text_block\" data-id=\"dbb11a3\" data-element_type=\"widget\" data-e-type=\"widget\" data-widget_type=\"wd_text_block.default\">\n\t\t\t\t<div class=\"elementor-widget-container\">\n\t\t\t\t\t\t\t<div class=\"wd-text-block reset-last-child text-left\">\n\t\t\t\n\t\t\t<h2><\/h2>\n<h2>1. Zahlungsmethode<\/h2>\nWir bieten Benutzern mehrere sichere und bequeme Zahlungsmethoden, um den Bed\u00fcrfnissen verschiedener Benutzer gerecht zu werden. Sie k\u00f6nnen eine oder mehrere der folgenden Zahlungsmethoden w\u00e4hlen: Online-Zahlung: Unterst\u00fctzung von Kreditkarten, Debitkarten und Zahlungsplattformen Dritter (Paypal, Stripe) f\u00fcr die Online-Zahlung. Auf der Abrechnungsseite m\u00fcssen Sie nur die entsprechende Zahlungsmethode ausw\u00e4hlen und den Anweisungen folgen, um den Zahlungsvorgang abzuschlie\u00dfen. Bank\u00fcberweisung: Wenn Sie eine Bank\u00fcberweisung vorziehen, geben wir Ihnen auf der Abrechnungsseite detaillierte Bankkontoinformationen zur Verf\u00fcgung. Bitte f\u00fcllen Sie die Empf\u00e4ngerinformationen w\u00e4hrend der \u00dcbertragung genau aus und bewahren Sie den \u00dcbertragungsgutschein f\u00fcr einfache Referenz. Andere Zahlungsmethoden: Wir k\u00f6nnen von Zeit zu Zeit andere Zahlungsmethoden einf\u00fchren, wie virtuelle W\u00e4hrung, Geschenkkarten usw. Bitte lesen Sie die Abrechnungsseite f\u00fcr die spezifischen Zahlungsmethoden, die verwendet werden k\u00f6nnen.      \n<h2>2. Zahlungssicherheit<\/h2>\nWir legen gro\u00dfen Wert auf die Zahlungssicherheit unserer Nutzer und haben verschiedene Sicherheitsma\u00dfnahmen ergriffen, um die Sicherheit Ihrer Gelder zu gew\u00e4hrleisten: Zahlungspasswort: Bei Zahlungsmethoden, die die Eingabe eines Passworts erfordern, verwenden wir Verschl\u00fcsselungstechnologie, um Ihre Passwortinformationen zu sch\u00fctzen und sicherzustellen, dass sie w\u00e4hrend der \u00dcbertragung und Speicherung nicht durchleckt werden. Identifizierung und Verh\u00fctung von Risiken: Wir f\u00fchren eine Risikobewertung f\u00fcr jede Transaktion durch und bei vermuteten betr\u00fcgerischen oder abnormalen Transaktionen f\u00fchren wir eine manuelle \u00dcberpr\u00fcfung durch oder ergreifen andere erforderliche Ma\u00dfnahmen. Reputationsgarantie von kooperativen Institutionen: Wir arbeiten mit mehreren bekannten Zahlungsinstituten zusammen, um die Stabilit\u00e4t und Zuverl\u00e4ssigkeit der Zahlungsdienstleistungen zu gew\u00e4hrleisten.  \n<h2>3\u3001Zahlungsbest\u00e4tigung und R\u00fcckerstattung<\/h2>\nZahlungsbest\u00e4tigung: Nach erfolgreicher Zahlung erhalten Sie eine Benachrichtigung \u00fcber eine erfolgreiche Zahlung. In der Zwischenzeit k\u00f6nnen Sie den Zahlungsstatus auf der Bestellseite dieser Website \u00fcberpr\u00fcfen. R\u00fcckerstattungsrichtlinie: Wenn der Service aus Gr\u00fcnden auf dieser Website nicht wie vereinbart erbracht wird, erstatten wir eine R\u00fcckerstattung basierend auf Ihrer Zahlungsmethode. Bitte lesen Sie die R\u00fcckerstattungsrichtlinie auf dieser Website f\u00fcr den spezifischen R\u00fcckerstattungsprozess und die Zeit.   \n<h2>4. Vorsichtsma\u00dfnahmen<\/h2>\nBitte stellen Sie bei der Durchf\u00fchrung von Zahlungsvorg\u00e4ngen sicher, dass das von Ihnen verwendete Zahlungskonto \u00fcber ausreichende Mittel verf\u00fcgt, um Zahlungsfehler zu vermeiden. Bitte bewahren Sie sensible Informationen wie Zahlungspassw\u00f6rter und Verifikationscodes sicher und geben Sie sie nicht an andere weiter. Wenn Sie auf Zahlungsprobleme sto\u00dfen, wenden Sie sich bitte rechtzeitig an unser Kundendienstpersonal, und wir werden das Problem gerne f\u00fcr Sie l\u00f6sen. Bitte lesen und verstehen Sie diese Zahlungsmethode sorgf\u00e4ltig, um einen reibungslosen Zahlungsprozess zu gew\u00e4hrleisten. Wenn Sie Fragen oder Anregungen haben, wenden Sie sich bitte jederzeit an uns. Vielen Dank f\u00fcr Ihre Unterst\u00fctzung und Ihr Vertrauen!     \n\t\t\t\t\t<\/div>\n\t\t\t\t\t\t<\/div>\n\t\t\t\t<\/div>\n\t\t\t\t\t<\/div>\n\t\t\t\t<\/div>\n\t\t\t\t<\/div>\n\t\t","protected":false},"excerpt":{"rendered":"<p>1. Zahlungsmethode Wir bieten Benutzern mehrere sichere und bequeme Zahlungsmethoden, um den Bed\u00fcrfnissen verschiedener Benutzer gerecht zu werden. Sie k\u00f6nnen<\/p>\n","protected":false},"author":1,"featured_media":0,"parent":0,"menu_order":0,"comment_status":"closed","ping_status":"closed","template":"elementor_header_footer","meta":{"footnotes":""},"class_list":["post-12230","page","type-page","status-publish","hentry"],"_links":{"self":[{"href":"https:\/\/yihui.store\/de\/wp-json\/wp\/v2\/pages\/12230","targetHints":{"allow":["GET"]}}],"collection":[{"href":"https:\/\/yihui.store\/de\/wp-json\/wp\/v2\/pages"}],"about":[{"href":"https:\/\/yihui.store\/de\/wp-json\/wp\/v2\/types\/page"}],"author":[{"embeddable":true,"href":"https:\/\/yihui.store\/de\/wp-json\/wp\/v2\/users\/1"}],"replies":[{"embeddable":true,"href":"https:\/\/yihui.store\/de\/wp-json\/wp\/v2\/comments?post=12230"}],"version-history":[{"count":3,"href":"https:\/\/yihui.store\/de\/wp-json\/wp\/v2\/pages\/12230\/revisions"}],"predecessor-version":[{"id":12237,"href":"https:\/\/yihui.store\/de\/wp-json\/wp\/v2\/pages\/12230\/revisions\/12237"}],"wp:attachment":[{"href":"https:\/\/yihui.store\/de\/wp-json\/wp\/v2\/media?parent=12230"}],"curies":[{"name":"wp","href":"https:\/\/api.w.org\/{rel}","templated":true}]}}