{"id":12117,"date":"2025-07-29T06:29:31","date_gmt":"2025-07-29T06:29:31","guid":{"rendered":"https:\/\/yihui.store\/dienstleistungsbedingungen\/"},"modified":"2025-08-13T03:07:59","modified_gmt":"2025-08-13T03:07:59","slug":"dienstleistungsbedingungen","status":"publish","type":"page","link":"https:\/\/yihui.store\/de\/dienstleistungsbedingungen\/","title":{"rendered":"Dienstleistungsbedingungen"},"content":{"rendered":"\t\t<div data-elementor-type=\"wp-page\" data-elementor-id=\"12117\" class=\"elementor elementor-12117 elementor-7563\">\n\t\t\t\t<div class=\"wd-negative-gap elementor-element elementor-element-00ad8bc e-flex e-con-boxed e-con e-parent\" data-id=\"00ad8bc\" data-element_type=\"container\" data-e-type=\"container\">\n\t\t\t\t\t<div class=\"e-con-inner\">\n\t\t\t\t<div class=\"elementor-element elementor-element-dbb11a3 elementor-widget elementor-widget-wd_text_block\" data-id=\"dbb11a3\" data-element_type=\"widget\" data-e-type=\"widget\" data-widget_type=\"wd_text_block.default\">\n\t\t\t\t<div class=\"elementor-widget-container\">\n\t\t\t\t\t\t\t<div class=\"wd-text-block reset-last-child text-left\">\n\t\t\t\n\t\t\t<h2>Dienstleistungsbedingungen<\/h2>\n<h2>1. \u00dcbersicht<\/h2>\nWillkommen, um die Dienstleistungen zu besuchen und zu nutzen, die von [<span id=\"domain-display\"><\/span><script>  \n    var domain = window.location.hostname;  \n    var domainDisplayElement = document.getElementById('domain-display');  \n    domainDisplayElement.textContent = domain;  <\/script>]. Bitte lesen Sie diese Nutzungsbedingungen sorgf\u00e4ltig durch, bevor Sie fortfahren. Durch die Nutzung dieser Website und der damit verbundenen Dienstleistungen erkennen Sie alle Bedingungen dieser Nutzungsbedingungen an und akzeptieren sie. Wenn Sie diesen Bedingungen nicht zustimmen, nutzen Sie bitte nicht die auf dieser Website angebotenen Dienste.\n<h2>2. Benutzerqualifikation<\/h2>\nDie auf dieser Website angebotenen Dienstleistungen stehen nur Erwachsenen mit juristischer Qualifikation zur Verf\u00fcgung. Nutzer unter 18 Jahren m\u00fcssen die Dienste auf dieser Website in Begleitung ihrer Vormunden nutzen. Dar\u00fcber hinaus m\u00fcssen Sie sicherstellen, dass Sie die Gesetze und Vorschriften Ihres Landes oder Ihrer Region einhalten, wenn Sie die Dienste auf dieser Website nutzen.  \n<h2>3. Dienstinhalt<\/h2>\nverpflichtet, den Nutzern spezifische Dienstinhalte bereitzustellen. Wir k\u00f6nnen den Dienstinhalt jederzeit ohne vorherige Ank\u00fcndigung an die Nutzer aktualisieren oder \u00e4ndern. Bitte beachten Sie die neuesten Informationen auf dieser Website.  \n<h2>4. Benutzerverhaltenskodex<\/h2>\nBei der Nutzung der Dienste auf dieser Website sollten Sie sich an den folgenden Verhaltenskodex halten: Alle geltenden Gesetze und Vorschriften einhalten; Ver\u00f6ffentlichen, verbreiten oder teilen Sie keine illegalen, obsz\u00f6nen, beleidigenden, diffamierenden, b\u00f6swilligen Angriffe oder andere sch\u00e4dliche Informationen; Nicht das geistige Eigentum, die Privatsph\u00e4re oder andere berechtigte Rechte und Interessen anderer verletzen; Nicht in irgendeiner Form von Betrug, b\u00f6swilligem Wettbewerb oder sonstigem Verhalten beteiligen, das den Interessen dieser Website oder anderer Benutzer schadet; Nutzen Sie die Dienste dieser Website nicht f\u00fcr illegale Aktivit\u00e4ten.\n<h2>5. Intellektuelles Eigentum<\/h2>\nAlle Inhalte dieser Website (einschlie\u00dflich, aber nicht beschr\u00e4nkt auf Texte, Bilder, Audio, Video usw.) sind durch Gesetze und Vorschriften \u00fcber geistiges Eigentum gesch\u00fctzt. Ohne Erlaubnis darf niemand die Rechte des geistigen Eigentums dieser Website kopieren, reproduzieren, nutzen oder anderweitig verletzen. \n<h2>6. Haftungsausschluss<\/h2>\nDiese Website ist nicht verantwortlich f\u00fcr Dienstunterbrechungen oder Datenverluste, die durch h\u00f6here Gewalt wie Netzwerkausf\u00e4lle, Systemwartung, Virenangriffe usw. verursacht werden; Diese Website garantiert nicht die Genauigkeit, Vollst\u00e4ndigkeit oder Aktualit\u00e4t der von den Nutzern ver\u00f6ffentlichten Informationen, und die Nutzer sind f\u00fcr alle Risiken verantwortlich, die sich aus ihrem Vertrauen auf diese Informationen ergeben; Wir haften nicht f\u00fcr Verluste, die Nutzern w\u00e4hrend der Nutzung unserer Website entstehen.\n<h2>7. Datenschutzerkl\u00e4rung<\/h2>\nWir respektieren und sch\u00fctzen die Datenschutzrechte der Nutzer. Bitte lesen Sie die Datenschutzrichtlinie dieser Website, um zu verstehen, wie wir Ihre personenbezogenen Daten sammeln, verwenden und sch\u00fctzen. \n<h2>8\u3001\u00c4nderung und Beendigung des Dienstes<\/h2>\nDiese Website hat das Recht, Dienste jederzeit ohne vorherige Ank\u00fcndigung an die Nutzer zu \u00e4ndern oder zu beenden; Wenn Sie gegen diese Nutzungsbedingungen versto\u00dfen, hat diese Website das Recht, Ihren Dienst sofort zu beenden und Ihre relevanten Informationen zu l\u00f6schen.\n<h2>9\u3001Rechtsanwendung und Streitbeilegung<\/h2>\nDie Auslegung, Erf\u00fcllung und Streitbeilegung dieser Nutzungsbedingungen unterliegen den Gesetzen und Vorschriften der Volksrepublik China. Streitigkeiten, die sich aus der Nutzung der Dienste dieser Website ergeben, werden durch freundliche Beratung zwischen beiden Parteien gel\u00f6st. Wenn die Verhandlungen scheitern, hat eine Partei das Recht, eine Klage beim zust\u00e4ndigen Volksgericht einzureichen. \n<h2>10. Andere<\/h2>\nDiese Nutzungsbedingungen treten ab dem Datum der Ver\u00f6ffentlichung in Kraft und alle \u00c4nderungen werden auf dieser Website bekannt gegeben; Die endg\u00fcltigen Auslegungsrechte dieser Nutzungsbedingungen geh\u00f6ren . Bitte lesen und verstehen Sie diese Nutzungsbedingungen sorgf\u00e4ltig, um sicherzustellen, dass Ihre Rechte gesch\u00fctzt sind. Wenn Sie Fragen oder Anregungen w\u00e4hrend der Nutzung unserer Website haben, wenden Sie sich bitte jederzeit an uns. Vielen Dank f\u00fcr Ihre Unterst\u00fctzung und Ihr Vertrauen!   \n\t\t\t\t\t<\/div>\n\t\t\t\t\t\t<\/div>\n\t\t\t\t<\/div>\n\t\t\t\t\t<\/div>\n\t\t\t\t<\/div>\n\t\t\t\t<\/div>\n\t\t","protected":false},"excerpt":{"rendered":"<p>Dienstleistungsbedingungen 1. \u00dcbersicht Willkommen, um die Dienstleistungen zu besuchen und zu nutzen, die von []. Bitte lesen Sie diese Nutzungsbedingungen<\/p>\n","protected":false},"author":1,"featured_media":0,"parent":0,"menu_order":0,"comment_status":"closed","ping_status":"closed","template":"elementor_header_footer","meta":{"footnotes":""},"class_list":["post-12117","page","type-page","status-publish","hentry"],"_links":{"self":[{"href":"https:\/\/yihui.store\/de\/wp-json\/wp\/v2\/pages\/12117","targetHints":{"allow":["GET"]}}],"collection":[{"href":"https:\/\/yihui.store\/de\/wp-json\/wp\/v2\/pages"}],"about":[{"href":"https:\/\/yihui.store\/de\/wp-json\/wp\/v2\/types\/page"}],"author":[{"embeddable":true,"href":"https:\/\/yihui.store\/de\/wp-json\/wp\/v2\/users\/1"}],"replies":[{"embeddable":true,"href":"https:\/\/yihui.store\/de\/wp-json\/wp\/v2\/comments?post=12117"}],"version-history":[{"count":1,"href":"https:\/\/yihui.store\/de\/wp-json\/wp\/v2\/pages\/12117\/revisions"}],"predecessor-version":[{"id":12118,"href":"https:\/\/yihui.store\/de\/wp-json\/wp\/v2\/pages\/12117\/revisions\/12118"}],"wp:attachment":[{"href":"https:\/\/yihui.store\/de\/wp-json\/wp\/v2\/media?parent=12117"}],"curies":[{"name":"wp","href":"https:\/\/api.w.org\/{rel}","templated":true}]}}